{"id":4218,"date":"2020-04-11T14:57:35","date_gmt":"2020-04-11T14:57:35","guid":{"rendered":"https:\/\/apartamentoslasacaciaslanzarote.com\/las-lilas\/"},"modified":"2022-05-09T19:40:15","modified_gmt":"2022-05-09T19:40:15","slug":"las-lilas","status":"publish","type":"page","link":"https:\/\/apartamentoslasacaciaslanzarote.com\/it\/","title":{"rendered":"LAS ACACIAS"},"content":{"rendered":"\n<div class=\"wp-container-28 wp-block-group alignwide estilo-fondo\"><div class=\"wp-block-group__inner-container\">\n<div class=\"wp-container-7 wp-block-columns\">\n<div class=\"wp-container-1 wp-block-column\" style=\"flex-basis:15%\"><\/div>\n\n\n\n<div class=\"wp-container-5 wp-block-column\" style=\"flex-basis:70%\">\n<h2 class=\"has-text-align-center\"><strong>Appartamenti spaziosi e confortevoli <\/strong>con una camera da letto, camere a due letti e alcune unit\u00e0 con letti matrimoniali.<\/h2>\n\n\n\n<hr class=\"wp-block-separator separador-titulo\"\/>\n\n\n\n<p class=\"has-text-align-center\">&nbsp;Las Acacias \u00e8 un bellissimo e accogliente complesso di appartamenti situato nel centro di Puerto del Carmen, sull&#8217;isola di Lanzarote. Tutti gli appartamenti sono composti da 1 camera con letto matrimoniale o 2 singoli, e possono essere occupati da 2 o 3 persone, il soggiorno \u00e8 preparato per 1 terza persona. Nel centro del complesso c&#8217;\u00e8 una bella piscina.<\/p>\n\n\n\n<div style=\"height:40px\" aria-hidden=\"true\" class=\"wp-block-spacer\"><\/div>\n\n\n\n<div class=\"wp-container-4 wp-block-columns\">\n<div class=\"wp-container-2 wp-block-column\">\n<p class=\"has-text-align-left\">Abbiamo 26 appartamenti con 1 camera da letto disposti intorno a una zona per rilassarsi e rinfrescarsi in piscina.<\/p>\n\n\n\n<ul><li>Completamente arredato.<\/li><li>Da 2 a 3 persone.<\/li><li>Terrazza.<\/li><li>TV a schermo piatto.<\/li><li>Wi-Fi gratuito.<\/li><li>Pulizia inclusa.<\/li><li>Vicinanza alla spiaggia.<\/li><li>Area relax.<\/li><li>Piscina.<\/li><li>Ambiente tranquillo.<\/li><li>Supermercato a 50m.<\/li><\/ul>\n<\/div>\n\n\n\n<div class=\"wp-container-3 wp-block-column\" style=\"flex-basis:40%\">\n<h3 class=\"titulo-formulario-reservar-pagina has-base-3-color has-text-color has-medium-font-size\">PRENOTA ORA<\/h3>\n\n\n\n<div class=\"bloque-reservar-pagina\">\n<iframe loading=\"lazy\" src=\"https:\/\/app.thebookingbutton.com\/properties\/aptosacaciasdirect\/booking_widget\" width=\"220\" height=\"230\" frameborder=\"0\" scrolling=\"no\"><\/iframe>\n<\/div>\n\n\n\n<p><\/p>\n<\/div>\n<\/div>\n<\/div>\n\n\n\n<div class=\"wp-container-6 wp-block-column\" style=\"flex-basis:15%\"><\/div>\n<\/div>\n\n\n\n<div class=\"wp-block-image\"><figure class=\"aligncenter size-full is-resized\"><img loading=\"lazy\" src=\"https:\/\/apartamentoslasacaciaslanzarote.com\/wp-content\/uploads\/2022\/04\/iconos-home-1.png\" alt=\"\" class=\"wp-image-3197\" width=\"576\" height=\"52\" srcset=\"https:\/\/apartamentoslasacaciaslanzarote.com\/wp-content\/uploads\/2022\/04\/iconos-home-1.png 768w, https:\/\/apartamentoslasacaciaslanzarote.com\/wp-content\/uploads\/2022\/04\/iconos-home-1-300x27.png 300w\" sizes=\"(max-width: 576px) 100vw, 576px\" \/><\/figure><\/div>\n\n\n\n<div style=\"height:40px\" aria-hidden=\"true\" class=\"wp-block-spacer\"><\/div>\n\n\n\n<div class=\"wp-container-9 wp-block-columns alignwide are-vertically-aligned-center\">\n<div class=\"wp-container-8 wp-block-column is-vertically-aligned-center\">\n<div class=\"wp-block-cover aligncenter is-light\"><span aria-hidden=\"true\" class=\"wp-block-cover__gradient-background has-background-dim\"><\/span><img loading=\"lazy\" width=\"1500\" height=\"1000\" class=\"wp-block-cover__image-background wp-image-3162\" alt=\"\" src=\"https:\/\/apartamentoslasacaciaslanzarote.com\/wp-content\/uploads\/2022\/03\/las-acacias-apartamentos-lanzarote-3.jpg\" style=\"object-position:51% 70%\" data-object-fit=\"cover\" data-object-position=\"51% 70%\" srcset=\"https:\/\/apartamentoslasacaciaslanzarote.com\/wp-content\/uploads\/2022\/03\/las-acacias-apartamentos-lanzarote-3.jpg 1500w, https:\/\/apartamentoslasacaciaslanzarote.com\/wp-content\/uploads\/2022\/03\/las-acacias-apartamentos-lanzarote-3-300x200.jpg 300w, https:\/\/apartamentoslasacaciaslanzarote.com\/wp-content\/uploads\/2022\/03\/las-acacias-apartamentos-lanzarote-3-1024x683.jpg 1024w, https:\/\/apartamentoslasacaciaslanzarote.com\/wp-content\/uploads\/2022\/03\/las-acacias-apartamentos-lanzarote-3-768x512.jpg 768w\" sizes=\"(max-width: 1500px) 100vw, 1500px\" \/><div class=\"wp-block-cover__inner-container\">\n<p class=\"has-text-align-center has-very-light-gray-color has-text-color has-large-font-size\">Appartamenti<\/p>\n\n\n\n<div style=\"height:20px\" aria-hidden=\"true\" class=\"wp-block-spacer\"><\/div>\n\n\n\n<div class=\"wp-block-button aligncenter is-style-fill\"><a class=\"wp-block-button__link\" href=\"https:\/\/apartamentoslasacaciaslanzarote.com\/it\/libro\/\">Voglio prenotare<\/a><\/div>\n<\/div><\/div>\n<\/div>\n<\/div>\n\n\n\n<figure class=\"wp-container-11 wp-block-gallery-10 wp-block-gallery has-nested-images columns-5 is-cropped\">\n<figure class=\"wp-block-image size-large\"><a href=\"https:\/\/apartamentoslasacaciaslanzarote.com\/wp-content\/uploads\/2022\/03\/las-acacias-apartamentos-lanzarote-5-1024x683.jpg\"><img loading=\"lazy\" width=\"1024\" height=\"683\" src=\"https:\/\/apartamentoslasacaciaslanzarote.com\/wp-content\/uploads\/2022\/03\/las-acacias-apartamentos-lanzarote-5-1024x683.jpg\" alt=\"\" class=\"wp-image-3164\" srcset=\"https:\/\/apartamentoslasacaciaslanzarote.com\/wp-content\/uploads\/2022\/03\/las-acacias-apartamentos-lanzarote-5-1024x683.jpg 1024w, https:\/\/apartamentoslasacaciaslanzarote.com\/wp-content\/uploads\/2022\/03\/las-acacias-apartamentos-lanzarote-5-300x200.jpg 300w, https:\/\/apartamentoslasacaciaslanzarote.com\/wp-content\/uploads\/2022\/03\/las-acacias-apartamentos-lanzarote-5-768x512.jpg 768w, https:\/\/apartamentoslasacaciaslanzarote.com\/wp-content\/uploads\/2022\/03\/las-acacias-apartamentos-lanzarote-5-1536x1024.jpg 1536w, https:\/\/apartamentoslasacaciaslanzarote.com\/wp-content\/uploads\/2022\/03\/las-acacias-apartamentos-lanzarote-5.jpg 1680w\" sizes=\"(max-width: 1024px) 100vw, 1024px\" \/><\/a><\/figure>\n\n\n\n<figure class=\"wp-block-image size-large\"><a href=\"https:\/\/apartamentoslasacaciaslanzarote.com\/wp-content\/uploads\/2022\/03\/las-acacias-apartamentos-lanzarote-8.jpg\"><img loading=\"lazy\" width=\"1000\" height=\"668\" src=\"https:\/\/apartamentoslasacaciaslanzarote.com\/wp-content\/uploads\/2022\/03\/las-acacias-apartamentos-lanzarote-8.jpg\" alt=\"\" class=\"wp-image-3165\" srcset=\"https:\/\/apartamentoslasacaciaslanzarote.com\/wp-content\/uploads\/2022\/03\/las-acacias-apartamentos-lanzarote-8.jpg 1000w, https:\/\/apartamentoslasacaciaslanzarote.com\/wp-content\/uploads\/2022\/03\/las-acacias-apartamentos-lanzarote-8-300x200.jpg 300w, https:\/\/apartamentoslasacaciaslanzarote.com\/wp-content\/uploads\/2022\/03\/las-acacias-apartamentos-lanzarote-8-768x513.jpg 768w\" sizes=\"(max-width: 1000px) 100vw, 1000px\" \/><\/a><\/figure>\n\n\n\n<figure class=\"wp-block-image size-large\"><a href=\"https:\/\/apartamentoslasacaciaslanzarote.com\/wp-content\/uploads\/2022\/03\/las-acacias-apartamentos-lanzarote-2-1024x684.jpg\"><img loading=\"lazy\" width=\"1024\" height=\"684\" src=\"https:\/\/apartamentoslasacaciaslanzarote.com\/wp-content\/uploads\/2022\/03\/las-acacias-apartamentos-lanzarote-2-1024x684.jpg\" alt=\"\" class=\"wp-image-3161\" srcset=\"https:\/\/apartamentoslasacaciaslanzarote.com\/wp-content\/uploads\/2022\/03\/las-acacias-apartamentos-lanzarote-2-1024x684.jpg 1024w, https:\/\/apartamentoslasacaciaslanzarote.com\/wp-content\/uploads\/2022\/03\/las-acacias-apartamentos-lanzarote-2-300x200.jpg 300w, https:\/\/apartamentoslasacaciaslanzarote.com\/wp-content\/uploads\/2022\/03\/las-acacias-apartamentos-lanzarote-2-768x513.jpg 768w, https:\/\/apartamentoslasacaciaslanzarote.com\/wp-content\/uploads\/2022\/03\/las-acacias-apartamentos-lanzarote-2-1536x1026.jpg 1536w, https:\/\/apartamentoslasacaciaslanzarote.com\/wp-content\/uploads\/2022\/03\/las-acacias-apartamentos-lanzarote-2.jpg 1900w\" sizes=\"(max-width: 1024px) 100vw, 1024px\" \/><\/a><\/figure>\n\n\n\n<figure class=\"wp-block-image size-large\"><a href=\"https:\/\/apartamentoslasacaciaslanzarote.com\/wp-content\/uploads\/2022\/03\/las-acacias-apartamentos-lanzarote-1-1024x684.jpg\"><img loading=\"lazy\" width=\"1024\" height=\"684\" src=\"https:\/\/apartamentoslasacaciaslanzarote.com\/wp-content\/uploads\/2022\/03\/las-acacias-apartamentos-lanzarote-1-1024x684.jpg\" alt=\"\" class=\"wp-image-3160\" srcset=\"https:\/\/apartamentoslasacaciaslanzarote.com\/wp-content\/uploads\/2022\/03\/las-acacias-apartamentos-lanzarote-1-1024x684.jpg 1024w, https:\/\/apartamentoslasacaciaslanzarote.com\/wp-content\/uploads\/2022\/03\/las-acacias-apartamentos-lanzarote-1-300x200.jpg 300w, https:\/\/apartamentoslasacaciaslanzarote.com\/wp-content\/uploads\/2022\/03\/las-acacias-apartamentos-lanzarote-1-768x513.jpg 768w, https:\/\/apartamentoslasacaciaslanzarote.com\/wp-content\/uploads\/2022\/03\/las-acacias-apartamentos-lanzarote-1-1536x1026.jpg 1536w, https:\/\/apartamentoslasacaciaslanzarote.com\/wp-content\/uploads\/2022\/03\/las-acacias-apartamentos-lanzarote-1.jpg 1900w\" sizes=\"(max-width: 1024px) 100vw, 1024px\" \/><\/a><\/figure>\n\n\n\n<figure class=\"wp-block-image size-large\"><a href=\"https:\/\/apartamentoslasacaciaslanzarote.com\/wp-content\/uploads\/2022\/03\/las-acacias-apartamentos-lanzarote-4-1024x683.jpg\"><img loading=\"lazy\" width=\"1024\" height=\"683\" src=\"https:\/\/apartamentoslasacaciaslanzarote.com\/wp-content\/uploads\/2022\/03\/las-acacias-apartamentos-lanzarote-4-1024x683.jpg\" alt=\"\" class=\"wp-image-3163\" srcset=\"https:\/\/apartamentoslasacaciaslanzarote.com\/wp-content\/uploads\/2022\/03\/las-acacias-apartamentos-lanzarote-4-1024x683.jpg 1024w, https:\/\/apartamentoslasacaciaslanzarote.com\/wp-content\/uploads\/2022\/03\/las-acacias-apartamentos-lanzarote-4-300x200.jpg 300w, https:\/\/apartamentoslasacaciaslanzarote.com\/wp-content\/uploads\/2022\/03\/las-acacias-apartamentos-lanzarote-4-768x512.jpg 768w, https:\/\/apartamentoslasacaciaslanzarote.com\/wp-content\/uploads\/2022\/03\/las-acacias-apartamentos-lanzarote-4.jpg 1500w\" sizes=\"(max-width: 1024px) 100vw, 1024px\" \/><\/a><\/figure>\n<\/figure>\n\n\n\n<div style=\"height:50px\" aria-hidden=\"true\" class=\"wp-block-spacer\"><\/div>\n\n\n\n<div class=\"wp-container-15 wp-block-columns\">\n<div class=\"wp-container-12 wp-block-column\" style=\"flex-basis:15%\"><\/div>\n\n\n\n<div class=\"wp-container-13 wp-block-column\" style=\"flex-basis:70%\">\n<h2 class=\"has-text-align-center has-very-dark-gray-color has-text-color\">26 Appartamenti per 2 o 3 persone ad un prezzo molto conveniente<\/h2>\n\n\n\n<hr class=\"wp-block-separator separador-titulo\"\/>\n\n\n\n<p class=\"has-text-align-center has-very-dark-gray-color has-text-color\"><strong>Las Acacias riunisce in un unico luogo,<\/strong> un prezzo accessibile, tranquillit\u00e0, relax e una posizione privilegiata a Puerto del Carmen vicino al viale principale, circondato da tutti i tipi di divertimenti.<\/p>\n<\/div>\n\n\n\n<div class=\"wp-container-14 wp-block-column\" style=\"flex-basis:15%\"><\/div>\n<\/div>\n\n\n\n<div class=\"wp-container-19 wp-block-columns\">\n<div class=\"wp-container-16 wp-block-column\">\n<div class=\"wp-block-image\"><figure class=\"aligncenter size-full is-resized\"><img loading=\"lazy\" src=\"https:\/\/apartamentoslasacaciaslanzarote.com\/wp-content\/uploads\/2022\/03\/playa.png\" alt=\"\" class=\"wp-image-3168\" width=\"80\" height=\"80\" srcset=\"https:\/\/apartamentoslasacaciaslanzarote.com\/wp-content\/uploads\/2022\/03\/playa.png 512w, https:\/\/apartamentoslasacaciaslanzarote.com\/wp-content\/uploads\/2022\/03\/playa-300x300.png 300w, https:\/\/apartamentoslasacaciaslanzarote.com\/wp-content\/uploads\/2022\/03\/playa-150x150.png 150w\" sizes=\"(max-width: 80px) 100vw, 80px\" \/><\/figure><\/div>\n\n\n\n<h4 class=\"has-text-align-center has-text-color\" style=\"color:#149629\">Molto vicino al mare<\/h4>\n\n\n\n<hr class=\"wp-block-separator has-text-color has-background is-style-default separador-titulo\" style=\"background-color:#149629;color:#149629\"\/>\n\n\n\n<p class=\"has-text-align-center has-very-dark-gray-color has-text-color\">A soli 200 metri dal mare, cos\u00ec come l&#8217;accesso a una delle migliori spiagge di Puerto del Carmen.<\/p>\n<\/div>\n\n\n\n<div class=\"wp-container-17 wp-block-column\">\n<div class=\"wp-block-image\"><figure class=\"aligncenter size-full is-resized\"><img loading=\"lazy\" src=\"https:\/\/apartamentoslasacaciaslanzarote.com\/wp-content\/uploads\/2022\/03\/pareja.png\" alt=\"\" class=\"wp-image-3166\" width=\"80\" height=\"80\" srcset=\"https:\/\/apartamentoslasacaciaslanzarote.com\/wp-content\/uploads\/2022\/03\/pareja.png 512w, https:\/\/apartamentoslasacaciaslanzarote.com\/wp-content\/uploads\/2022\/03\/pareja-300x300.png 300w, https:\/\/apartamentoslasacaciaslanzarote.com\/wp-content\/uploads\/2022\/03\/pareja-150x150.png 150w\" sizes=\"(max-width: 80px) 100vw, 80px\" \/><\/figure><\/div>\n\n\n\n<h4 class=\"has-text-align-center has-text-color\" style=\"color:#149629\">2 a 3 persone<\/h4>\n\n\n\n<hr class=\"wp-block-separator has-text-color has-background is-style-default separador-titulo\" style=\"background-color:#149629;color:#149629\"\/>\n\n\n\n<p class=\"has-text-align-center has-very-dark-gray-color has-text-color\">I nostri appartamenti hanno 1 camera matrimoniale e un divano letto nel soggiorno, che pu\u00f2 essere occupato da 2 o 3 persone.<\/p>\n<\/div>\n\n\n\n<div class=\"wp-container-18 wp-block-column\">\n<div class=\"wp-block-image\"><figure class=\"aligncenter size-full is-resized\"><img loading=\"lazy\" src=\"https:\/\/apartamentoslasacaciaslanzarote.com\/wp-content\/uploads\/2022\/03\/tumbona.png\" alt=\"\" class=\"wp-image-3171\" width=\"80\" height=\"80\" srcset=\"https:\/\/apartamentoslasacaciaslanzarote.com\/wp-content\/uploads\/2022\/03\/tumbona.png 512w, https:\/\/apartamentoslasacaciaslanzarote.com\/wp-content\/uploads\/2022\/03\/tumbona-300x300.png 300w, https:\/\/apartamentoslasacaciaslanzarote.com\/wp-content\/uploads\/2022\/03\/tumbona-150x150.png 150w\" sizes=\"(max-width: 80px) 100vw, 80px\" \/><\/figure><\/div>\n\n\n\n<h4 class=\"has-text-align-center has-text-color\" style=\"color:#149629\">Piscina per il relax<\/h4>\n\n\n\n<hr class=\"wp-block-separator has-text-color has-background is-style-default separador-titulo\" style=\"background-color:#149629;color:#149629\"\/>\n\n\n\n<p class=\"has-text-align-center has-very-dark-gray-color has-text-color\">Il centro dei nostri appartamenti \u00e8 la piscina, dove si pu\u00f2 godere la pace e la tranquillit\u00e0.<\/p>\n<\/div>\n<\/div>\n\n\n\n<div style=\"height:20px\" aria-hidden=\"true\" class=\"wp-block-spacer\"><\/div>\n\n\n\n<div class=\"wp-block-button aligncenter is-style-fill\"><a class=\"wp-block-button__link\" href=\"https:\/\/apartamentoslasacaciaslanzarote.com\/it\/libro\/\">Voglio prenotare<\/a><\/div>\n\n\n\n<div style=\"height:70px\" aria-hidden=\"true\" class=\"wp-block-spacer\"><\/div>\n\n\n\n<div class=\"wp-container-23 wp-block-group alignwide has-background\" style=\"background-color:#eeeeee\"><div class=\"wp-block-group__inner-container\">\n<div class=\"wp-container-22 wp-block-columns alignwide\">\n<div class=\"wp-container-20 wp-block-column reservar-coche\">\n<div style=\"height:50px\" aria-hidden=\"true\" class=\"wp-block-spacer\"><\/div>\n\n\n\n<h3 class=\"has-black-color has-text-color\"><strong>Prenota la tua auto ORA<\/strong><\/h3>\n\n\n\n<p class=\"has-black-color has-text-color\">Prenota la tua auto ora e assicurati di averla quando vuoi, quando arrivi all&#8217;aeroporto o se preferisci la consegna nel nostro complesso. Esplora ogni angolo di Lanzarote.<\/p>\n\n\n\n<p><a href=\"https:\/\/apartamentoslasacaciaslanzarote.com\/it\/noleggio-auto\/\">PRENOTA UN&#8217;AUTO<\/a><\/p>\n\n\n\n<div style=\"height:40px\" aria-hidden=\"true\" class=\"wp-block-spacer\"><\/div>\n\n\n\n<h3 class=\"has-black-color has-text-color\">Puoi anche <strong>prenotare escursioni<\/strong> a Lanzarote<\/h3>\n\n\n\n<p class=\"has-black-color has-text-color\">Abbiamo anche una vasta selezione di escursioni e attivit\u00e0 che renderanno la vacanza indimenticabile.<\/p>\n\n\n\n<p><a href=\"https:\/\/apartamentoslasacaciaslanzarote.tourtivity.travel\/search?bookingType=activity&amp;pick.code=AMTSES2232&amp;pick.type=hotel&amp;lang=it-IT&amp;utm_source=hotel&amp;utm_medium=website&amp;utm_campaign=homepage\" rel=\"nofollow noopener\" target=\"_blank\">VEDI ESCURSIONI<\/a><\/p>\n<\/div>\n\n\n\n<div class=\"wp-container-21 wp-block-column\">\n<figure class=\"wp-block-image size-full\"><img loading=\"lazy\" width=\"500\" height=\"373\" src=\"https:\/\/apartamentoslasacaciaslanzarote.com\/wp-content\/uploads\/2022\/04\/coche-alquiler-1.png\" alt=\"\" class=\"wp-image-3191\" srcset=\"https:\/\/apartamentoslasacaciaslanzarote.com\/wp-content\/uploads\/2022\/04\/coche-alquiler-1.png 500w, https:\/\/apartamentoslasacaciaslanzarote.com\/wp-content\/uploads\/2022\/04\/coche-alquiler-1-300x224.png 300w\" sizes=\"(max-width: 500px) 100vw, 500px\" \/><\/figure>\n\n\n\n<p><\/p>\n<\/div>\n<\/div>\n<\/div><\/div>\n\n\n\n<div style=\"height:70px\" aria-hidden=\"true\" class=\"wp-block-spacer\"><\/div>\n\n\n\n<div class=\"wp-container-27 wp-block-columns\">\n<div class=\"wp-container-24 wp-block-column\" style=\"flex-basis:25%\"><\/div>\n\n\n\n<div class=\"wp-container-25 wp-block-column\" style=\"flex-basis:50%\">\n<h3 class=\"has-text-align-center has-very-dark-gray-color has-text-color\"><strong>Cosa dicono i nostri clienti<\/strong><\/h3>\n<\/div>\n\n\n\n<div class=\"wp-container-26 wp-block-column\" style=\"flex-basis:25%\"><\/div>\n<\/div>\n\n\n\n<script src=\"https:\/\/apps.elfsight.com\/p\/platform.js\" defer=\"\"><\/script>\n<div class=\"elfsight-app-42300cf6-cacb-4be2-b73f-cf55fe98504d\"><\/div>\n<\/div><\/div>\n","protected":false},"excerpt":{"rendered":"<p>Appartamenti spaziosi e confortevoli con una camera da letto, camere a due letti e alcune unit\u00e0 con letti matrimoniali. &nbsp;Las Acacias \u00e8 un bellissimo e accogliente complesso di appartamenti situato &#8230; <\/p>\n<p class=\"read-more-container\"><a title=\"LAS ACACIAS\" class=\"read-more button\" href=\"https:\/\/apartamentoslasacaciaslanzarote.com\/it\/#more-4218\" aria-label=\"More on LAS ACACIAS\">Reservar<\/a><\/p>\n","protected":false},"author":1,"featured_media":0,"parent":0,"menu_order":0,"comment_status":"closed","ping_status":"closed","template":"","meta":[],"_links":{"self":[{"href":"https:\/\/apartamentoslasacaciaslanzarote.com\/it\/wp-json\/wp\/v2\/pages\/4218"}],"collection":[{"href":"https:\/\/apartamentoslasacaciaslanzarote.com\/it\/wp-json\/wp\/v2\/pages"}],"about":[{"href":"https:\/\/apartamentoslasacaciaslanzarote.com\/it\/wp-json\/wp\/v2\/types\/page"}],"author":[{"embeddable":true,"href":"https:\/\/apartamentoslasacaciaslanzarote.com\/it\/wp-json\/wp\/v2\/users\/1"}],"replies":[{"embeddable":true,"href":"https:\/\/apartamentoslasacaciaslanzarote.com\/it\/wp-json\/wp\/v2\/comments?post=4218"}],"version-history":[{"count":2,"href":"https:\/\/apartamentoslasacaciaslanzarote.com\/it\/wp-json\/wp\/v2\/pages\/4218\/revisions"}],"predecessor-version":[{"id":4394,"href":"https:\/\/apartamentoslasacaciaslanzarote.com\/it\/wp-json\/wp\/v2\/pages\/4218\/revisions\/4394"}],"wp:attachment":[{"href":"https:\/\/apartamentoslasacaciaslanzarote.com\/it\/wp-json\/wp\/v2\/media?parent=4218"}],"curies":[{"name":"wp","href":"https:\/\/api.w.org\/{rel}","templated":true}]}}