{"id":4228,"date":"2020-04-15T14:45:27","date_gmt":"2020-04-15T14:45:27","guid":{"rendered":"https:\/\/apartamentoslasacaciaslanzarote.com\/reservar\/"},"modified":"2022-05-09T15:31:57","modified_gmt":"2022-05-09T15:31:57","slug":"livre","status":"publish","type":"page","link":"https:\/\/apartamentoslasacaciaslanzarote.com\/fr\/livre\/","title":{"rendered":"LIVRE"},"content":{"rendered":"\n<div class=\"wp-container-14 wp-block-group alignwide home-icono estilo-fondo\"><div class=\"wp-block-group__inner-container\">\n<div class=\"wp-container-7 wp-block-columns\">\n<div class=\"wp-container-1 wp-block-column\" style=\"flex-basis:15%\"><\/div>\n\n\n\n<div class=\"wp-container-5 wp-block-column\" style=\"flex-basis:70%\">\n<h2 class=\"has-text-align-center\">Appartements Las Acacias pour 2 ou 3 personnes. R\u00e9servez le v\u00f4tre.<\/h2>\n\n\n\n<hr class=\"wp-block-separator separador-titulo\"\/>\n\n\n\n\n\n<div class=\"wp-container-4 wp-block-columns\">\n<div class=\"wp-container-2 wp-block-column\">\n<p class=\"has-text-align-left\">Nous avons <strong>26 appartements d&rsquo;une chambre<\/strong> \u00e0 coucher dispos\u00e9s autour d&rsquo;un espace pour se d\u00e9tendre et se rafra\u00eechir dans la piscine.<\/p>\n\n\n\n<ul><li>Enti\u00e8rement meubl\u00e9.<\/li><li>De 2 \u00e0 3 personnes.<\/li><li>Terrasse.<\/li><li>T\u00e9l\u00e9vision \u00e0 \u00e9cran plat.<\/li><li>Wi-Fi gratuit.<\/li><li>Nettoyage inclus.<\/li><li>Proximit\u00e9 de la plage.<\/li><li>Espace de d\u00e9tente.<\/li><li>Piscine.<\/li><li>Environnement calme.<\/li><li>Supermarch\u00e9 \u00e0 50m.<\/li><\/ul>\n<\/div>\n\n\n\n<div class=\"wp-container-3 wp-block-column\" style=\"flex-basis:40%\">\n<h2 class=\"titulo-formulario-reservar-pagina has-base-3-color has-text-color has-medium-font-size\">R\u00c9SERVEZ MAINTENANT<\/h2>\n\n\n\n<div class=\"bloque-reservar-pagina\">\n<iframe loading=\"lazy\" src=\"https:\/\/app.thebookingbutton.com\/properties\/aptosacaciasdirect\/booking_widget\" width=\"220\" height=\"230\" frameborder=\"0\" scrolling=\"no\"><\/iframe>\n<\/div>\n<\/div>\n<\/div>\n\n\n\n<div class=\"wp-block-image\"><figure class=\"aligncenter size-full is-resized\"><img loading=\"lazy\" src=\"https:\/\/apartamentoslasacaciaslanzarote.com\/wp-content\/uploads\/2022\/04\/iconos-home.png\" alt=\"\" class=\"wp-image-3196\" width=\"576\" height=\"52\" srcset=\"https:\/\/apartamentoslasacaciaslanzarote.com\/wp-content\/uploads\/2022\/04\/iconos-home.png 768w, https:\/\/apartamentoslasacaciaslanzarote.com\/wp-content\/uploads\/2022\/04\/iconos-home-300x27.png 300w\" sizes=\"(max-width: 576px) 100vw, 576px\" \/><\/figure><\/div>\n<\/div>\n\n\n\n<div class=\"wp-container-6 wp-block-column\" style=\"flex-basis:15%\"><\/div>\n<\/div>\n\n\n\n<div style=\"height:40px\" aria-hidden=\"true\" class=\"wp-block-spacer\"><\/div>\n\n\n\n<figure class=\"wp-container-9 wp-block-gallery-8 wp-block-gallery has-nested-images columns-5 is-cropped\">\n<figure class=\"wp-block-image size-large\"><a href=\"https:\/\/apartamentoslasacaciaslanzarote.com\/wp-content\/uploads\/2022\/03\/las-acacias-apartamentos-lanzarote-1.jpg\"><img loading=\"lazy\" width=\"1024\" height=\"684\" src=\"https:\/\/apartamentoslasacaciaslanzarote.com\/wp-content\/uploads\/2022\/03\/las-acacias-apartamentos-lanzarote-1-1024x684.jpg\" alt=\"\" class=\"wp-image-3160\" srcset=\"https:\/\/apartamentoslasacaciaslanzarote.com\/wp-content\/uploads\/2022\/03\/las-acacias-apartamentos-lanzarote-1-1024x684.jpg 1024w, https:\/\/apartamentoslasacaciaslanzarote.com\/wp-content\/uploads\/2022\/03\/las-acacias-apartamentos-lanzarote-1-300x200.jpg 300w, https:\/\/apartamentoslasacaciaslanzarote.com\/wp-content\/uploads\/2022\/03\/las-acacias-apartamentos-lanzarote-1-768x513.jpg 768w, https:\/\/apartamentoslasacaciaslanzarote.com\/wp-content\/uploads\/2022\/03\/las-acacias-apartamentos-lanzarote-1-1536x1026.jpg 1536w, https:\/\/apartamentoslasacaciaslanzarote.com\/wp-content\/uploads\/2022\/03\/las-acacias-apartamentos-lanzarote-1.jpg 1900w\" sizes=\"(max-width: 1024px) 100vw, 1024px\" \/><\/a><\/figure>\n\n\n\n<figure class=\"wp-block-image size-large\"><a href=\"https:\/\/apartamentoslasacaciaslanzarote.com\/wp-content\/uploads\/2022\/03\/las-acacias-apartamentos-lanzarote-2.jpg\"><img loading=\"lazy\" width=\"1024\" height=\"684\" src=\"https:\/\/apartamentoslasacaciaslanzarote.com\/wp-content\/uploads\/2022\/03\/las-acacias-apartamentos-lanzarote-2-1024x684.jpg\" alt=\"\" class=\"wp-image-3161\" srcset=\"https:\/\/apartamentoslasacaciaslanzarote.com\/wp-content\/uploads\/2022\/03\/las-acacias-apartamentos-lanzarote-2-1024x684.jpg 1024w, https:\/\/apartamentoslasacaciaslanzarote.com\/wp-content\/uploads\/2022\/03\/las-acacias-apartamentos-lanzarote-2-300x200.jpg 300w, https:\/\/apartamentoslasacaciaslanzarote.com\/wp-content\/uploads\/2022\/03\/las-acacias-apartamentos-lanzarote-2-768x513.jpg 768w, https:\/\/apartamentoslasacaciaslanzarote.com\/wp-content\/uploads\/2022\/03\/las-acacias-apartamentos-lanzarote-2-1536x1026.jpg 1536w, https:\/\/apartamentoslasacaciaslanzarote.com\/wp-content\/uploads\/2022\/03\/las-acacias-apartamentos-lanzarote-2.jpg 1900w\" sizes=\"(max-width: 1024px) 100vw, 1024px\" \/><\/a><\/figure>\n\n\n\n<figure class=\"wp-block-image size-large\"><a href=\"https:\/\/apartamentoslasacaciaslanzarote.com\/wp-content\/uploads\/2022\/03\/las-acacias-apartamentos-lanzarote-4.jpg\"><img loading=\"lazy\" width=\"1024\" height=\"683\" src=\"https:\/\/apartamentoslasacaciaslanzarote.com\/wp-content\/uploads\/2022\/03\/las-acacias-apartamentos-lanzarote-4-1024x683.jpg\" alt=\"\" class=\"wp-image-3163\" srcset=\"https:\/\/apartamentoslasacaciaslanzarote.com\/wp-content\/uploads\/2022\/03\/las-acacias-apartamentos-lanzarote-4-1024x683.jpg 1024w, https:\/\/apartamentoslasacaciaslanzarote.com\/wp-content\/uploads\/2022\/03\/las-acacias-apartamentos-lanzarote-4-300x200.jpg 300w, https:\/\/apartamentoslasacaciaslanzarote.com\/wp-content\/uploads\/2022\/03\/las-acacias-apartamentos-lanzarote-4-768x512.jpg 768w, https:\/\/apartamentoslasacaciaslanzarote.com\/wp-content\/uploads\/2022\/03\/las-acacias-apartamentos-lanzarote-4.jpg 1500w\" sizes=\"(max-width: 1024px) 100vw, 1024px\" \/><\/a><\/figure>\n\n\n\n<figure class=\"wp-block-image size-large\"><a href=\"https:\/\/apartamentoslasacaciaslanzarote.com\/wp-content\/uploads\/2022\/03\/las-acacias-apartamentos-lanzarote-3.jpg\"><img loading=\"lazy\" width=\"1024\" height=\"683\" src=\"https:\/\/apartamentoslasacaciaslanzarote.com\/wp-content\/uploads\/2022\/03\/las-acacias-apartamentos-lanzarote-3-1024x683.jpg\" alt=\"\" class=\"wp-image-3162\" srcset=\"https:\/\/apartamentoslasacaciaslanzarote.com\/wp-content\/uploads\/2022\/03\/las-acacias-apartamentos-lanzarote-3-1024x683.jpg 1024w, https:\/\/apartamentoslasacaciaslanzarote.com\/wp-content\/uploads\/2022\/03\/las-acacias-apartamentos-lanzarote-3-300x200.jpg 300w, https:\/\/apartamentoslasacaciaslanzarote.com\/wp-content\/uploads\/2022\/03\/las-acacias-apartamentos-lanzarote-3-768x512.jpg 768w, https:\/\/apartamentoslasacaciaslanzarote.com\/wp-content\/uploads\/2022\/03\/las-acacias-apartamentos-lanzarote-3.jpg 1500w\" sizes=\"(max-width: 1024px) 100vw, 1024px\" \/><\/a><\/figure>\n\n\n\n<figure class=\"wp-block-image size-large\"><a href=\"https:\/\/apartamentoslasacaciaslanzarote.com\/wp-content\/uploads\/2022\/03\/las-acacias-apartamentos-lanzarote-8.jpg\"><img loading=\"lazy\" width=\"1000\" height=\"668\" src=\"https:\/\/apartamentoslasacaciaslanzarote.com\/wp-content\/uploads\/2022\/03\/las-acacias-apartamentos-lanzarote-8.jpg\" alt=\"\" class=\"wp-image-3165\" srcset=\"https:\/\/apartamentoslasacaciaslanzarote.com\/wp-content\/uploads\/2022\/03\/las-acacias-apartamentos-lanzarote-8.jpg 1000w, https:\/\/apartamentoslasacaciaslanzarote.com\/wp-content\/uploads\/2022\/03\/las-acacias-apartamentos-lanzarote-8-300x200.jpg 300w, https:\/\/apartamentoslasacaciaslanzarote.com\/wp-content\/uploads\/2022\/03\/las-acacias-apartamentos-lanzarote-8-768x513.jpg 768w\" sizes=\"(max-width: 1000px) 100vw, 1000px\" \/><\/a><\/figure>\n<\/figure>\n\n\n\n<div style=\"height:60px\" aria-hidden=\"true\" class=\"wp-block-spacer\"><\/div>\n\n\n\n<div class=\"wp-container-13 wp-block-group alignwide has-background\" style=\"background-color:#eeeeee\"><div class=\"wp-block-group__inner-container\">\n<div class=\"wp-container-12 wp-block-columns alignwide\">\n<div class=\"wp-container-10 wp-block-column reservar-coche\">\n<div style=\"height:50px\" aria-hidden=\"true\" class=\"wp-block-spacer\"><\/div>\n\n\n\n<h3 class=\"has-black-color has-text-color\"><strong>R\u00e9servez votre voiture d\u00e8s maintenant<\/strong><\/h3>\n\n\n\n<p class=\"has-black-color has-text-color\">R\u00e9servez votre voiture d\u00e8s maintenant et assurez-vous de l&rsquo;avoir quand vous le voulez, \u00e0 votre arriv\u00e9e \u00e0 l&rsquo;a\u00e9roport ou si vous pr\u00e9f\u00e9rez la livraison \u00e0 notre complexe. Explorez tous les recoins de Lanzarote.<\/p>\n\n\n\n<p><a href=\"https:\/\/apartamentoslasacaciaslanzarote.com\/fr\/location-de-voiture\/\">R\u00c9SERVER UNE VOITURE<\/a><\/p>\n\n\n\n<div style=\"height:40px\" aria-hidden=\"true\" class=\"wp-block-spacer\"><\/div>\n\n\n\n<h3 class=\"has-black-color has-text-color\">Vous pouvez \u00e9galement <strong>r\u00e9server des excursions<\/strong> \u00e0 Lanzarote.<\/h3>\n\n\n\n<p class=\"has-black-color has-text-color\">Nous disposons \u00e9galement d&rsquo;un large choix d&rsquo;excursions et d&rsquo;activit\u00e9s qui vous permettront de passer des vacances inoubliables.<\/p>\n\n\n\n<p><a href=\"https:\/\/apartamentoslasacaciaslanzarote.tourtivity.travel\/search?bookingType=activity&amp;pick.code=AMTSES2232&amp;pick.type=hotel&amp;lang=en-GB&amp;utm_source=hotel&amp;utm_medium=website&amp;utm_campaign=homepage\" rel=\"nofollow noopener\" target=\"_blank\">VOIR EXCURSIONS<\/a><\/p>\n<\/div>\n\n\n\n<div class=\"wp-container-11 wp-block-column\">\n<figure class=\"wp-block-image size-full\"><img loading=\"lazy\" width=\"500\" height=\"373\" src=\"https:\/\/apartamentoslasacaciaslanzarote.com\/wp-content\/uploads\/2022\/04\/coche-alquiler-1.png\" alt=\"\" class=\"wp-image-3191\" srcset=\"https:\/\/apartamentoslasacaciaslanzarote.com\/wp-content\/uploads\/2022\/04\/coche-alquiler-1.png 500w, https:\/\/apartamentoslasacaciaslanzarote.com\/wp-content\/uploads\/2022\/04\/coche-alquiler-1-300x224.png 300w\" sizes=\"(max-width: 500px) 100vw, 500px\" \/><\/figure>\n\n\n\n<p><\/p>\n<\/div>\n<\/div>\n\n\n\n<p><\/p>\n<\/div><\/div>\n<\/div><\/div>\n\n\n\n<p><\/p>\n","protected":false},"excerpt":{"rendered":"<p>Appartements Las Acacias pour 2 ou 3 personnes. R\u00e9servez le v\u00f4tre. Nous avons 26 appartements d&rsquo;une chambre \u00e0 coucher dispos\u00e9s autour d&rsquo;un espace pour se d\u00e9tendre et se rafra\u00eechir dans &#8230; <\/p>\n<p class=\"read-more-container\"><a title=\"LIVRE\" class=\"read-more button\" href=\"https:\/\/apartamentoslasacaciaslanzarote.com\/fr\/livre\/#more-4228\" aria-label=\"Plus sur LIVRE\">Reservar<\/a><\/p>\n","protected":false},"author":1,"featured_media":0,"parent":0,"menu_order":0,"comment_status":"closed","ping_status":"closed","template":"","meta":[],"_links":{"self":[{"href":"https:\/\/apartamentoslasacaciaslanzarote.com\/fr\/wp-json\/wp\/v2\/pages\/4228"}],"collection":[{"href":"https:\/\/apartamentoslasacaciaslanzarote.com\/fr\/wp-json\/wp\/v2\/pages"}],"about":[{"href":"https:\/\/apartamentoslasacaciaslanzarote.com\/fr\/wp-json\/wp\/v2\/types\/page"}],"author":[{"embeddable":true,"href":"https:\/\/apartamentoslasacaciaslanzarote.com\/fr\/wp-json\/wp\/v2\/users\/1"}],"replies":[{"embeddable":true,"href":"https:\/\/apartamentoslasacaciaslanzarote.com\/fr\/wp-json\/wp\/v2\/comments?post=4228"}],"version-history":[{"count":3,"href":"https:\/\/apartamentoslasacaciaslanzarote.com\/fr\/wp-json\/wp\/v2\/pages\/4228\/revisions"}],"predecessor-version":[{"id":4360,"href":"https:\/\/apartamentoslasacaciaslanzarote.com\/fr\/wp-json\/wp\/v2\/pages\/4228\/revisions\/4360"}],"wp:attachment":[{"href":"https:\/\/apartamentoslasacaciaslanzarote.com\/fr\/wp-json\/wp\/v2\/media?parent=4228"}],"curies":[{"name":"wp","href":"https:\/\/api.w.org\/{rel}","templated":true}]}}