{"id":4224,"date":"2020-06-21T15:58:56","date_gmt":"2020-06-21T15:58:56","guid":{"rendered":"https:\/\/apartamentoslasacaciaslanzarote.com\/politica-de-privacidad\/"},"modified":"2024-08-05T11:10:45","modified_gmt":"2024-08-05T11:10:45","slug":"politica-de-privacidad","status":"publish","type":"page","link":"https:\/\/apartamentoslasacaciaslanzarote.com\/fr\/politica-de-privacidad\/","title":{"rendered":"Pol\u00edtica de Privacidad"},"content":{"rendered":"\n<div class=\"wp-container-1 wp-block-group\"><div class=\"wp-block-group__inner-container\">\n<p><strong>1. Pol\u00edtica de Privacidad<\/strong><\/p>\n\n\n\n<p>Los datos personales facilitados a trav\u00e9s de esta p\u00e1gina web ser\u00e1n tratados por LAS ACACIAS CLUB DE MAR, S.L.. titular de la misma (en adelante, EMPRESA), cuyos datos de contacto son los siguientes:<\/p>\n\n\n\n<p><strong>Domicilio (C\/ Princesa Guayarmina, n\u00ba1, T\u00edas (35510), Las Palmas, Espa\u00f1a<br>Tel\u00e9fono: (+34) 928 516 075 &#8211; E-mail: <strong>Info@lasacaciasaptslanzarote.com<\/strong><\/strong><\/p>\n\n\n\n<p>Se informa a los usuarios de esta p\u00e1gina Web de que los datos de car\u00e1cter personal que faciliten a trav\u00e9s de ella, tanto cumplimentando cualquier formulario, como a trav\u00e9s de correo electr\u00f3nico o por cualquier otro medio, ser\u00e1n tratados de conformidad con la presente Pol\u00edtica de Privacidad.<\/p>\n\n\n\n<p>Los datos facilitados ser\u00e1n tratados con las siguientes finalidades:<\/p>\n\n\n\n<p><strong>1. Remisi\u00f3n de comunicaciones comerciales por cualquier medio.&nbsp;<\/strong>A trav\u00e9s de dichas comunicaciones, se informar\u00e1 a los usuarios sobre los diferentes servicios ofrecidos por EMPRESA as\u00ed como los eventos organizados por las mismas. Los datos podr\u00e1n ser almacenados de manera indefinida para la finalidad indicada, salvo que el usuario no haya dado su consentimiento o se haya opuesto posteriormente. Para la remisi\u00f3n de comunicaciones comerciales, sus datos ser\u00e1n almacenados en la plataforma de Mailchimp. Esta empresa trata sus datos fuera del Espacio Econ\u00f3mico Europeo (EE.UU), si bien est\u00e1 adherida al acuerdo de Privacy Shield, aplicando medidas de seguridad adecuadas en el tratamiento de datos personales. Puede consultar m\u00e1s informaci\u00f3n en: https:\/\/mailchimp.com\/legal\/data-processing-addendum\/#6._International_Transfers .<\/p>\n\n\n\n<p><strong>2. Dar respuesta a las solicitudes de informaci\u00f3n planteadas por el usuario.<\/strong>&nbsp;Los datos ser\u00e1n conservados durante el tiempo necesario para dar respuesta a su solicitud o consulta y dar esta por definitivamente cerrada. Posteriormente, ser\u00e1n conservados a modo de hist\u00f3rico de comunicaciones durante un plazo de un a\u00f1o, salvo que usted solicite su supresi\u00f3n antes.<\/p>\n\n\n\n<p><strong>3. Tramitar las inscripciones a los eventos y actividades en las que quieran participar los usuarios.<\/strong>&nbsp;En este supuesto, las im\u00e1genes o videos realizados de los participantes de manera particular durante el desarrollo de los mismos podr\u00e1n publicarse, con su previo consentimiento, en la Web de la entidad, en sus redes sociales, en revistas corporativas, tablones de anuncios y cualquier otro medio de comunicaci\u00f3n an\u00e1logo titularidad de la empresa, con la finalidad de promocionar tales actividades o eventos. Los datos podr\u00e1n ser conservados mientras dure el evento o la actividad as\u00ed como la promoci\u00f3n del mismo, e incluso posteriormente, para dar respuesta a las posibles responsabilidades legales nacidas como consecuencia de las mismas. Para estas finalidades, los datos de contacto e identificativos, as\u00ed como el resto de datos que sean necesarios proporcionar a la hora de inscribirse a los eventos y actividades (incluida, en su caso, imagen) ser\u00e1n tratados sobre la base jur\u00eddica del consentimiento de la persona que los proporciona. Puede retirarse dicho consentimiento en cualquier momento, si bien ello no afectar\u00e1 a la licitud de los tratamientos efectuados con anterioridad<\/p>\n\n\n\n<p><strong>4. En caso de que nos remita su CV, los datos se tratar\u00e1n por LAS ACACIAS CLUB DE MAR, S.L.<\/strong> <\/p>\n\n\n\n<p><strong>Domicilio (C\/ Princesa Guayarmina, n\u00ba1, T\u00edas (35510), Las Palmas, Espa\u00f1a<br>Tel\u00e9fono: (+34) <strong>928 516 075 <\/strong>&#8211; E-mail: <strong>Info@lasacaciasaptslanzarote.com<\/strong> <\/strong>Por lo que sus datos podr\u00e1n ser comunicados a estas entidades para que puedan valorar a los candidatos y tramitarse correctamente los procesos de selecci\u00f3n. La empresa se dedica al sector extra hotelero. Estos datos ser\u00e1n conservados durante el desarrollo de los procesos de selecci\u00f3n y, salvo que nos indique expresamente otra cosa, a\u00fan despu\u00e9s, durante un plazo de un a\u00f1o desde la \u00faltima actualizaci\u00f3n que el interesado haga de los datos, para poder tenerlos en cuenta en procesos an\u00e1logos que se pudieran realizar en el futuro. A tal fin, el interesado debe mantener actualizados los datos personales que nos suministre; en especial, los relativos a formaci\u00f3n y experiencia profesional. La base legal para el tratamiento de estos datos es el consentimiento, que se manifiesta por el env\u00edo del CV, pudiendo revocarse en cualquier momento. No obstante, los tratamientos de datos efectuados con anterioridad no perder\u00e1n su licitud por el hecho de que el consentimiento se haya revocado. Adicionalmente, puede que se recaben m\u00e1s datos durante las entrevistas o procesos de selecci\u00f3n de personal, cuyo tratamiento se fundamenta igualmente en el consentimiento. El hecho de facilitar los datos para las finalidades indicadas es voluntario, aunque, en caso de no hacerlo, no se podr\u00e1n tratar para las finalidades indicadas.<\/p>\n\n\n\n<p><strong>5. Gestionar las reservas solicitadas por los usuarios:&nbsp;<\/strong>En este supuesto, los datos ser\u00e1n tratados sobre la base de la relaci\u00f3n contractual mantenida entre las partes. La entrega de los datos para esta finalidad es obligatoria, no pudi\u00e9ndose tramitar las reservas y prestar los servicios correspondientes en caso contrario. Si el cliente tuviese alguna alergia o problema de salud y nos facilitase informaci\u00f3n al respecto, trataremos la misma sobre la base de su consentimiento, el cual se manifiesta por la entrega de sus datos, con la finalidad de prestarle los servicios correspondientes en funci\u00f3n a sus necesidades. Este consentimiento podr\u00e1 revocarse en cualquier momento, no afectando a la licitud de los datos facilitados con anterioridad. No es obligatorio que el cliente facilite sus datos de salud, si bien ello podr\u00eda implicar que los servicios que le prestemos no se adapten a sus necesidades.<br>Los datos podr\u00e1n ser cedidos a las Administraciones P\u00fablicas en los casos previstos por la Ley y a las entidades financieras, para el cobro de nuestros servicios, as\u00ed como a las empresas con las que haya contratado actividades o servicios extras (excursiones, etc.), en su caso. Por otra parte, sus datos podr\u00e1n ser cedidos a las Fuerzas y Cuerpos de Seguridad del Estado para el cumplimiento de la normativa de Seguridad Ciudadana.<br>El usuario acepta el tratamiento y la inclusi\u00f3n de los datos recabados durante la navegaci\u00f3n por el Portal, o proporcionados mediante la cumplimentaci\u00f3n de cualquier formulario conforme a lo indicado anteriormente.<br>Si se facilitan a trav\u00e9s de esta web datos de terceros, quien lo haga asume la responsabilidad de haber obtenido previamente el consentimiento, inform\u00e1ndoles de todo lo previsto en el art\u00edculo 14 del Reglamento General de Protecci\u00f3n de Datos (www.aepd.es).<br>En caso de que se haga amigo o seguidor nuestro en redes sociales, trataremos sus datos para mantenerle informado de nuestras actividades y promociones a trav\u00e9s de dichos canales. Estos datos ser\u00e1n tratados sobre la base jur\u00eddica de su consentimiento y ser\u00e1n conservados mientras usted permanezca como amigo o seguidor nuestro, pudiendo revocar su consentimiento en cualquier momento, si bien ello no afectar\u00e1 a la licitud de los tratamientos efectuados con anterioridad. El hecho de facilitar los datos con este fin es voluntario, aunque, en caso de no hacerlo, no podr\u00e1 ser amigo o seguidor en las redes sociales que tengamos.<br>En aquellos casos en que el registro de usuario se efect\u00faa mediante redes sociales, los datos personales que trataremos proceder\u00e1n de la red social de que se trate, a la que, previamente, el interesado habr\u00e1 facilitado dichos datos para los fines previstos en sus correspondientes pol\u00edticas de privacidad. Las categor\u00edas de datos que recabaremos desde la red social de que se trate son las que figuran en nuestro formulario de registro y que tu hayas facilitado a dicha red social. Si, para proceder al registro en nuestra web, fuesen imprescindibles m\u00e1s datos de los suministrados por la red social, deber\u00e1s cumplimentarlos adicionalmente en nuestro formulario de registro, con sujeci\u00f3n a las condiciones de privacidad previstas en esta cl\u00e1usula.<\/p>\n\n\n\n<p>En cualquier caso, no se tratan ni recaban por nosotros datos especialmente protegidos.<\/p>\n\n\n\n<p>El Usuario podr\u00e1 ejercer, respecto de los datos recabados, los derechos reconocidos en la normativa de protecci\u00f3n de datos, y en particular los derechos de acceso, rectificaci\u00f3n, cancelaci\u00f3n, oposici\u00f3n, limitaci\u00f3n y portabilidad, siempre que resultase legalmente pertinente. Estos derechos podr\u00e1n ejercerse por cada Usuario a trav\u00e9s del env\u00edo de una solicitud escrita y firmada, identific\u00e1ndose e incluyendo la petici\u00f3n en la que se concreta su solicitud, al domicilio indicado al comienzo de la presente Pol\u00edtica de Privacidad.&nbsp;Frente a cualquier hecho que considerase una violaci\u00f3n de sus derechos, puede presentar una reclamaci\u00f3n ante la Agencia Espa\u00f1ola de Protecci\u00f3n de Datos (www.aepd.es).<\/p>\n\n\n\n<p>EMPRESA se compromete en la utilizaci\u00f3n de los datos personales facilitados conforme a las finalidades indicadas en esta Pol\u00edtica de Privacidad, respetando su confidencialidad, as\u00ed como a dar cumplimiento a su obligaci\u00f3n de guardarlos y adaptar todas las medidas para evitar la alteraci\u00f3n, p\u00e9rdida, tratamiento o acceso no autorizado, conforme a la normativa de protecci\u00f3n de datos vigente.<\/p>\n\n\n\n<p>El usuario es responsable de que la informaci\u00f3n que proporcione a trav\u00e9s de esta Web sea cierta. A estos efectos, responde de la veracidad de todos los datos que comunique y mantendr\u00e1 convenientemente actualizada la informaci\u00f3n facilitada, de tal forma que responda a su situaci\u00f3n real. El usuario ser\u00e1 responsable de las informaciones falsas o inexactas que proporcione y de los perjuicios que ello cause al titular de esta web o a terceros.<\/p>\n<\/div><\/div>\n","protected":false},"excerpt":{"rendered":"<p>1. Pol\u00edtica de Privacidad Los datos personales facilitados a trav\u00e9s de esta p\u00e1gina web ser\u00e1n tratados por LAS ACACIAS CLUB DE MAR, S.L.. titular de la misma (en adelante, EMPRESA), &#8230; <\/p>\n<p class=\"read-more-container\"><a title=\"Pol\u00edtica de Privacidad\" class=\"read-more button\" href=\"https:\/\/apartamentoslasacaciaslanzarote.com\/fr\/politica-de-privacidad\/#more-4224\" aria-label=\"Plus sur Pol\u00edtica de Privacidad\">Reservar<\/a><\/p>\n","protected":false},"author":1,"featured_media":0,"parent":0,"menu_order":0,"comment_status":"closed","ping_status":"closed","template":"","meta":[],"_links":{"self":[{"href":"https:\/\/apartamentoslasacaciaslanzarote.com\/fr\/wp-json\/wp\/v2\/pages\/4224"}],"collection":[{"href":"https:\/\/apartamentoslasacaciaslanzarote.com\/fr\/wp-json\/wp\/v2\/pages"}],"about":[{"href":"https:\/\/apartamentoslasacaciaslanzarote.com\/fr\/wp-json\/wp\/v2\/types\/page"}],"author":[{"embeddable":true,"href":"https:\/\/apartamentoslasacaciaslanzarote.com\/fr\/wp-json\/wp\/v2\/users\/1"}],"replies":[{"embeddable":true,"href":"https:\/\/apartamentoslasacaciaslanzarote.com\/fr\/wp-json\/wp\/v2\/comments?post=4224"}],"version-history":[{"count":3,"href":"https:\/\/apartamentoslasacaciaslanzarote.com\/fr\/wp-json\/wp\/v2\/pages\/4224\/revisions"}],"predecessor-version":[{"id":9793,"href":"https:\/\/apartamentoslasacaciaslanzarote.com\/fr\/wp-json\/wp\/v2\/pages\/4224\/revisions\/9793"}],"wp:attachment":[{"href":"https:\/\/apartamentoslasacaciaslanzarote.com\/fr\/wp-json\/wp\/v2\/media?parent=4224"}],"curies":[{"name":"wp","href":"https:\/\/api.w.org\/{rel}","templated":true}]}}