{"id":4220,"date":"2020-05-24T18:49:04","date_gmt":"2020-05-24T18:49:04","guid":{"rendered":"https:\/\/apartamentoslasacaciaslanzarote.com\/gracias\/"},"modified":"2022-05-09T19:43:02","modified_gmt":"2022-05-09T19:43:02","slug":"merci-beaucoup","status":"publish","type":"page","link":"https:\/\/apartamentoslasacaciaslanzarote.com\/fr\/merci-beaucoup\/","title":{"rendered":"Merci beaucoup"},"content":{"rendered":"\n<div class=\"wp-container-5 wp-block-group alignwide home-icono\"><div class=\"wp-block-group__inner-container\">\n<div class=\"wp-container-4 wp-block-columns\">\n<div class=\"wp-container-1 wp-block-column\" style=\"flex-basis:15%\"><\/div>\n\n\n\n<div class=\"wp-container-2 wp-block-column\" style=\"flex-basis:70%\">\n<div class=\"wp-block-image\"><figure class=\"aligncenter size-large is-resized\"><img loading=\"lazy\" src=\"https:\/\/apartamentoslasacaciaslanzarote.com\/wp-content\/uploads\/2020\/05\/email-enviado.png\" alt=\"\" class=\"wp-image-2190\" width=\"128\" height=\"128\" srcset=\"https:\/\/apartamentoslasacaciaslanzarote.com\/wp-content\/uploads\/2020\/05\/email-enviado.png 512w, https:\/\/apartamentoslasacaciaslanzarote.com\/wp-content\/uploads\/2020\/05\/email-enviado-300x300.png 300w, https:\/\/apartamentoslasacaciaslanzarote.com\/wp-content\/uploads\/2020\/05\/email-enviado-150x150.png 150w\" sizes=\"(max-width: 128px) 100vw, 128px\" \/><\/figure><\/div>\n\n\n\n<h2 class=\"has-text-align-center\">Votre courriel a \u00e9t\u00e9 envoy\u00e9 avec succ\u00e8s<\/h2>\n\n\n\n<p class=\"has-text-align-center\">Notre \u00e9quipe vous contactera dans les plus brefs d\u00e9lais.<\/p>\n<\/div>\n\n\n\n<div class=\"wp-container-3 wp-block-column\" style=\"flex-basis:15%\"><\/div>\n<\/div>\n\n\n\n<div style=\"height:20px\" aria-hidden=\"true\" class=\"wp-block-spacer\"><\/div>\n<\/div><\/div>\n","protected":false},"excerpt":{"rendered":"<p>Votre courriel a \u00e9t\u00e9 envoy\u00e9 avec succ\u00e8s Notre \u00e9quipe vous contactera dans les plus brefs d\u00e9lais.<\/p>\n","protected":false},"author":1,"featured_media":0,"parent":0,"menu_order":0,"comment_status":"closed","ping_status":"closed","template":"","meta":[],"_links":{"self":[{"href":"https:\/\/apartamentoslasacaciaslanzarote.com\/fr\/wp-json\/wp\/v2\/pages\/4220"}],"collection":[{"href":"https:\/\/apartamentoslasacaciaslanzarote.com\/fr\/wp-json\/wp\/v2\/pages"}],"about":[{"href":"https:\/\/apartamentoslasacaciaslanzarote.com\/fr\/wp-json\/wp\/v2\/types\/page"}],"author":[{"embeddable":true,"href":"https:\/\/apartamentoslasacaciaslanzarote.com\/fr\/wp-json\/wp\/v2\/users\/1"}],"replies":[{"embeddable":true,"href":"https:\/\/apartamentoslasacaciaslanzarote.com\/fr\/wp-json\/wp\/v2\/comments?post=4220"}],"version-history":[{"count":2,"href":"https:\/\/apartamentoslasacaciaslanzarote.com\/fr\/wp-json\/wp\/v2\/pages\/4220\/revisions"}],"predecessor-version":[{"id":4397,"href":"https:\/\/apartamentoslasacaciaslanzarote.com\/fr\/wp-json\/wp\/v2\/pages\/4220\/revisions\/4397"}],"wp:attachment":[{"href":"https:\/\/apartamentoslasacaciaslanzarote.com\/fr\/wp-json\/wp\/v2\/media?parent=4220"}],"curies":[{"name":"wp","href":"https:\/\/api.w.org\/{rel}","templated":true}]}}