{"id":4216,"date":"2020-04-11T14:57:35","date_gmt":"2020-04-11T14:57:35","guid":{"rendered":"https:\/\/apartamentoslasacaciaslanzarote.com\/las-lilas\/"},"modified":"2022-05-09T15:46:05","modified_gmt":"2022-05-09T15:46:05","slug":"las-lilas","status":"publish","type":"page","link":"https:\/\/apartamentoslasacaciaslanzarote.com\/fr\/","title":{"rendered":"LAS ACACIAS"},"content":{"rendered":"\n<div class=\"wp-container-28 wp-block-group alignwide estilo-fondo\"><div class=\"wp-block-group__inner-container\">\n<div class=\"wp-container-7 wp-block-columns\">\n<div class=\"wp-container-1 wp-block-column\" style=\"flex-basis:15%\"><\/div>\n\n\n\n<div class=\"wp-container-5 wp-block-column\" style=\"flex-basis:70%\">\n<h2 class=\"has-text-align-center\"><strong>Appartements spacieux et confortables <\/strong>d&rsquo;une chambre \u00e0 coucher, chambres \u00e0 deux lits et certaines unit\u00e9s avec des lits doubles.<\/h2>\n\n\n\n<hr class=\"wp-block-separator separador-titulo\"\/>\n\n\n\n<p class=\"has-text-align-center\">\u00a0Las Acacias est un beau et confortable complexe d&rsquo;appartements situ\u00e9 dans le centre de Puerto del Carmen, sur l&rsquo;\u00eele de Lanzarote. Tous les appartements se composent d&rsquo;une chambre \u00e0 coucher avec un lit double ou 2 lits simples, et peuvent \u00eatre occup\u00e9s par 2 ou 3 personnes, le salon est pr\u00e9par\u00e9 pour une troisi\u00e8me personne. Au centre du complexe se trouve une belle piscine.<\/p>\n\n\n\n<div style=\"height:40px\" aria-hidden=\"true\" class=\"wp-block-spacer\"><\/div>\n\n\n\n<div class=\"wp-container-4 wp-block-columns\">\n<div class=\"wp-container-2 wp-block-column\">\n<p class=\"has-text-align-left\">Nous avons <strong>26 appartements d&rsquo;une chambre<\/strong> \u00e0 coucher dispos\u00e9s autour d&rsquo;un espace pour se d\u00e9tendre et se rafra\u00eechir dans la piscine.<\/p>\n\n\n\n<ul><li>Enti\u00e8rement meubl\u00e9.<\/li><li>De 2 \u00e0 3 personnes.<\/li><li>Terrasse.<\/li><li>T\u00e9l\u00e9vision \u00e0 \u00e9cran plat.<\/li><li>Wi-Fi gratuit.<\/li><li>Nettoyage inclus.<\/li><li>Proximit\u00e9 de la plage.<\/li><li>Espace de d\u00e9tente.<\/li><li>Piscine.<\/li><li>Environnement calme.<\/li><li>Supermarch\u00e9 \u00e0 50m.<\/li><\/ul>\n<\/div>\n\n\n\n<div class=\"wp-container-3 wp-block-column\" style=\"flex-basis:40%\">\n<h3 class=\"titulo-formulario-reservar-pagina has-base-3-color has-text-color has-medium-font-size\">R\u00c9SERVEZ MAINTENANT<\/h3>\n\n\n\n<div class=\"bloque-reservar-pagina\">\n<iframe loading=\"lazy\" src=\"https:\/\/app.thebookingbutton.com\/properties\/aptosacaciasdirect\/booking_widget\" width=\"220\" height=\"230\" frameborder=\"0\" scrolling=\"no\"><\/iframe>\n<\/div>\n\n\n\n<p><\/p>\n<\/div>\n<\/div>\n<\/div>\n\n\n\n<div class=\"wp-container-6 wp-block-column\" style=\"flex-basis:15%\"><\/div>\n<\/div>\n\n\n\n<div class=\"wp-block-image\"><figure class=\"aligncenter size-full is-resized\"><img loading=\"lazy\" src=\"https:\/\/apartamentoslasacaciaslanzarote.com\/wp-content\/uploads\/2022\/04\/iconos-home-1.png\" alt=\"\" class=\"wp-image-3197\" width=\"576\" height=\"52\" srcset=\"https:\/\/apartamentoslasacaciaslanzarote.com\/wp-content\/uploads\/2022\/04\/iconos-home-1.png 768w, https:\/\/apartamentoslasacaciaslanzarote.com\/wp-content\/uploads\/2022\/04\/iconos-home-1-300x27.png 300w\" sizes=\"(max-width: 576px) 100vw, 576px\" \/><\/figure><\/div>\n\n\n\n<div style=\"height:40px\" aria-hidden=\"true\" class=\"wp-block-spacer\"><\/div>\n\n\n\n<div class=\"wp-container-9 wp-block-columns alignwide are-vertically-aligned-center\">\n<div class=\"wp-container-8 wp-block-column is-vertically-aligned-center\">\n<div class=\"wp-block-cover aligncenter is-light\"><span aria-hidden=\"true\" class=\"wp-block-cover__gradient-background has-background-dim\"><\/span><img loading=\"lazy\" width=\"1500\" height=\"1000\" class=\"wp-block-cover__image-background wp-image-3162\" alt=\"\" src=\"https:\/\/apartamentoslasacaciaslanzarote.com\/wp-content\/uploads\/2022\/03\/las-acacias-apartamentos-lanzarote-3.jpg\" style=\"object-position:51% 70%\" data-object-fit=\"cover\" data-object-position=\"51% 70%\" srcset=\"https:\/\/apartamentoslasacaciaslanzarote.com\/wp-content\/uploads\/2022\/03\/las-acacias-apartamentos-lanzarote-3.jpg 1500w, https:\/\/apartamentoslasacaciaslanzarote.com\/wp-content\/uploads\/2022\/03\/las-acacias-apartamentos-lanzarote-3-300x200.jpg 300w, https:\/\/apartamentoslasacaciaslanzarote.com\/wp-content\/uploads\/2022\/03\/las-acacias-apartamentos-lanzarote-3-1024x683.jpg 1024w, https:\/\/apartamentoslasacaciaslanzarote.com\/wp-content\/uploads\/2022\/03\/las-acacias-apartamentos-lanzarote-3-768x512.jpg 768w\" sizes=\"(max-width: 1500px) 100vw, 1500px\" \/><div class=\"wp-block-cover__inner-container\">\n<p class=\"has-text-align-center has-very-light-gray-color has-text-color has-large-font-size\">Appartements<\/p>\n\n\n\n<div style=\"height:20px\" aria-hidden=\"true\" class=\"wp-block-spacer\"><\/div>\n\n\n\n<div class=\"wp-block-button aligncenter is-style-fill\"><a class=\"wp-block-button__link\" href=\"https:\/\/apartamentoslasacaciaslanzarote.com\/fr\/livre\/\">Je veux r\u00e9server<\/a><\/div>\n<\/div><\/div>\n<\/div>\n<\/div>\n\n\n\n<figure class=\"wp-container-11 wp-block-gallery-10 wp-block-gallery has-nested-images columns-5 is-cropped\">\n<figure class=\"wp-block-image size-large\"><a href=\"https:\/\/apartamentoslasacaciaslanzarote.com\/wp-content\/uploads\/2022\/03\/las-acacias-apartamentos-lanzarote-5-1024x683.jpg\"><img loading=\"lazy\" width=\"1024\" height=\"683\" src=\"https:\/\/apartamentoslasacaciaslanzarote.com\/wp-content\/uploads\/2022\/03\/las-acacias-apartamentos-lanzarote-5-1024x683.jpg\" alt=\"\" class=\"wp-image-3164\" srcset=\"https:\/\/apartamentoslasacaciaslanzarote.com\/wp-content\/uploads\/2022\/03\/las-acacias-apartamentos-lanzarote-5-1024x683.jpg 1024w, https:\/\/apartamentoslasacaciaslanzarote.com\/wp-content\/uploads\/2022\/03\/las-acacias-apartamentos-lanzarote-5-300x200.jpg 300w, https:\/\/apartamentoslasacaciaslanzarote.com\/wp-content\/uploads\/2022\/03\/las-acacias-apartamentos-lanzarote-5-768x512.jpg 768w, https:\/\/apartamentoslasacaciaslanzarote.com\/wp-content\/uploads\/2022\/03\/las-acacias-apartamentos-lanzarote-5-1536x1024.jpg 1536w, https:\/\/apartamentoslasacaciaslanzarote.com\/wp-content\/uploads\/2022\/03\/las-acacias-apartamentos-lanzarote-5.jpg 1680w\" sizes=\"(max-width: 1024px) 100vw, 1024px\" \/><\/a><\/figure>\n\n\n\n<figure class=\"wp-block-image size-large\"><a href=\"https:\/\/apartamentoslasacaciaslanzarote.com\/wp-content\/uploads\/2022\/03\/las-acacias-apartamentos-lanzarote-8.jpg\"><img loading=\"lazy\" width=\"1000\" height=\"668\" src=\"https:\/\/apartamentoslasacaciaslanzarote.com\/wp-content\/uploads\/2022\/03\/las-acacias-apartamentos-lanzarote-8.jpg\" alt=\"\" class=\"wp-image-3165\" srcset=\"https:\/\/apartamentoslasacaciaslanzarote.com\/wp-content\/uploads\/2022\/03\/las-acacias-apartamentos-lanzarote-8.jpg 1000w, https:\/\/apartamentoslasacaciaslanzarote.com\/wp-content\/uploads\/2022\/03\/las-acacias-apartamentos-lanzarote-8-300x200.jpg 300w, https:\/\/apartamentoslasacaciaslanzarote.com\/wp-content\/uploads\/2022\/03\/las-acacias-apartamentos-lanzarote-8-768x513.jpg 768w\" sizes=\"(max-width: 1000px) 100vw, 1000px\" \/><\/a><\/figure>\n\n\n\n<figure class=\"wp-block-image size-large\"><a href=\"https:\/\/apartamentoslasacaciaslanzarote.com\/wp-content\/uploads\/2022\/03\/las-acacias-apartamentos-lanzarote-2-1024x684.jpg\"><img loading=\"lazy\" width=\"1024\" height=\"684\" src=\"https:\/\/apartamentoslasacaciaslanzarote.com\/wp-content\/uploads\/2022\/03\/las-acacias-apartamentos-lanzarote-2-1024x684.jpg\" alt=\"\" class=\"wp-image-3161\" srcset=\"https:\/\/apartamentoslasacaciaslanzarote.com\/wp-content\/uploads\/2022\/03\/las-acacias-apartamentos-lanzarote-2-1024x684.jpg 1024w, https:\/\/apartamentoslasacaciaslanzarote.com\/wp-content\/uploads\/2022\/03\/las-acacias-apartamentos-lanzarote-2-300x200.jpg 300w, https:\/\/apartamentoslasacaciaslanzarote.com\/wp-content\/uploads\/2022\/03\/las-acacias-apartamentos-lanzarote-2-768x513.jpg 768w, https:\/\/apartamentoslasacaciaslanzarote.com\/wp-content\/uploads\/2022\/03\/las-acacias-apartamentos-lanzarote-2-1536x1026.jpg 1536w, https:\/\/apartamentoslasacaciaslanzarote.com\/wp-content\/uploads\/2022\/03\/las-acacias-apartamentos-lanzarote-2.jpg 1900w\" sizes=\"(max-width: 1024px) 100vw, 1024px\" \/><\/a><\/figure>\n\n\n\n<figure class=\"wp-block-image size-large\"><a href=\"https:\/\/apartamentoslasacaciaslanzarote.com\/wp-content\/uploads\/2022\/03\/las-acacias-apartamentos-lanzarote-1-1024x684.jpg\"><img loading=\"lazy\" width=\"1024\" height=\"684\" src=\"https:\/\/apartamentoslasacaciaslanzarote.com\/wp-content\/uploads\/2022\/03\/las-acacias-apartamentos-lanzarote-1-1024x684.jpg\" alt=\"\" class=\"wp-image-3160\" srcset=\"https:\/\/apartamentoslasacaciaslanzarote.com\/wp-content\/uploads\/2022\/03\/las-acacias-apartamentos-lanzarote-1-1024x684.jpg 1024w, https:\/\/apartamentoslasacaciaslanzarote.com\/wp-content\/uploads\/2022\/03\/las-acacias-apartamentos-lanzarote-1-300x200.jpg 300w, https:\/\/apartamentoslasacaciaslanzarote.com\/wp-content\/uploads\/2022\/03\/las-acacias-apartamentos-lanzarote-1-768x513.jpg 768w, https:\/\/apartamentoslasacaciaslanzarote.com\/wp-content\/uploads\/2022\/03\/las-acacias-apartamentos-lanzarote-1-1536x1026.jpg 1536w, https:\/\/apartamentoslasacaciaslanzarote.com\/wp-content\/uploads\/2022\/03\/las-acacias-apartamentos-lanzarote-1.jpg 1900w\" sizes=\"(max-width: 1024px) 100vw, 1024px\" \/><\/a><\/figure>\n\n\n\n<figure class=\"wp-block-image size-large\"><a href=\"https:\/\/apartamentoslasacaciaslanzarote.com\/wp-content\/uploads\/2022\/03\/las-acacias-apartamentos-lanzarote-4-1024x683.jpg\"><img loading=\"lazy\" width=\"1024\" height=\"683\" src=\"https:\/\/apartamentoslasacaciaslanzarote.com\/wp-content\/uploads\/2022\/03\/las-acacias-apartamentos-lanzarote-4-1024x683.jpg\" alt=\"\" class=\"wp-image-3163\" srcset=\"https:\/\/apartamentoslasacaciaslanzarote.com\/wp-content\/uploads\/2022\/03\/las-acacias-apartamentos-lanzarote-4-1024x683.jpg 1024w, https:\/\/apartamentoslasacaciaslanzarote.com\/wp-content\/uploads\/2022\/03\/las-acacias-apartamentos-lanzarote-4-300x200.jpg 300w, https:\/\/apartamentoslasacaciaslanzarote.com\/wp-content\/uploads\/2022\/03\/las-acacias-apartamentos-lanzarote-4-768x512.jpg 768w, https:\/\/apartamentoslasacaciaslanzarote.com\/wp-content\/uploads\/2022\/03\/las-acacias-apartamentos-lanzarote-4.jpg 1500w\" sizes=\"(max-width: 1024px) 100vw, 1024px\" \/><\/a><\/figure>\n<\/figure>\n\n\n\n<div style=\"height:50px\" aria-hidden=\"true\" class=\"wp-block-spacer\"><\/div>\n\n\n\n<div class=\"wp-container-15 wp-block-columns\">\n<div class=\"wp-container-12 wp-block-column\" style=\"flex-basis:15%\"><\/div>\n\n\n\n<div class=\"wp-container-13 wp-block-column\" style=\"flex-basis:70%\">\n<h2 class=\"has-text-align-center has-very-dark-gray-color has-text-color\">26 Appartements pour 2 ou 3 personnes \u00e0 un prix tr\u00e8s abordable<\/h2>\n\n\n\n<hr class=\"wp-block-separator separador-titulo\"\/>\n\n\n\n<p class=\"has-text-align-center has-very-dark-gray-color has-text-color\">Las Acacias r\u00e9unit en un seul lieu, un prix abordable, la tranquillit\u00e9, la relaxation et un emplacement privil\u00e9gi\u00e9 \u00e0 Puerto del Carmen, pr\u00e8s de l&rsquo;avenue principale, entour\u00e9 de toutes sortes d&rsquo;amusements.<\/p>\n<\/div>\n\n\n\n<div class=\"wp-container-14 wp-block-column\" style=\"flex-basis:15%\"><\/div>\n<\/div>\n\n\n\n<div class=\"wp-container-19 wp-block-columns\">\n<div class=\"wp-container-16 wp-block-column\">\n<div class=\"wp-block-image\"><figure class=\"aligncenter size-full is-resized\"><img loading=\"lazy\" src=\"https:\/\/apartamentoslasacaciaslanzarote.com\/wp-content\/uploads\/2022\/03\/playa.png\" alt=\"\" class=\"wp-image-3168\" width=\"80\" height=\"80\" srcset=\"https:\/\/apartamentoslasacaciaslanzarote.com\/wp-content\/uploads\/2022\/03\/playa.png 512w, https:\/\/apartamentoslasacaciaslanzarote.com\/wp-content\/uploads\/2022\/03\/playa-300x300.png 300w, https:\/\/apartamentoslasacaciaslanzarote.com\/wp-content\/uploads\/2022\/03\/playa-150x150.png 150w\" sizes=\"(max-width: 80px) 100vw, 80px\" \/><\/figure><\/div>\n\n\n\n<h4 class=\"has-text-align-center has-text-color\" style=\"color:#149629\">Tr\u00e8s proche de la mer<\/h4>\n\n\n\n<hr class=\"wp-block-separator has-text-color has-background is-style-default separador-titulo\" style=\"background-color:#149629;color:#149629\"\/>\n\n\n\n<p class=\"has-text-align-center has-very-dark-gray-color has-text-color\">A seulement 200m de la mer, ainsi que l&rsquo;acc\u00e8s \u00e0 l&rsquo;une des meilleures plages de Puerto del Carmen.<\/p>\n<\/div>\n\n\n\n<div class=\"wp-container-17 wp-block-column\">\n<div class=\"wp-block-image\"><figure class=\"aligncenter size-full is-resized\"><img loading=\"lazy\" src=\"https:\/\/apartamentoslasacaciaslanzarote.com\/wp-content\/uploads\/2022\/03\/pareja.png\" alt=\"\" class=\"wp-image-3166\" width=\"80\" height=\"80\" srcset=\"https:\/\/apartamentoslasacaciaslanzarote.com\/wp-content\/uploads\/2022\/03\/pareja.png 512w, https:\/\/apartamentoslasacaciaslanzarote.com\/wp-content\/uploads\/2022\/03\/pareja-300x300.png 300w, https:\/\/apartamentoslasacaciaslanzarote.com\/wp-content\/uploads\/2022\/03\/pareja-150x150.png 150w\" sizes=\"(max-width: 80px) 100vw, 80px\" \/><\/figure><\/div>\n\n\n\n<h4 class=\"has-text-align-center has-text-color\" style=\"color:#149629\">2 \u00e0 3 personnes<\/h4>\n\n\n\n<hr class=\"wp-block-separator has-text-color has-background is-style-default separador-titulo\" style=\"background-color:#149629;color:#149629\"\/>\n\n\n\n<p class=\"has-text-align-center has-very-dark-gray-color has-text-color\">Nos appartements disposent d&rsquo;une chambre double et d&rsquo;un canap\u00e9-lit dans le salon, qui peut \u00eatre occup\u00e9 par 2 ou 3 personnes.<\/p>\n<\/div>\n\n\n\n<div class=\"wp-container-18 wp-block-column\">\n<div class=\"wp-block-image\"><figure class=\"aligncenter size-full is-resized\"><img loading=\"lazy\" src=\"https:\/\/apartamentoslasacaciaslanzarote.com\/wp-content\/uploads\/2022\/03\/tumbona.png\" alt=\"\" class=\"wp-image-3171\" width=\"80\" height=\"80\" srcset=\"https:\/\/apartamentoslasacaciaslanzarote.com\/wp-content\/uploads\/2022\/03\/tumbona.png 512w, https:\/\/apartamentoslasacaciaslanzarote.com\/wp-content\/uploads\/2022\/03\/tumbona-300x300.png 300w, https:\/\/apartamentoslasacaciaslanzarote.com\/wp-content\/uploads\/2022\/03\/tumbona-150x150.png 150w\" sizes=\"(max-width: 80px) 100vw, 80px\" \/><\/figure><\/div>\n\n\n\n<h4 class=\"has-text-align-center has-text-color\" style=\"color:#149629\">Piscine pour la d\u00e9tente<\/h4>\n\n\n\n<hr class=\"wp-block-separator has-text-color has-background is-style-default separador-titulo\" style=\"background-color:#149629;color:#149629\"\/>\n\n\n\n<p class=\"has-text-align-center has-very-dark-gray-color has-text-color\">Le centre de nos appartements est la piscine, o\u00f9 vous pouvez profiter du calme et de la tranquillit\u00e9.<\/p>\n<\/div>\n<\/div>\n\n\n\n<div style=\"height:20px\" aria-hidden=\"true\" class=\"wp-block-spacer\"><\/div>\n\n\n\n<div class=\"wp-block-button aligncenter is-style-fill\"><a class=\"wp-block-button__link\" href=\"https:\/\/apartamentoslasacaciaslanzarote.com\/fr\/livre\/\">Je veux r\u00e9server<\/a><\/div>\n\n\n\n<div style=\"height:70px\" aria-hidden=\"true\" class=\"wp-block-spacer\"><\/div>\n\n\n\n<div class=\"wp-container-23 wp-block-group alignwide has-background\" style=\"background-color:#eeeeee\"><div class=\"wp-block-group__inner-container\">\n<div class=\"wp-container-22 wp-block-columns alignwide\">\n<div class=\"wp-container-20 wp-block-column reservar-coche\">\n<div style=\"height:50px\" aria-hidden=\"true\" class=\"wp-block-spacer\"><\/div>\n\n\n\n<h3 class=\"has-black-color has-text-color\"><strong>R\u00e9servez votre voiture d\u00e8s maintenant<\/strong><\/h3>\n\n\n\n<p class=\"has-black-color has-text-color\">R\u00e9servez votre voiture d\u00e8s maintenant et assurez-vous de l&rsquo;avoir quand vous le voulez, \u00e0 votre arriv\u00e9e \u00e0 l&rsquo;a\u00e9roport ou si vous pr\u00e9f\u00e9rez la livraison \u00e0 notre complexe. Explorez tous les recoins de Lanzarote.<\/p>\n\n\n\n<p><a href=\"https:\/\/apartamentoslasacaciaslanzarote.com\/fr\/location-de-voiture\/\">R\u00c9SERVER UNE VOITURE<\/a><\/p>\n\n\n\n<div style=\"height:40px\" aria-hidden=\"true\" class=\"wp-block-spacer\"><\/div>\n\n\n\n<h3 class=\"has-black-color has-text-color\">Vous pouvez \u00e9galement <strong>r\u00e9server des excursions <\/strong>\u00e0 Lanzarote.<\/h3>\n\n\n\n<p class=\"has-black-color has-text-color\">Nous disposons \u00e9galement d&rsquo;un large choix d&rsquo;excursions et d&rsquo;activit\u00e9s qui vous permettront de passer des vacances inoubliables.<\/p>\n\n\n\n<p><a href=\"https:\/\/apartamentoslasacaciaslanzarote.tourtivity.travel\/search?bookingType=activity&amp;pick.code=AMTSES2232&amp;pick.type=hotel&amp;lang=en-GB&amp;utm_source=hotel&amp;utm_medium=website&amp;utm_campaign=homepage\" rel=\"nofollow noopener\" target=\"_blank\">VOIR EXCURSIONS<\/a><\/p>\n<\/div>\n\n\n\n<div class=\"wp-container-21 wp-block-column\">\n<figure class=\"wp-block-image size-full\"><img loading=\"lazy\" width=\"500\" height=\"373\" src=\"https:\/\/apartamentoslasacaciaslanzarote.com\/wp-content\/uploads\/2022\/04\/coche-alquiler-1.png\" alt=\"\" class=\"wp-image-3191\" srcset=\"https:\/\/apartamentoslasacaciaslanzarote.com\/wp-content\/uploads\/2022\/04\/coche-alquiler-1.png 500w, https:\/\/apartamentoslasacaciaslanzarote.com\/wp-content\/uploads\/2022\/04\/coche-alquiler-1-300x224.png 300w\" sizes=\"(max-width: 500px) 100vw, 500px\" \/><\/figure>\n\n\n\n<p><\/p>\n<\/div>\n<\/div>\n<\/div><\/div>\n\n\n\n<div style=\"height:70px\" aria-hidden=\"true\" class=\"wp-block-spacer\"><\/div>\n\n\n\n<div class=\"wp-container-27 wp-block-columns\">\n<div class=\"wp-container-24 wp-block-column\" style=\"flex-basis:25%\"><\/div>\n\n\n\n<div class=\"wp-container-25 wp-block-column\" style=\"flex-basis:50%\">\n<h3 class=\"has-text-align-center has-very-dark-gray-color has-text-color\"><strong>Ce que disent nos clients<\/strong><\/h3>\n<\/div>\n\n\n\n<div class=\"wp-container-26 wp-block-column\" style=\"flex-basis:25%\"><\/div>\n<\/div>\n\n\n\n<script src=\"https:\/\/apps.elfsight.com\/p\/platform.js\" defer=\"\"><\/script>\n<div class=\"elfsight-app-42300cf6-cacb-4be2-b73f-cf55fe98504d\"><\/div>\n<\/div><\/div>\n","protected":false},"excerpt":{"rendered":"<p>Appartements spacieux et confortables d&rsquo;une chambre \u00e0 coucher, chambres \u00e0 deux lits et certaines unit\u00e9s avec des lits doubles. \u00a0Las Acacias est un beau et confortable complexe d&rsquo;appartements situ\u00e9 dans &#8230; <\/p>\n<p class=\"read-more-container\"><a title=\"LAS ACACIAS\" class=\"read-more button\" href=\"https:\/\/apartamentoslasacaciaslanzarote.com\/fr\/#more-4216\" aria-label=\"Plus sur LAS ACACIAS\">Reservar<\/a><\/p>\n","protected":false},"author":1,"featured_media":0,"parent":0,"menu_order":0,"comment_status":"closed","ping_status":"closed","template":"","meta":[],"_links":{"self":[{"href":"https:\/\/apartamentoslasacaciaslanzarote.com\/fr\/wp-json\/wp\/v2\/pages\/4216"}],"collection":[{"href":"https:\/\/apartamentoslasacaciaslanzarote.com\/fr\/wp-json\/wp\/v2\/pages"}],"about":[{"href":"https:\/\/apartamentoslasacaciaslanzarote.com\/fr\/wp-json\/wp\/v2\/types\/page"}],"author":[{"embeddable":true,"href":"https:\/\/apartamentoslasacaciaslanzarote.com\/fr\/wp-json\/wp\/v2\/users\/1"}],"replies":[{"embeddable":true,"href":"https:\/\/apartamentoslasacaciaslanzarote.com\/fr\/wp-json\/wp\/v2\/comments?post=4216"}],"version-history":[{"count":2,"href":"https:\/\/apartamentoslasacaciaslanzarote.com\/fr\/wp-json\/wp\/v2\/pages\/4216\/revisions"}],"predecessor-version":[{"id":4368,"href":"https:\/\/apartamentoslasacaciaslanzarote.com\/fr\/wp-json\/wp\/v2\/pages\/4216\/revisions\/4368"}],"wp:attachment":[{"href":"https:\/\/apartamentoslasacaciaslanzarote.com\/fr\/wp-json\/wp\/v2\/media?parent=4216"}],"curies":[{"name":"wp","href":"https:\/\/api.w.org\/{rel}","templated":true}]}}