{"id":4201,"date":"2020-06-21T16:11:04","date_gmt":"2020-06-21T16:11:04","guid":{"rendered":"https:\/\/apartamentoslasacaciaslanzarote.com\/cookies\/"},"modified":"2020-06-21T16:11:04","modified_gmt":"2020-06-21T16:11:04","slug":"cookies","status":"publish","type":"page","link":"https:\/\/apartamentoslasacaciaslanzarote.com\/fr\/cookies\/","title":{"rendered":"Cookies"},"content":{"rendered":"\n<div class=\"wp-container-1 wp-block-group\"><div class=\"wp-block-group__inner-container\">\n<p><strong>Pol\u00edtica de uso de cookies<\/strong><\/p>\n\n\n\n<p>En cumplimiento del art\u00edculo 22.2 de la Ley 34\/2002, de Servicios de la Sociedad de la Informaci\u00f3n, informamos a los usuarios de nuestro sitio web de nuestra Pol\u00edtica de uso de Cookies.<\/p>\n\n\n\n<p><strong>\u00bfQu\u00e9 es una Cookie?<\/strong><\/p>\n\n\n\n<p>Las cookies son archivos que contienen peque\u00f1as cantidades de informaci\u00f3n que se descargan en el dispositivo del usuario que se utiliza cuando visitas nuestro sitio web. Su finalidad principal es reconocer al usuario (mediante identificadores que no permiten identificarlo con persona f\u00edsica alguna) cada vez que accede al sitio web y nos permite, adem\u00e1s, mejorar la calidad y la usabilidad de nuestros sitios web. Las cookies son esenciales para el funcionamiento de Internet; no pueden da\u00f1ar el equipo\/dispositivo del usuario y, si se encuentran activadas en la configuraci\u00f3n de tu navegador, nos ayudan a identificar y resolver posibles errores de funcionamiento de nuestro sitio web.<\/p>\n\n\n\n<p><strong>Tipos de Cookies<\/strong><\/p>\n\n\n\n<p>Hay diferentes tipos de cookies. Todos ellos trabajan de la misma manera, pero tienen peque\u00f1as diferencias:<\/p>\n\n\n\n<p><strong>Cookies de Sesi\u00f3n:<\/strong>&nbsp;Las cookies de sesi\u00f3n duran solamente por la duraci\u00f3n de la visita y se borran cuando el usuario cierra el navegador. Su finalidad principal es identificar el tipo de dispositivo, apoyar la seguridad sitio web o su funcionalidad b\u00e1sica. No contienen informaci\u00f3n personal que permita identificar a una persona.<\/p>\n\n\n\n<p><strong>Cookies Persistentes o Permanentes:<\/strong>&nbsp;Se almacenan en el disco duro del dispositivo y el sitio web las lee cada vez que el usuario realiza una nueva visita al sitio web; poseen una fecha de caducidad o expiraci\u00f3n determinada, cumplida la cual la cookie deja de funcionar. Permiten identificar las acciones y preferencias del usuario; analizar las visitas y ayudan a comprender c\u00f3mo llegan los usuarios al sitio web y mejorar los servicios ofrecidos por el mismo.<\/p>\n\n\n\n<p><strong>Cookies de Funcionalidad:<\/strong>&nbsp;Permiten recordar decisiones adoptadas por el usuario, como su login o identificador. La informaci\u00f3n de estas cookies es an\u00f3nima (es decir, no contiene nombre, direcci\u00f3n, u otros datos personales).<\/p>\n\n\n\n<p><strong>Cookies de Terceros:<\/strong>&nbsp;Las cookies de terceros son las cookies que instala un sitio web que no es el que el usuario est\u00e1 visitando; por ejemplo, las usadas por redes sociales (como Facebook) o por complementos externos de contenido (como Google Maps).<strong>Cookies Anal\u00edticas:<\/strong>&nbsp;Son cookies que tienen por finalidad el mantenimiento peri\u00f3dico y garantizar el mejor funcionamiento y servicio al usuario; recopilando datos de su actividad.<\/p>\n\n\n\n<figure class=\"wp-block-table\"><table><tbody><tr><td><strong>NOMBRE<\/strong><\/td><td><strong>PROPIA O DE TERCEROS<\/strong><\/td><td><strong>DURACI\u00d3N<\/strong><\/td><td><strong>FINALIDAD<\/strong><\/td><\/tr><tr><td>cookie_alerta<\/td><td>Propia<\/td><td>duraci\u00f3n de la sesi\u00f3n actual<\/td><td>Mostrar aviso de cookie una sola vez por sesi\u00f3n<\/td><\/tr><tr><td>_utma<\/td><td>Anal\u00edtica de Google                    <\/td><td>2 a\u00f1os<\/td><td>Usada para diferenciar entre usuarios y sesiones.<\/td><\/tr><tr><td>_utmb<\/td><td>Anal\u00edtica de Google<\/td><td>10 minutos desde la creaci\u00f3n o modificaci\u00f3n<\/td><td>Se usa para saber si hay una nueva sesi\u00f3n o visita.<\/td><\/tr><tr><td>_utmc<\/td><td>Anal\u00edtica de Google<\/td><td>Al terminar la sesi\u00f3n<\/td><td>Se usa para facilitar la funcionalidad con la librer\u00eda urchin.js. Anteriormente, esta cookie actuaba junto con la cookie _utmb para determinar si el usuario estaba en una nueva sesi\u00f3n o visita.<\/td><\/tr><tr><td>_utmz<\/td><td>Anal\u00edtica de Google<\/td><td>6 meses<\/td><td>Guarda el origen del tr\u00e1fico o la campa\u00f1a que explica desde donde llega el usuario hasta el sitio Web<strong>.<\/strong><\/td><\/tr><tr><td>_utmt<\/td><td>Anal\u00edtica de Google<\/td><td>Al terminar la sesi\u00f3n<\/td><td>Se usa para definir el tipo de petici\u00f3n del usuario. Se emplea para establecer estad\u00edsticas de uso de las p\u00e1ginas.<\/td><\/tr><\/tbody><\/table><\/figure>\n\n\n\n<figure class=\"wp-block-table\"><table><tbody><tr><td><strong>NOMBRE<\/strong><\/td><td><strong>INFORMACI\u00d3N TRATADA<\/strong><\/td><td><strong>FINALIDAD<\/strong><\/td><\/tr><tr><td>Estrictamente necesarias<\/td><td>Sesi\u00f3n del usuario, detalles del registro, reservas.<\/td><td>Gesti\u00f3n del alta y mantenimiento de la sesi\u00f3n del usuario, personalizaci\u00f3n de la navegaci\u00f3n, equilibrio de carga<\/td><\/tr><tr><td>Anal\u00edticas Google Analytics<\/td><td>Webs visitadas, frecuencia, n\u00famero y repetici\u00f3n de las visitas, tiempo de navegaci\u00f3n, b\u00fasquedas realizadas, enlaces accedidos, navegador utilizado, operador que presta el servicio, ubicaci\u00f3n vinculada a la direcci\u00f3n IP<\/td><td>Medir y analizar la navegaci\u00f3n de los usuarios, seguimiento y an\u00e1lisis del comportamiento de los usuarios, elaboraci\u00f3n de perfiles an\u00f3nimos de navegaci\u00f3n de los usuarios, introducir mejoras en funci\u00f3n del an\u00e1lisis de los datos de uso que hacen los usuarios<\/td><\/tr><\/tbody><\/table><figcaption>Mediante el acceso a nuestro sitio web, el usuario acepta de manera expresa que podamos usar este tipo de cookies en sus dispositivos. No obstante, si desactiva las cookies, no afectar\u00e1 a la navegaci\u00f3n en nuestros sitios web.<\/figcaption><\/figure>\n\n\n\n<p><strong>Configuraci\u00f3n del usuario para evitar Cookies<\/strong><\/p>\n\n\n\n<p>Al navegar y continuar en nuestro sitio web estar\u00e1 consintiendo el uso de las cookies en las condiciones contenidas en la presente \u00ab\u00a0Pol\u00edtica de cookies\u00a0\u00bb. Apartamentos Las Acacias proporciona acceso a esta \u00ab\u00a0Pol\u00edtica de cookies\u00a0\u00bb en el momento del acceso por primera vez, con el objetivo de que el usuario est\u00e9 informado, y sin perjuicio de que \u00e9ste pueda ejercer su derecho a bloquear, eliminar y rechazar el uso de cookies en todo momento.<\/p>\n\n\n\n<p>En cualquier caso, informamos de que las cookies que no son necesarias para el uso de nuestro sitio web, pueden ser bloquearlas o deshabilitarlas activando la configuraci\u00f3n de su navegador, que permite rechazar la instalaci\u00f3n de todas las cookies o de algunas de ellas. La mayor\u00eda de los navegadores permiten advertir de la presencia de cookies o rechazarlas autom\u00e1ticamente. Si las rechaza podr\u00e1 seguir usando nuestro Sitio Web, aunque el uso de algunos de sus servicios podr\u00e1 ser limitado y por tanto su experiencia en nuestro sitio web menos satisfactoria.<\/p>\n\n\n\n<p>La informaci\u00f3n acerca de la forma de configurar su navegador o navegadores de Internet para mantener su privacidad y seguridad en relaci\u00f3n a las cookies la puede consultar en los sitios de soporte oficiales de los principales navegadores. Con dichas ayudas, el usuario puede bloquear las cookies a trav\u00e9s de las herramientas de configuraci\u00f3n del navegador o bien configurarlo para que le avise cuando un servidor quiera guardar una cookie.<\/p>\n\n\n\n<p><strong>Informaci\u00f3n de contacto<\/strong><\/p>\n\n\n\n<p>Cualquier duda o consulta sobre esta pol\u00edtica de uso de cookies nos la puede hacer llegar por escrito a la siguiente direcci\u00f3n de correo electr\u00f3nico: <strong><a href=\"mailto:info@lasacaciasaptslanzarote.com\">info@lasacaciasaptslanzarote.com<\/a><\/strong><\/p>\n<\/div><\/div>\n","protected":false},"excerpt":{"rendered":"<p>Pol\u00edtica de uso de cookies En cumplimiento del art\u00edculo 22.2 de la Ley 34\/2002, de Servicios de la Sociedad de la Informaci\u00f3n, informamos a los usuarios de nuestro sitio web &#8230; <\/p>\n<p class=\"read-more-container\"><a title=\"Cookies\" class=\"read-more button\" href=\"https:\/\/apartamentoslasacaciaslanzarote.com\/fr\/cookies\/#more-4201\" aria-label=\"Plus sur Cookies\">Reservar<\/a><\/p>\n","protected":false},"author":1,"featured_media":0,"parent":0,"menu_order":0,"comment_status":"closed","ping_status":"closed","template":"","meta":[],"_links":{"self":[{"href":"https:\/\/apartamentoslasacaciaslanzarote.com\/fr\/wp-json\/wp\/v2\/pages\/4201"}],"collection":[{"href":"https:\/\/apartamentoslasacaciaslanzarote.com\/fr\/wp-json\/wp\/v2\/pages"}],"about":[{"href":"https:\/\/apartamentoslasacaciaslanzarote.com\/fr\/wp-json\/wp\/v2\/types\/page"}],"author":[{"embeddable":true,"href":"https:\/\/apartamentoslasacaciaslanzarote.com\/fr\/wp-json\/wp\/v2\/users\/1"}],"replies":[{"embeddable":true,"href":"https:\/\/apartamentoslasacaciaslanzarote.com\/fr\/wp-json\/wp\/v2\/comments?post=4201"}],"version-history":[{"count":0,"href":"https:\/\/apartamentoslasacaciaslanzarote.com\/fr\/wp-json\/wp\/v2\/pages\/4201\/revisions"}],"wp:attachment":[{"href":"https:\/\/apartamentoslasacaciaslanzarote.com\/fr\/wp-json\/wp\/v2\/media?parent=4201"}],"curies":[{"name":"wp","href":"https:\/\/api.w.org\/{rel}","templated":true}]}}