{"id":4197,"date":"2020-03-19T12:03:39","date_gmt":"2020-03-19T12:03:39","guid":{"rendered":"https:\/\/apartamentoslasacaciaslanzarote.com\/contactar\/"},"modified":"2024-08-05T11:08:01","modified_gmt":"2024-08-05T11:08:01","slug":"contact","status":"publish","type":"page","link":"https:\/\/apartamentoslasacaciaslanzarote.com\/fr\/contact\/","title":{"rendered":"CONTACT"},"content":{"rendered":"\n<div class=\"wp-container-4 wp-block-group alignwide home-icono\"><div class=\"wp-block-group__inner-container\">\n<div class=\"wp-container-3 wp-block-columns\">\n<div class=\"wp-container-1 wp-block-column\" style=\"flex-basis:66.66%\">\n<h4 class=\"has-text-align-left has-very-dark-gray-color has-text-color\"><strong>Formulaire de contact<\/strong><\/h4>\n\n\n\n<p>Si vous avez des questions sur nos services, nos appartements ou nos studios, n&rsquo;h\u00e9sitez pas \u00e0 nous \u00e9crire et nous vous r\u00e9pondrons dans les meilleurs d\u00e9lais.<\/p>\n\n\n<div role=\"form\" class=\"wpcf7\" id=\"wpcf7-f3353-o1\" lang=\"fr-FR\" dir=\"ltr\">\n<div class=\"screen-reader-response\"><p role=\"status\" aria-live=\"polite\" aria-atomic=\"true\"><\/p> <ul><\/ul><\/div>\n<form action=\"\/fr\/wp-json\/wp\/v2\/pages\/4197#wpcf7-f3353-o1\" method=\"post\" class=\"wpcf7-form init\" novalidate=\"novalidate\" data-status=\"init\">\n<div style=\"display: none;\">\n<input type=\"hidden\" name=\"_wpcf7\" value=\"3353\" \/>\n<input type=\"hidden\" name=\"_wpcf7_version\" value=\"5.6.3\" \/>\n<input type=\"hidden\" name=\"_wpcf7_locale\" value=\"fr_FR\" \/>\n<input type=\"hidden\" name=\"_wpcf7_unit_tag\" value=\"wpcf7-f3353-o1\" \/>\n<input type=\"hidden\" name=\"_wpcf7_container_post\" value=\"0\" \/>\n<input type=\"hidden\" name=\"_wpcf7_posted_data_hash\" value=\"\" \/>\n<input type=\"hidden\" name=\"_wpcf7_recaptcha_response\" value=\"\" \/>\n<\/div>\n<div class=\"grid-33 tablet-grid-33 mobile-grid-100 first-column\">Nom et pr\u00e9nom *<br \/>\n    <span class=\"wpcf7-form-control-wrap\" data-name=\"your-name\"><input type=\"text\" name=\"your-name\" value=\"\" size=\"40\" class=\"wpcf7-form-control wpcf7-text wpcf7-validates-as-required\" aria-required=\"true\" aria-invalid=\"false\" \/><\/span><\/div>\n<div class=\"grid-33 tablet-grid-33 mobile-grid-100 second-column\">Email *<br \/>\n    <span class=\"wpcf7-form-control-wrap\" data-name=\"your-email\"><input type=\"email\" name=\"your-email\" value=\"\" size=\"40\" class=\"wpcf7-form-control wpcf7-text wpcf7-email wpcf7-validates-as-required wpcf7-validates-as-email\" aria-required=\"true\" aria-invalid=\"false\" \/><\/span><\/div>\n<div class=\"grid-33 tablet-grid-33 mobile-grid-100 third-column\">Pays<br \/>\n    <span class=\"wpcf7-form-control-wrap\" data-name=\"pais\"><input type=\"text\" name=\"pais\" value=\"\" size=\"40\" class=\"wpcf7-form-control wpcf7-text\" aria-invalid=\"false\" \/><\/span><\/div>\n<div class=\"grid-100 tablet-grid-100 mobile-grid-100 one-column\">Commentaires<br \/>\n    <span class=\"wpcf7-form-control-wrap\" data-name=\"your-message\"><textarea name=\"your-message\" cols=\"40\" rows=\"10\" class=\"wpcf7-form-control wpcf7-textarea\" aria-invalid=\"false\"><\/textarea><\/span> <\/div>\n<p style=\"font-size:12px\"><span class=\"wpcf7-form-control-wrap\" data-name=\"ckeck-legal\"><span class=\"wpcf7-form-control wpcf7-acceptance\"><span class=\"wpcf7-list-item\"><input type=\"checkbox\" name=\"ckeck-legal\" value=\"1\" aria-invalid=\"false\" \/><\/span><\/span><\/span>J'ai lu et j'accepte <a href=\"https:\/\/apartamentoslasacaciaslanzarote.com\/politica-de-privacidad\/\" TARGET='_blank'>politique de confidentialit\u00e9 et soumissions \u00e9lectroniques.<\/a><\/p>\n<div class=\"boton-fomrulario\"><input type=\"submit\" value=\"ENVOYER\" class=\"wpcf7-form-control has-spinner wpcf7-submit\" \/><\/div>\n<p><\/br><\/p>\n<p style=\"font-size:12px;\">\n<strong>Informations de base sur la protection des donn\u00e9es :<\/strong><br \/>\n<strong>Responsable:<\/strong> LAS ACACIAS CLUB DE MAR, S.L.<br \/>\n<strong>Objet:<\/strong>Envoi des informations demand\u00e9es (si vous cochez la case correspondante)<br \/>\n<strong>L\u00e9gitimation:<\/strong> Consentement de la personne concern\u00e9e.<br \/>\n<strong>Destinataires:<\/strong>Nous ne divulguons pas vos donn\u00e9es sauf si nous sommes l\u00e9galement oblig\u00e9s de le faire.<br \/>\n<strong>Droits :<\/strong> Droits d'acc\u00e8s, de rectification et de suppression des donn\u00e9es, ainsi que les autres droits d\u00e9taill\u00e9s dans la politique de confidentialit\u00e9.<br \/>\n<strong>Ce site est prot\u00e9g\u00e9 par le reCAPTCHA de Google.<br \/>\n<a href=\"https:\/\/policies.google.com\/privacy\" rel=\"nofollow noopener\" target=\"_blank\">Politique de confidentialit\u00e9 \/a>et <a href=\"https:\/\/policies.google.com\/terms\" rel=\"nofollow noopener\" target=\"_blank\">Conditions d'utilisation appliqu\u00e9es.<\/a><\/p>\n<div class=\"wpcf7-response-output\" aria-hidden=\"true\"><\/div><\/form><\/div>\n\n\n\n<div style=\"height:40px\" aria-hidden=\"true\" class=\"wp-block-spacer\"><\/div>\n<\/div>\n\n\n\n<div class=\"wp-container-2 wp-block-column\" style=\"flex-basis:33.33%\">\n<h4 class=\"has-text-align-left has-very-dark-gray-color has-text-color\"><strong>Adresse<\/strong><\/h4>\n\n\n\n<pre class=\"wp-block-verse versos-bloques\">C. Princesa Guayarmina, 1, \n35510 Puerto del Carmen\nLas Palmas\n<\/pre>\n\n\n\n<h4 class=\"has-text-align-left has-very-dark-gray-color has-text-color\"><strong>Num\u00e9ros de t\u00e9l\u00e9phone et courriel<\/strong><\/h4>\n\n\n\n<pre class=\"wp-block-verse versos-bloques\"><a href=\"tel:+34928516075\">+34 928 516 075<\/a>\n<a href=\"mailto:info@lasacaciasaptslanzarote.com\">info@lasacaciasaptslanzarote.com<\/a><\/pre>\n\n\n\n<h4 class=\"has-text-align-left has-very-dark-gray-color has-text-color\"><strong>Heures d&rsquo;ouverture<\/strong><\/h4>\n\n\n\n<pre class=\"wp-block-verse versos-bloques\">Du lundi au vendredi :\n9:30h a 14:00h\n16:00 a 20:00h\n\nLes samedis\n9:30h a 14:00h\n<\/pre>\n<\/div>\n<\/div>\n<\/div><\/div>\n","protected":false},"excerpt":{"rendered":"<p>Formulaire de contact Si vous avez des questions sur nos services, nos appartements ou nos studios, n&rsquo;h\u00e9sitez pas \u00e0 nous \u00e9crire et nous vous r\u00e9pondrons dans les meilleurs d\u00e9lais. Adresse &#8230; <\/p>\n<p class=\"read-more-container\"><a title=\"CONTACT\" class=\"read-more button\" href=\"https:\/\/apartamentoslasacaciaslanzarote.com\/fr\/contact\/#more-4197\" aria-label=\"Plus sur CONTACT\">Reservar<\/a><\/p>\n","protected":false},"author":1,"featured_media":0,"parent":0,"menu_order":0,"comment_status":"closed","ping_status":"closed","template":"","meta":[],"_links":{"self":[{"href":"https:\/\/apartamentoslasacaciaslanzarote.com\/fr\/wp-json\/wp\/v2\/pages\/4197"}],"collection":[{"href":"https:\/\/apartamentoslasacaciaslanzarote.com\/fr\/wp-json\/wp\/v2\/pages"}],"about":[{"href":"https:\/\/apartamentoslasacaciaslanzarote.com\/fr\/wp-json\/wp\/v2\/types\/page"}],"author":[{"embeddable":true,"href":"https:\/\/apartamentoslasacaciaslanzarote.com\/fr\/wp-json\/wp\/v2\/users\/1"}],"replies":[{"embeddable":true,"href":"https:\/\/apartamentoslasacaciaslanzarote.com\/fr\/wp-json\/wp\/v2\/comments?post=4197"}],"version-history":[{"count":3,"href":"https:\/\/apartamentoslasacaciaslanzarote.com\/fr\/wp-json\/wp\/v2\/pages\/4197\/revisions"}],"predecessor-version":[{"id":9783,"href":"https:\/\/apartamentoslasacaciaslanzarote.com\/fr\/wp-json\/wp\/v2\/pages\/4197\/revisions\/9783"}],"wp:attachment":[{"href":"https:\/\/apartamentoslasacaciaslanzarote.com\/fr\/wp-json\/wp\/v2\/media?parent=4197"}],"curies":[{"name":"wp","href":"https:\/\/api.w.org\/{rel}","templated":true}]}}