{"id":4189,"date":"2020-03-19T12:01:15","date_gmt":"2020-03-19T12:01:15","guid":{"rendered":"https:\/\/apartamentoslasacaciaslanzarote.com\/apartamentos\/"},"modified":"2022-05-09T15:58:45","modified_gmt":"2022-05-09T15:58:45","slug":"appartements","status":"publish","type":"page","link":"https:\/\/apartamentoslasacaciaslanzarote.com\/fr\/appartements\/","title":{"rendered":"APPARTEMENTS"},"content":{"rendered":"\n<div class=\"wp-container-20 wp-block-group alignwide home-icono\"><div class=\"wp-block-group__inner-container\">\n<div class=\"wp-container-4 wp-block-columns\">\n<div class=\"wp-container-1 wp-block-column\" style=\"flex-basis:15%\"><\/div>\n\n\n\n<div class=\"wp-container-2 wp-block-column\" style=\"flex-basis:70%\">\n<h2 class=\"has-text-align-center\">Nos appartements \u00e0 Lanzarote pour 2 ou 3 personnes<\/h2>\n\n\n\n<hr class=\"wp-block-separator separador-titulo\"\/>\n\n\n\n<p class=\"has-text-align-center\">Nos appartements se composent d&rsquo;un salon avec cuisine \u00e9quip\u00e9e, d&rsquo;une chambre s\u00e9par\u00e9e avec ventilateur, d&rsquo;une salle de bain avec douche et d&rsquo;une terrasse. Id\u00e9al pour 2 ou 3 personnes, car ils disposent d&rsquo;un canap\u00e9-lit dans le salon.<\/p>\n<\/div>\n\n\n\n<div class=\"wp-container-3 wp-block-column\" style=\"flex-basis:15%\"><\/div>\n<\/div>\n\n\n\n<div style=\"height:40px\" aria-hidden=\"true\" class=\"wp-block-spacer\"><\/div>\n\n\n\n<figure class=\"wp-container-6 wp-block-gallery-5 wp-block-gallery has-nested-images columns-5 is-cropped\">\n<figure class=\"wp-block-image size-large\"><a href=\"https:\/\/apartamentoslasacaciaslanzarote.com\/wp-content\/uploads\/2022\/03\/las-acacias-apartamentos-lanzarote-4.jpg\"><img loading=\"lazy\" width=\"1024\" height=\"683\" src=\"https:\/\/apartamentoslasacaciaslanzarote.com\/wp-content\/uploads\/2022\/03\/las-acacias-apartamentos-lanzarote-4-1024x683.jpg\" alt=\"\" class=\"wp-image-3163\" srcset=\"https:\/\/apartamentoslasacaciaslanzarote.com\/wp-content\/uploads\/2022\/03\/las-acacias-apartamentos-lanzarote-4-1024x683.jpg 1024w, https:\/\/apartamentoslasacaciaslanzarote.com\/wp-content\/uploads\/2022\/03\/las-acacias-apartamentos-lanzarote-4-300x200.jpg 300w, https:\/\/apartamentoslasacaciaslanzarote.com\/wp-content\/uploads\/2022\/03\/las-acacias-apartamentos-lanzarote-4-768x512.jpg 768w, https:\/\/apartamentoslasacaciaslanzarote.com\/wp-content\/uploads\/2022\/03\/las-acacias-apartamentos-lanzarote-4.jpg 1500w\" sizes=\"(max-width: 1024px) 100vw, 1024px\" \/><\/a><\/figure>\n\n\n\n<figure class=\"wp-block-image size-large\"><a href=\"https:\/\/apartamentoslasacaciaslanzarote.com\/wp-content\/uploads\/2022\/03\/las-acacias-apartamentos-lanzarote-2.jpg\"><img loading=\"lazy\" width=\"1024\" height=\"684\" src=\"https:\/\/apartamentoslasacaciaslanzarote.com\/wp-content\/uploads\/2022\/03\/las-acacias-apartamentos-lanzarote-2-1024x684.jpg\" alt=\"\" class=\"wp-image-3161\" srcset=\"https:\/\/apartamentoslasacaciaslanzarote.com\/wp-content\/uploads\/2022\/03\/las-acacias-apartamentos-lanzarote-2-1024x684.jpg 1024w, https:\/\/apartamentoslasacaciaslanzarote.com\/wp-content\/uploads\/2022\/03\/las-acacias-apartamentos-lanzarote-2-300x200.jpg 300w, https:\/\/apartamentoslasacaciaslanzarote.com\/wp-content\/uploads\/2022\/03\/las-acacias-apartamentos-lanzarote-2-768x513.jpg 768w, https:\/\/apartamentoslasacaciaslanzarote.com\/wp-content\/uploads\/2022\/03\/las-acacias-apartamentos-lanzarote-2-1536x1026.jpg 1536w, https:\/\/apartamentoslasacaciaslanzarote.com\/wp-content\/uploads\/2022\/03\/las-acacias-apartamentos-lanzarote-2.jpg 1900w\" sizes=\"(max-width: 1024px) 100vw, 1024px\" \/><\/a><\/figure>\n\n\n\n<figure class=\"wp-block-image size-large\"><a href=\"https:\/\/apartamentoslasacaciaslanzarote.com\/wp-content\/uploads\/2022\/03\/las-acacias-apartamentos-lanzarote-1.jpg\"><img loading=\"lazy\" width=\"1024\" height=\"684\" src=\"https:\/\/apartamentoslasacaciaslanzarote.com\/wp-content\/uploads\/2022\/03\/las-acacias-apartamentos-lanzarote-1-1024x684.jpg\" alt=\"\" class=\"wp-image-3160\" srcset=\"https:\/\/apartamentoslasacaciaslanzarote.com\/wp-content\/uploads\/2022\/03\/las-acacias-apartamentos-lanzarote-1-1024x684.jpg 1024w, https:\/\/apartamentoslasacaciaslanzarote.com\/wp-content\/uploads\/2022\/03\/las-acacias-apartamentos-lanzarote-1-300x200.jpg 300w, https:\/\/apartamentoslasacaciaslanzarote.com\/wp-content\/uploads\/2022\/03\/las-acacias-apartamentos-lanzarote-1-768x513.jpg 768w, https:\/\/apartamentoslasacaciaslanzarote.com\/wp-content\/uploads\/2022\/03\/las-acacias-apartamentos-lanzarote-1-1536x1026.jpg 1536w, https:\/\/apartamentoslasacaciaslanzarote.com\/wp-content\/uploads\/2022\/03\/las-acacias-apartamentos-lanzarote-1.jpg 1900w\" sizes=\"(max-width: 1024px) 100vw, 1024px\" \/><\/a><\/figure>\n\n\n\n<figure class=\"wp-block-image size-large\"><a href=\"https:\/\/apartamentoslasacaciaslanzarote.com\/wp-content\/uploads\/2022\/03\/las-acacias-apartamentos-lanzarote-3.jpg\"><img loading=\"lazy\" width=\"1024\" height=\"683\" src=\"https:\/\/apartamentoslasacaciaslanzarote.com\/wp-content\/uploads\/2022\/03\/las-acacias-apartamentos-lanzarote-3-1024x683.jpg\" alt=\"\" class=\"wp-image-3162\" srcset=\"https:\/\/apartamentoslasacaciaslanzarote.com\/wp-content\/uploads\/2022\/03\/las-acacias-apartamentos-lanzarote-3-1024x683.jpg 1024w, https:\/\/apartamentoslasacaciaslanzarote.com\/wp-content\/uploads\/2022\/03\/las-acacias-apartamentos-lanzarote-3-300x200.jpg 300w, https:\/\/apartamentoslasacaciaslanzarote.com\/wp-content\/uploads\/2022\/03\/las-acacias-apartamentos-lanzarote-3-768x512.jpg 768w, https:\/\/apartamentoslasacaciaslanzarote.com\/wp-content\/uploads\/2022\/03\/las-acacias-apartamentos-lanzarote-3.jpg 1500w\" sizes=\"(max-width: 1024px) 100vw, 1024px\" \/><\/a><\/figure>\n\n\n\n<figure class=\"wp-block-image size-large\"><a href=\"https:\/\/apartamentoslasacaciaslanzarote.com\/wp-content\/uploads\/2022\/03\/las-acacias-apartamentos-lanzarote-5.jpg\"><img loading=\"lazy\" width=\"1024\" height=\"683\" src=\"https:\/\/apartamentoslasacaciaslanzarote.com\/wp-content\/uploads\/2022\/03\/las-acacias-apartamentos-lanzarote-5-1024x683.jpg\" alt=\"\" class=\"wp-image-3164\" srcset=\"https:\/\/apartamentoslasacaciaslanzarote.com\/wp-content\/uploads\/2022\/03\/las-acacias-apartamentos-lanzarote-5-1024x683.jpg 1024w, https:\/\/apartamentoslasacaciaslanzarote.com\/wp-content\/uploads\/2022\/03\/las-acacias-apartamentos-lanzarote-5-300x200.jpg 300w, https:\/\/apartamentoslasacaciaslanzarote.com\/wp-content\/uploads\/2022\/03\/las-acacias-apartamentos-lanzarote-5-768x512.jpg 768w, https:\/\/apartamentoslasacaciaslanzarote.com\/wp-content\/uploads\/2022\/03\/las-acacias-apartamentos-lanzarote-5-1536x1024.jpg 1536w, https:\/\/apartamentoslasacaciaslanzarote.com\/wp-content\/uploads\/2022\/03\/las-acacias-apartamentos-lanzarote-5.jpg 1680w\" sizes=\"(max-width: 1024px) 100vw, 1024px\" \/><\/a><\/figure>\n<\/figure>\n\n\n\n<div style=\"height:60px\" aria-hidden=\"true\" class=\"wp-block-spacer\"><\/div>\n\n\n\n<div class=\"wp-container-11 wp-block-columns\">\n<div class=\"wp-container-7 wp-block-column\">\n<h3>Nos appartements sont \u00e9quip\u00e9s de :<\/h3>\n\n\n\n<div style=\"height:20px\" aria-hidden=\"true\" class=\"wp-block-spacer\"><\/div>\n\n\n\n<ul><li>Capacit\u00e9 : deux ou trois personnes.<\/li><li>Enti\u00e8rement meubl\u00e9 : cuisine bien \u00e9quip\u00e9e avec r\u00e9frig\u00e9rateur, grille-pain, micro-ondes et bouilloire.<\/li><li>Terrasse meubl\u00e9e.<\/li><li>T\u00e9l\u00e9vision : avec cha\u00eenes de t\u00e9l\u00e9vision \u00e9trang\u00e8res.<\/li><li>Extra : coffre-fort (\u00e0 louer).<\/li><li>Internet Wi-Fi : gratuit et disponible dans tout le complexe.<\/li><li>Proximit\u00e9 de la plage.<\/li><li>Espace de d\u00e9tente.<\/li><li>Piscine.<\/li><li>Environnement calme.<\/li><li>Nettoyage inclus.<\/li><\/ul>\n\n\n\n<div class=\"wp-block-image\"><figure class=\"aligncenter size-full\"><img loading=\"lazy\" width=\"768\" height=\"69\" src=\"https:\/\/apartamentoslasacaciaslanzarote.com\/wp-content\/uploads\/2022\/04\/iconos-home.png\" alt=\"\" class=\"wp-image-3196\" srcset=\"https:\/\/apartamentoslasacaciaslanzarote.com\/wp-content\/uploads\/2022\/04\/iconos-home.png 768w, https:\/\/apartamentoslasacaciaslanzarote.com\/wp-content\/uploads\/2022\/04\/iconos-home-300x27.png 300w\" sizes=\"(max-width: 768px) 100vw, 768px\" \/><\/figure><\/div>\n\n\n\n<p>Tous les appartements ont une belle vue sur la piscine et une terrasse ou un balcon. Certains appartements sont \u00e9quip\u00e9s d&rsquo;un lit double.<\/p>\n\n\n\n<p><strong>O\u00f9 faire les courses ? <\/strong>Supermarch\u00e9 \u00e0 50m, ouvert 7 jours sur 7 jusqu&rsquo;\u00e0 22h00 le soir.<\/p>\n\n\n\n<p><strong>D\u00e9part tardif. D<\/strong>emandez ce service et pr\u00e9voyez quelques heures suppl\u00e9mentaires pour le d\u00e9part.<\/p>\n\n\n\n<div style=\"height:20px\" aria-hidden=\"true\" class=\"wp-block-spacer\"><\/div>\n\n\n\n<div class=\"wp-block-button alignleft is-style-fill\"><a class=\"wp-block-button__link\" href=\"https:\/\/apartamentoslasacaciaslanzarote.com\/fr\/livre\/\">Je veux r\u00e9server<\/a><\/div>\n<\/div>\n\n\n\n<div class=\"wp-container-10 wp-block-column\">\n<figure class=\"wp-container-9 wp-block-gallery-8 wp-block-gallery has-nested-images columns-default is-cropped\">\n<figure class=\"wp-block-image size-large\"><img loading=\"lazy\" width=\"1000\" height=\"668\" src=\"https:\/\/apartamentoslasacaciaslanzarote.com\/wp-content\/uploads\/2022\/03\/las-acacias-apartamentos-lanzarote-8.jpg\" alt=\"\" class=\"wp-image-3165\" srcset=\"https:\/\/apartamentoslasacaciaslanzarote.com\/wp-content\/uploads\/2022\/03\/las-acacias-apartamentos-lanzarote-8.jpg 1000w, https:\/\/apartamentoslasacaciaslanzarote.com\/wp-content\/uploads\/2022\/03\/las-acacias-apartamentos-lanzarote-8-300x200.jpg 300w, https:\/\/apartamentoslasacaciaslanzarote.com\/wp-content\/uploads\/2022\/03\/las-acacias-apartamentos-lanzarote-8-768x513.jpg 768w\" sizes=\"(max-width: 1000px) 100vw, 1000px\" \/><\/figure>\n<\/figure>\n\n\n\n<div style=\"height:20px\" aria-hidden=\"true\" class=\"wp-block-spacer\"><\/div>\n\n\n\n<p><\/p>\n<\/div>\n<\/div>\n\n\n\n<div style=\"height:50px\" aria-hidden=\"true\" class=\"wp-block-spacer\"><\/div>\n\n\n\n<div class=\"wp-container-15 wp-block-columns\">\n<div class=\"wp-container-12 wp-block-column\" style=\"flex-basis:15%\"><\/div>\n\n\n\n<div class=\"wp-container-13 wp-block-column\" style=\"flex-basis:70%\">\n<h2 class=\"has-text-align-center has-very-dark-gray-color has-text-color\">Appartements et studios touristiques \u00e0 Lanzarote<\/h2>\n\n\n\n<hr class=\"wp-block-separator separador-titulo\"\/>\n\n\n\n<p class=\"has-text-align-center has-very-dark-gray-color has-text-color\"><strong>Las Acacias <\/strong>r\u00e9unit en un seul lieu, un prix abordable, la tranquillit\u00e9, la relaxation et un emplacement privil\u00e9gi\u00e9 \u00e0 Puerto del Carmen, pr\u00e8s de l&rsquo;avenue principale, entour\u00e9 de toutes sortes d&rsquo;amusements.<\/p>\n<\/div>\n\n\n\n<div class=\"wp-container-14 wp-block-column\" style=\"flex-basis:15%\"><\/div>\n<\/div>\n\n\n\n<div class=\"wp-container-19 wp-block-columns\">\n<div class=\"wp-container-16 wp-block-column\">\n<div class=\"wp-block-image\"><figure class=\"aligncenter size-full is-resized\"><img loading=\"lazy\" src=\"https:\/\/apartamentoslasacaciaslanzarote.com\/wp-content\/uploads\/2022\/03\/playa-2.png\" alt=\"\" class=\"wp-image-3169\" width=\"80\" height=\"80\" srcset=\"https:\/\/apartamentoslasacaciaslanzarote.com\/wp-content\/uploads\/2022\/03\/playa-2.png 512w, https:\/\/apartamentoslasacaciaslanzarote.com\/wp-content\/uploads\/2022\/03\/playa-2-300x300.png 300w, https:\/\/apartamentoslasacaciaslanzarote.com\/wp-content\/uploads\/2022\/03\/playa-2-150x150.png 150w\" sizes=\"(max-width: 80px) 100vw, 80px\" \/><\/figure><\/div>\n\n\n\n<h3 class=\"has-text-align-center has-text-color\" style=\"color:#149629\">200m de la plage<\/h3>\n\n\n\n<hr class=\"wp-block-separator has-text-color has-background is-style-default separador-titulo\" style=\"background-color:#149629;color:#149629\"\/>\n\n\n\n<p class=\"has-text-align-center has-very-dark-gray-color has-text-color\">Situ\u00e9 \u00e0 200 m\u00e8tres de la promenade avec des bars, des restaurants et des installations de loisirs ouverts toute l&rsquo;ann\u00e9e, ainsi que l&rsquo;acc\u00e8s aux meilleures plages de Puerto del Carmen.<\/p>\n<\/div>\n\n\n\n<div class=\"wp-container-17 wp-block-column\">\n<div class=\"wp-block-image\"><figure class=\"aligncenter size-full is-resized\"><img loading=\"lazy\" src=\"https:\/\/apartamentoslasacaciaslanzarote.com\/wp-content\/uploads\/2022\/03\/dormir.png\" alt=\"\" class=\"wp-image-3158\" width=\"80\" height=\"80\" srcset=\"https:\/\/apartamentoslasacaciaslanzarote.com\/wp-content\/uploads\/2022\/03\/dormir.png 512w, https:\/\/apartamentoslasacaciaslanzarote.com\/wp-content\/uploads\/2022\/03\/dormir-300x300.png 300w, https:\/\/apartamentoslasacaciaslanzarote.com\/wp-content\/uploads\/2022\/03\/dormir-150x150.png 150w\" sizes=\"(max-width: 80px) 100vw, 80px\" \/><\/figure><\/div>\n\n\n\n<h3 class=\"has-text-align-center has-text-color\" style=\"color:#149629\">Environnement calme<\/h3>\n\n\n\n<hr class=\"wp-block-separator has-text-color has-background is-style-default separador-titulo\" style=\"background-color:#149629;color:#149629\"\/>\n\n\n\n<p class=\"has-text-align-center has-very-dark-gray-color has-text-color\">Las Acacias est un complexe d&rsquo;appartements tr\u00e8s calme et familial \u00e0 Lanzarote, qui garantit la paix et la relaxation dans un environnement magnifique.<\/p>\n<\/div>\n\n\n\n<div class=\"wp-container-18 wp-block-column\">\n<div class=\"wp-block-image\"><figure class=\"aligncenter size-full is-resized\"><img loading=\"lazy\" src=\"https:\/\/apartamentoslasacaciaslanzarote.com\/wp-content\/uploads\/2022\/03\/piscina.png\" alt=\"\" class=\"wp-image-3167\" width=\"80\" height=\"80\" srcset=\"https:\/\/apartamentoslasacaciaslanzarote.com\/wp-content\/uploads\/2022\/03\/piscina.png 512w, https:\/\/apartamentoslasacaciaslanzarote.com\/wp-content\/uploads\/2022\/03\/piscina-300x300.png 300w, https:\/\/apartamentoslasacaciaslanzarote.com\/wp-content\/uploads\/2022\/03\/piscina-150x150.png 150w\" sizes=\"(max-width: 80px) 100vw, 80px\" \/><\/figure><\/div>\n\n\n\n<h3 class=\"has-text-align-center has-text-color\" style=\"color:#149629\">Espace piscine<\/h3>\n\n\n\n<hr class=\"wp-block-separator has-text-color has-background is-style-default separador-titulo\" style=\"background-color:#149629;color:#149629\"\/>\n\n\n\n<p class=\"has-text-align-center has-very-dark-gray-color has-text-color\">Tous les appartements ont une vue sur la piscine, situ\u00e9e dans un beau jardin priv\u00e9, o\u00f9 les clients peuvent profiter d&rsquo;un maximum de calme et de tranquillit\u00e9.<\/p>\n<\/div>\n<\/div>\n\n\n\n<div class=\"wp-block-button aligncenter is-style-fill\"><a class=\"wp-block-button__link\" href=\"https:\/\/apartamentoslasacaciaslanzarote.com\/fr\/livre\/\">Je veux r\u00e9server<\/a><\/div>\n\n\n\n<div style=\"height:20px\" aria-hidden=\"true\" class=\"wp-block-spacer\"><\/div>\n\n\n\n<div style=\"height:40px\" aria-hidden=\"true\" class=\"wp-block-spacer\"><\/div>\n\n\n\n<iframe src=\"https:\/\/www.google.com\/maps\/embed?pb=!1m14!1m8!1m3!1d13968.69581624012!2d-13.6603237!3d28.9228854!3m2!1i1024!2i768!4f13.1!3m3!1m2!1s0x0%3A0x943dec4ef181a83!2sApartamentos%20Las%20Acacias!5e0!3m2!1ses!2ses!4v1649094799239!5m2!1ses!2ses\" width=\"100%\" height=\"450\" style=\"border:0;\" allowfullscreen=\"\" loading=\"lazy\" referrerpolicy=\"no-referrer-when-downgrade\"><\/iframe>\n<\/div><\/div>\n\n\n\n<div class=\"wp-container-23 wp-block-columns alignwide are-vertically-aligned-center\">\n<div class=\"wp-container-21 wp-block-column is-vertically-aligned-center enlaces-apartamentos\">\n<h3 class=\"has-text-align-left\"><strong>R\u00e9servez votre voiture MAINTENANT ! !!<\/strong><\/h3>\n\n\n\n<p>R\u00e9servez votre voyage depuis chez vous, r\u00e9servez votre voiture maintenant et oubliez les complications \u00e0 votre arriv\u00e9e \u00e0 Lanzarote.<\/p>\n\n\n\n<p><a href=\"https:\/\/apartamentoslasacaciaslanzarote.com\/fr\/location-de-voiture\/\">R\u00c9SERVER UNE VOITURE<\/a><\/p>\n<\/div>\n\n\n\n<div class=\"wp-container-22 wp-block-column is-vertically-aligned-center enlaces-apartamentos\">\n<h3 class=\"has-text-align-left has-very-dark-gray-color has-text-color\"><strong>Excursions \u00e0 Lanzarote<\/strong><\/h3>\n\n\n\n<p>Lanzarote poss\u00e8de le seul parc national exclusivement g\u00e9ologique, le parc national de Timanfaya.<\/p>\n\n\n\n<p><a href=\"https:\/\/apartamentoslasacaciaslanzarote.tourtivity.travel\/search?bookingType=activity&amp;pick.code=AMTSES2232&amp;pick.type=hotel&amp;lang=en-GB&amp;utm_source=hotel&amp;utm_medium=website&amp;utm_campaign=homepage\" rel=\"nofollow noopener\" target=\"_blank\">R\u00c9SERVER DES EXCURSIONS<\/a><\/p>\n<\/div>\n<\/div>\n\n\n\n<div style=\"height:50px\" aria-hidden=\"true\" class=\"wp-block-spacer\"><\/div>\n\n\n\n<div class=\"wp-container-28 wp-block-group\"><div class=\"wp-block-group__inner-container\">\n<div class=\"wp-container-27 wp-block-columns\">\n<div class=\"wp-container-24 wp-block-column\" style=\"flex-basis:25%\"><\/div>\n\n\n\n<div class=\"wp-container-25 wp-block-column\" style=\"flex-basis:50%\">\n<h3 class=\"has-text-align-center has-very-dark-gray-color has-text-color\">Ce que nos clients disent des appartements Las Acacias<\/h3>\n\n\n\n<p><\/p>\n<\/div>\n\n\n\n<div class=\"wp-container-26 wp-block-column\" style=\"flex-basis:25%\"><\/div>\n<\/div>\n\n\n\n<script src=\"https:\/\/apps.elfsight.com\/p\/platform.js\" defer=\"\"><\/script>\n<div class=\"elfsight-app-42300cf6-cacb-4be2-b73f-cf55fe98504d\"><\/div>\n<\/div><\/div>\n","protected":false},"excerpt":{"rendered":"<p>Nos appartements \u00e0 Lanzarote pour 2 ou 3 personnes Nos appartements se composent d&rsquo;un salon avec cuisine \u00e9quip\u00e9e, d&rsquo;une chambre s\u00e9par\u00e9e avec ventilateur, d&rsquo;une salle de bain avec douche et &#8230; <\/p>\n<p class=\"read-more-container\"><a title=\"APPARTEMENTS\" class=\"read-more button\" href=\"https:\/\/apartamentoslasacaciaslanzarote.com\/fr\/appartements\/#more-4189\" aria-label=\"Plus sur APPARTEMENTS\">Reservar<\/a><\/p>\n","protected":false},"author":1,"featured_media":0,"parent":0,"menu_order":0,"comment_status":"closed","ping_status":"closed","template":"","meta":[],"_links":{"self":[{"href":"https:\/\/apartamentoslasacaciaslanzarote.com\/fr\/wp-json\/wp\/v2\/pages\/4189"}],"collection":[{"href":"https:\/\/apartamentoslasacaciaslanzarote.com\/fr\/wp-json\/wp\/v2\/pages"}],"about":[{"href":"https:\/\/apartamentoslasacaciaslanzarote.com\/fr\/wp-json\/wp\/v2\/types\/page"}],"author":[{"embeddable":true,"href":"https:\/\/apartamentoslasacaciaslanzarote.com\/fr\/wp-json\/wp\/v2\/users\/1"}],"replies":[{"embeddable":true,"href":"https:\/\/apartamentoslasacaciaslanzarote.com\/fr\/wp-json\/wp\/v2\/comments?post=4189"}],"version-history":[{"count":4,"href":"https:\/\/apartamentoslasacaciaslanzarote.com\/fr\/wp-json\/wp\/v2\/pages\/4189\/revisions"}],"predecessor-version":[{"id":4369,"href":"https:\/\/apartamentoslasacaciaslanzarote.com\/fr\/wp-json\/wp\/v2\/pages\/4189\/revisions\/4369"}],"wp:attachment":[{"href":"https:\/\/apartamentoslasacaciaslanzarote.com\/fr\/wp-json\/wp\/v2\/media?parent=4189"}],"curies":[{"name":"wp","href":"https:\/\/api.w.org\/{rel}","templated":true}]}}