{"id":4185,"date":"2020-03-19T12:01:43","date_gmt":"2020-03-19T12:01:43","guid":{"rendered":"https:\/\/apartamentoslasacaciaslanzarote.com\/alquiler-de-coche\/"},"modified":"2022-05-09T15:33:44","modified_gmt":"2022-05-09T15:33:44","slug":"location-de-voiture","status":"publish","type":"page","link":"https:\/\/apartamentoslasacaciaslanzarote.com\/fr\/location-de-voiture\/","title":{"rendered":"LOCATION DE VOITURES"},"content":{"rendered":"\n<figure class=\"wp-block-table is-style-stripes\"><table><tbody><tr><td>Groupe<\/td><td>Mod\u00e8le<\/td><td>Mod\u00e8le<\/td><td>Prix\/semaine<\/td><td><\/td><\/tr><tr><td>A<\/td><td><img loading=\"lazy\" width=\"120\" height=\"64\" class=\"wp-image-1683\" style=\"width: 120px;\" src=\"https:\/\/apartamentoslaslilaslanzarote.com\/wp-content\/uploads\/2020\/04\/toyota_aigo_small.jpg\" alt=\"\"><\/td><td><strong>Toyota Aygo.&nbsp;<\/strong>5 portes<\/td><td>\u00e0 partir de&nbsp;<strong>120 \u20ac<\/strong> <\/td><td> <a href=\"#formulario\">LIVRE<\/a><\/td><\/tr><tr><td>B<\/td><td><img loading=\"lazy\" width=\"120\" height=\"64\" class=\"wp-image-1679\" style=\"width: 120px;\" src=\"https:\/\/apartamentoslaslilaslanzarote.com\/wp-content\/uploads\/2020\/04\/nissan_micra_neu_small.jpg\" alt=\"\"><\/td><td><strong>Nissan Micra.&nbsp;<\/strong>5 Places<\/td><td>\u00e0 partir de&nbsp;<strong>130 \u20ac<\/strong> <\/td><td><a href=\"#formulario\">LIVRE<\/a><\/td><\/tr><tr><td>B<\/td><td><img loading=\"lazy\" width=\"120\" height=\"64\" class=\"wp-image-1674\" style=\"width: 120px;\" src=\"https:\/\/apartamentoslaslilaslanzarote.com\/wp-content\/uploads\/2020\/04\/fiat_panda_new_model_small.jpg\" alt=\"\"><\/td><td><strong>Fiat Panda.&nbsp;<\/strong>3 portes, climatisation, radio\/CD<\/td><td>\u00e0 partir de&nbsp;<strong>130 \u20ac<\/strong>  <\/td><td> <a href=\"#formulario\">LIVRE<\/a><\/td><\/tr><tr><td>C<\/td><td><img loading=\"lazy\" width=\"120\" height=\"64\" class=\"wp-image-1675\" style=\"width: 120px;\" src=\"https:\/\/apartamentoslaslilaslanzarote.com\/wp-content\/uploads\/2020\/04\/fiat500_small.jpg\" alt=\"\"><\/td><td><strong>Fiat 500.&nbsp;<\/strong>5 portes, climatisation, radio\/CD<\/td><td>\u00e0 partir de&nbsp;<strong>140 \u20ac<\/strong>  <\/td><td> <a href=\"#formulario\">LIVRE<\/a><\/td><\/tr><tr><td>C<\/td><td><img loading=\"lazy\" width=\"120\" height=\"64\" class=\"wp-image-1684\" style=\"width: 120px;\" src=\"https:\/\/apartamentoslaslilaslanzarote.com\/wp-content\/uploads\/2020\/04\/twingo-open-air_small.jpg\" alt=\"\"><\/td><td><strong>Twingo Open roof.&nbsp;<\/strong>5 portes, climatisation, radio\/CD<\/td><td>\u00e0 partir de&nbsp;<strong>140 \u20ac<\/strong>   <\/td><td> <a href=\"#formulario\">LIVRE<\/a><\/td><\/tr><tr><td>D<\/td><td><img loading=\"lazy\" width=\"120\" height=\"64\" class=\"wp-image-1680\" style=\"width: 120px;\" src=\"https:\/\/apartamentoslaslilaslanzarote.com\/wp-content\/uploads\/2020\/04\/nissan_note_small.jpg\" alt=\"\"><\/td><td><strong>Nissan Note.&nbsp;<\/strong>5 portes, climatisation, radio\/CD<\/td><td>\u00e0 partir de&nbsp;<strong>140 \u20ac<\/strong>   <\/td><td> <a href=\"#formulario\">LIVRE<\/a><\/td><\/tr><tr><td>D<\/td><td><img loading=\"lazy\" width=\"120\" height=\"64\" class=\"wp-image-1672\" style=\"width: 120px;\" src=\"https:\/\/apartamentoslaslilaslanzarote.com\/wp-content\/uploads\/2020\/04\/crosspolo_small.jpg\" alt=\"\"><\/td><td><strong>Sandero Stepway.&nbsp;<\/strong>5 Places <\/td><td>\u00e0 partir de&nbsp;<strong>140 \u20ac<\/strong>   <\/td><td> <a href=\"#formulario\">LIVRE<\/a><\/td><\/tr><tr><td>G<\/td><td><img loading=\"lazy\" width=\"120\" height=\"64\" class=\"wp-image-1670\" style=\"width: 120px;\" src=\"https:\/\/apartamentoslaslilaslanzarote.com\/wp-content\/uploads\/2020\/04\/clio_4_small.jpg\" alt=\"\"><\/td><td><strong>Renault Clio.&nbsp;<\/strong>5 portes, climatisation, radio\/CD<\/td><td>\u00e0 partir de&nbsp;<strong>150 \u20ac<\/strong>   <\/td><td> <a href=\"#formulario\">LIVRE<\/a><\/td><\/tr><tr><td>H<\/td><td><img loading=\"lazy\" width=\"120\" height=\"64\" class=\"wp-image-1677\" style=\"width: 120px;\" src=\"https:\/\/apartamentoslaslilaslanzarote.com\/wp-content\/uploads\/2020\/04\/kangoo_small.jpg\" alt=\"\"><\/td><td><strong>Renault Kangoo Extreme.&nbsp;<\/strong>5 portes, climatisation<\/td><td>\u00e0 partir de&nbsp;<strong>180 \u20ac<\/strong>   <\/td><td> <a href=\"#formulario\">LIVRE<\/a><\/td><\/tr><tr><td>H<\/td><td><img loading=\"lazy\" width=\"120\" height=\"64\" class=\"wp-image-1671\" style=\"width: 120px;\" src=\"https:\/\/apartamentoslaslilaslanzarote.com\/wp-content\/uploads\/2020\/04\/clio_4_sport_touareg_small.jpg\" alt=\"\"><\/td><td><strong>Renault Clio Sport-Tuareg.&nbsp;<\/strong>5 portes, climatisation, radio\/CD<\/td><td>\u00e0 partir de&nbsp;<strong>180 \u20ac<\/strong>   <\/td><td> <a href=\"#formulario\">LIVRE<\/a><\/td><\/tr><tr><td>J<\/td><td><img loading=\"lazy\" width=\"120\" height=\"64\" class=\"wp-image-1676\" style=\"width: 120px;\" src=\"https:\/\/apartamentoslaslilaslanzarote.com\/wp-content\/uploads\/2020\/04\/ford_ecosport_small.jpg\" alt=\"\"><\/td><td><strong>Nissan Juke (AUTOMATICO)( GPS ).&nbsp;<\/strong>5 portes, climatisation, radio\/CD<\/td><td>\u00e0 partir de&nbsp;<strong>250 \u20ac<\/strong>   <\/td><td> <a href=\"#formulario\">LIVRE<\/a><\/td><\/tr><tr><td>J<\/td><td><img loading=\"lazy\" width=\"120\" height=\"64\" class=\"wp-image-1673\" style=\"width: 120px;\" src=\"https:\/\/apartamentoslaslilaslanzarote.com\/wp-content\/uploads\/2020\/04\/fiat_doblo7_small.jpg\" alt=\"\"><\/td><td><strong>Fiat Doblo.&nbsp;<\/strong>7 places, climatisation, radio\/CD<\/td><td>\u00e0 partir de&nbsp;<strong>250 \u20ac<\/strong>    <\/td><td> <a href=\"#formulario\">LIVRE<\/a><\/td><\/tr><tr><td>J<\/td><td><img loading=\"lazy\" width=\"120\" height=\"60\" class=\"wp-image-1678\" style=\"width: 120px;\" src=\"https:\/\/apartamentoslaslilaslanzarote.com\/wp-content\/uploads\/2020\/04\/minicabrio_small.jpg\" alt=\"\"><\/td><td><strong>Mini Cabrio.&nbsp;<\/strong>2 portes, climatisation, radio\/CD<\/td><td>\u00e0 partir de<strong>250 \u20ac<\/strong>    <\/td><td> <a href=\"#formulario\">LIVRE<\/a><\/td><\/tr><tr><td>F<\/td><td><img loading=\"lazy\" width=\"120\" height=\"64\" class=\"wp-image-1669\" style=\"width: 120px;\" src=\"https:\/\/apartamentoslaslilaslanzarote.com\/wp-content\/uploads\/2020\/04\/beatle_small-1.jpg\" alt=\"\"><\/td><td><strong>New Beetle Cabrio.&nbsp;<\/strong>3 portes<\/td><td>\u00e0 partir de&nbsp;<strong>350 \u20ac<\/strong>    <\/td><td> <a href=\"#formulario\">LIVRE<\/a> <\/td><\/tr><tr><td>F<\/td><td><img loading=\"lazy\" width=\"120\" height=\"64\" class=\"wp-image-1681\" style=\"width: 120px;\" src=\"https:\/\/apartamentoslaslilaslanzarote.com\/wp-content\/uploads\/2020\/04\/nissanprimastar_small-1.jpg\" alt=\"\"><\/td><td><strong>Renault Trafic.&nbsp;<\/strong>9 portes, climatisation<\/td><td>\u00e0 partir de&nbsp;<strong>350 \u20ac<\/strong> <\/td><td> <a href=\"#formulario\">LIVRE<\/a><\/td><\/tr><tr><td>K<\/td><td><img loading=\"lazy\" width=\"120\" height=\"64\" class=\"wp-image-1668\" style=\"width: 120px;\" src=\"https:\/\/apartamentoslaslilaslanzarote.com\/wp-content\/uploads\/2020\/04\/abart_spider_small.jpg\" alt=\"\"><\/td><td> <strong><br>Abarth 124 Spider.&nbsp;<\/strong>2 Places <\/td><td> \u00e0 partir de&nbsp;<strong>400 \u20ac<\/strong> <\/td><td> <a href=\"#formulario\">LIVRE<\/a> <\/td><\/tr><\/tbody><\/table><\/figure>\n\n\n\n<div style=\"height:40px\" aria-hidden=\"true\" class=\"wp-block-spacer\"><\/div>\n\n\n\n<div class=\"wp-container-8 wp-block-group alignwide margenes-de-bloques has-background\" id=\"formulario\" style=\"background-color:#ffffff\"><div class=\"wp-block-group__inner-container\">\n<div class=\"wp-container-4 wp-block-columns\">\n<div class=\"wp-container-1 wp-block-column\" style=\"flex-basis:15%\"><\/div>\n\n\n\n<div class=\"wp-container-2 wp-block-column\" style=\"flex-basis:70%\">\n<h2 class=\"has-text-align-center has-very-dark-gray-color has-text-color\">R\u00e9servez maintenant, n&rsquo;attendez pas plus longtemps.<\/h2>\n\n\n\n<hr class=\"wp-block-separator is-style-default separador-titulo\"\/>\n\n\n\n<p class=\"has-text-align-center\">Grande vari\u00e9t\u00e9 de voitures de location, r\u00e9servez-les avant d&rsquo;arriver \u00e0 Lanzarote. R\u00e9servez votre voyage d\u00e8s maintenant et, \u00e0 votre arriv\u00e9e \u00e0 Lanzarote, profitez de vos vacances sans stress.<\/p>\n<\/div>\n\n\n\n<div class=\"wp-container-3 wp-block-column\" style=\"flex-basis:15%\"><\/div>\n<\/div>\n\n\n\n<div style=\"height:20px\" aria-hidden=\"true\" class=\"wp-block-spacer\"><\/div>\n\n\n\n<div class=\"wp-container-7 wp-block-columns\">\n<div class=\"wp-container-5 wp-block-column\" style=\"flex-basis:66.66%\">\n<h3><strong>Quelle voiture voulez-vous r\u00e9server ?<\/strong><\/h3>\n\n\n<div role=\"form\" class=\"wpcf7\" id=\"wpcf7-f3357-o1\" lang=\"fr-FR\" dir=\"ltr\">\n<div class=\"screen-reader-response\"><p role=\"status\" aria-live=\"polite\" aria-atomic=\"true\"><\/p> <ul><\/ul><\/div>\n<form action=\"\/fr\/wp-json\/wp\/v2\/pages\/4185#wpcf7-f3357-o1\" method=\"post\" class=\"wpcf7-form init\" novalidate=\"novalidate\" data-status=\"init\">\n<div style=\"display: none;\">\n<input type=\"hidden\" name=\"_wpcf7\" value=\"3357\" \/>\n<input type=\"hidden\" name=\"_wpcf7_version\" value=\"5.6.3\" \/>\n<input type=\"hidden\" name=\"_wpcf7_locale\" value=\"fr_FR\" \/>\n<input type=\"hidden\" name=\"_wpcf7_unit_tag\" value=\"wpcf7-f3357-o1\" \/>\n<input type=\"hidden\" name=\"_wpcf7_container_post\" value=\"0\" \/>\n<input type=\"hidden\" name=\"_wpcf7_posted_data_hash\" value=\"\" \/>\n<input type=\"hidden\" name=\"_wpcf7_recaptcha_response\" value=\"\" \/>\n<\/div>\n<div class=\"grid-50 tablet-grid-50 mobile-grid-100 first-column\">Date de la collecte*<br \/>\n    <span class=\"wpcf7-form-control-wrap\" data-name=\"FRecogida\"><input type=\"date\" name=\"FRecogida\" value=\"\" class=\"wpcf7-form-control wpcf7-date wpcf7-validates-as-required wpcf7-validates-as-date\" aria-required=\"true\" aria-invalid=\"false\" \/><\/span><\/div>\n<div class=\"grid-50 tablet-grid-50 mobile-grid-100 second-column\">Date de livraison*<br \/>\n    <span class=\"wpcf7-form-control-wrap\" data-name=\"Entrega\"><input type=\"date\" name=\"Entrega\" value=\"\" class=\"wpcf7-form-control wpcf7-date wpcf7-validates-as-required wpcf7-validates-as-date\" aria-required=\"true\" aria-invalid=\"false\" \/><\/span><\/div>\n<div class=\"grid-50 tablet-grid-50 mobile-grid-100 first-column\">S\u00e9lectionnez un v\u00e9hicule*<br \/><span class=\"wpcf7-form-control-wrap\" data-name=\"Vehiculo\"><select name=\"Vehiculo\" class=\"wpcf7-form-control wpcf7-select wpcf7-validates-as-required\" aria-required=\"true\" aria-invalid=\"false\"><option value=\"- Toyota Aygo. 5 puertas-desde 120 \u20ac\">- Toyota Aygo. 5 puertas-desde 120 \u20ac<\/option><option value=\"- Nissan Micra. 5 Places - \u00e0 partir de 130\">- Nissan Micra. 5 Places - \u00e0 partir de 130<\/option><option value=\"- Fiat Panda. 3 portes, climatisation, radio\/CD-radio \u00e0 partir de 130 \u20ac.\">- Fiat Panda. 3 portes, climatisation, radio\/CD-radio \u00e0 partir de 130 \u20ac.<\/option><option value=\"- Fiat 500. 5 portes, climatisation, radio\/CD- \u00e0 partir de 140 \u20ac.\">- Fiat 500. 5 portes, climatisation, radio\/CD- \u00e0 partir de 140 \u20ac.<\/option><option value=\"- Twingo Open roof. 5 portes, climatisation, radio\/CD- \u00e0 partir de 140 \u20ac.\">- Twingo Open roof. 5 portes, climatisation, radio\/CD- \u00e0 partir de 140 \u20ac.<\/option><option value=\"- Nissan Note. 5 portes, climatisation, radio\/CD- \u00e0 partir de 140 \u20ac.\">- Nissan Note. 5 portes, climatisation, radio\/CD- \u00e0 partir de 140 \u20ac.<\/option><option value=\"- Sandero Stepway. 5 places - \u00e0 partir de 140 euros\">- Sandero Stepway. 5 places - \u00e0 partir de 140 euros<\/option><option value=\"- Renault Clio. 5 portes, climatisation, radio\/CD- \u00e0 partir de 150 \u20ac.\">- Renault Clio. 5 portes, climatisation, radio\/CD- \u00e0 partir de 150 \u20ac.<\/option><option value=\"- Renault Kangoo Extreme. 5 portes, climatisation - \u00e0 partir de 180 \u20ac\">- Renault Kangoo Extreme. 5 portes, climatisation - \u00e0 partir de 180 \u20ac<\/option><option value=\"- Renault Clio Sport-Tuareg. 5 portes, climatisation, radio\/CD- \u00e0 partir de 180 \u20ac\">- Renault Clio Sport-Tuareg. 5 portes, climatisation, radio\/CD- \u00e0 partir de 180 \u20ac<\/option><option value=\"- Nissan Juke (AUTOMATICO)( GPS ). 5 portes, climatisation, radio\/CD- \u00e0 partir de 250 \u20ac\">- Nissan Juke (AUTOMATICO)( GPS ). 5 portes, climatisation, radio\/CD- \u00e0 partir de 250 \u20ac<\/option><option value=\"- Fiat Doblo. 7 places, climatisation, radio\/CD- \u00e0 partir de 250 \u20ac\">- Fiat Doblo. 7 places, climatisation, radio\/CD- \u00e0 partir de 250 \u20ac<\/option><option value=\"- Mini Cabrio. 2 portes, cabriolet, climatisation, radio de 250 \u20ac\">- Mini Cabrio. 2 portes, cabriolet, climatisation, radio de 250 \u20ac<\/option><option value=\"- New Beetle Cabrio. 33 portes - \u00e0 partir de 350 \u20ac\">- New Beetle Cabrio. 33 portes - \u00e0 partir de 350 \u20ac<\/option><option value=\"- Renault Trafic. 9 places, climatis\u00e9 - \u00e0 partir de 350 \u20ac.\">- Renault Trafic. 9 places, climatis\u00e9 - \u00e0 partir de 350 \u20ac.<\/option><option value=\"- Abarth 124 Spider. 2 si\u00e8ges - \u00e0 partir de 400 \u20ac\">- Abarth 124 Spider. 2 si\u00e8ges - \u00e0 partir de 400 \u20ac<\/option><\/select><\/span><\/div>\n<div class=\"grid-50 tablet-grid-50 mobile-grid-100 second-column\">Galerie de toit (sous r\u00e9serve de disponibilit\u00e9)<br \/>\n   <span class=\"wpcf7-form-control-wrap\" data-name=\"baca\"><span class=\"wpcf7-form-control wpcf7-radio\"><span class=\"wpcf7-list-item first\"><input type=\"radio\" name=\"baca\" value=\"non\" checked=\"checked\" \/><span class=\"wpcf7-list-item-label\">non<\/span><\/span><span class=\"wpcf7-list-item last\"><input type=\"radio\" name=\"baca\" value=\"oui\" \/><span class=\"wpcf7-list-item-label\">oui<\/span><\/span><\/span><\/span><\/div>\n<div class=\"grid-50 tablet-grid-50 mobile-grid-100 first-column\">1er fauteuil pour enfants<br \/>\n    <span class=\"wpcf7-form-control-wrap\" data-name=\"silla1\"><select name=\"silla1\" class=\"wpcf7-form-control wpcf7-select\" aria-invalid=\"false\"><option value=\"sans chaise\">sans chaise<\/option><option value=\"3 mois\">3 mois<\/option><option value=\"6 mois\">6 mois<\/option><option value=\"9 mois\">9 mois<\/option><option value=\"12 mois\">12 mois<\/option><option value=\"2 ann\u00e9es\">2 ann\u00e9es<\/option><option value=\"3 ann\u00e9es\">3 ann\u00e9es<\/option><option value=\"4 ann\u00e9es\">4 ann\u00e9es<\/option><option value=\"5 ann\u00e9es\">5 ann\u00e9es<\/option><option value=\"6 ann\u00e9es\">6 ann\u00e9es<\/option><option value=\"7 ann\u00e9es\">7 ann\u00e9es<\/option><option value=\"8 ann\u00e9es\">8 ann\u00e9es<\/option><option value=\"9 ann\u00e9es\">9 ann\u00e9es<\/option><option value=\"10 ann\u00e9es\">10 ann\u00e9es<\/option><\/select><\/span><\/div>\n<div class=\"grid-50 tablet-grid-50 mobile-grid-100 second-column\">2\u00e8me chaise pour enfants<br \/>\n    <span class=\"wpcf7-form-control-wrap\" data-name=\"silla2\"><select name=\"silla2\" class=\"wpcf7-form-control wpcf7-select\" aria-invalid=\"false\"><option value=\"sans chaise\">sans chaise<\/option><option value=\"3 mois\">3 mois<\/option><option value=\"6 mois\">6 mois<\/option><option value=\"9 mois\">9 mois<\/option><option value=\"12 mois\">12 mois<\/option><option value=\"2 ann\u00e9es\">2 ann\u00e9es<\/option><option value=\"3 ann\u00e9es\">3 ann\u00e9es<\/option><option value=\"4 ann\u00e9es\">4 ann\u00e9es<\/option><option value=\"5 ann\u00e9es\">5 ann\u00e9es<\/option><option value=\"6 ann\u00e9es\">6 ann\u00e9es<\/option><option value=\"7 ann\u00e9es\">7 ann\u00e9es<\/option><option value=\"8 ann\u00e9es\">8 ann\u00e9es<\/option><option value=\"9 ann\u00e9es\">9 ann\u00e9es<\/option><option value=\"10 ann\u00e9es\">10 ann\u00e9es<\/option><\/select><\/span><\/div>\n<div class=\"grid-50 tablet-grid-50 mobile-grid-100 first-column\">Collection de voitures*<br \/>\n    <span class=\"wpcf7-form-control-wrap\" data-name=\"recogida\"><select name=\"recogida\" class=\"wpcf7-form-control wpcf7-select wpcf7-validates-as-required\" aria-required=\"true\" aria-invalid=\"false\"><option value=\"A\u00e9roport\">A\u00e9roport<\/option><option value=\"Hotel\">Hotel<\/option><\/select><\/span><\/div>\n<div class=\"grid-50 tablet-grid-50 mobile-grid-100 second-column\">Num\u00e9ro de vol<br \/>\n    <span class=\"wpcf7-form-control-wrap\" data-name=\"vuelo\"><input type=\"text\" name=\"vuelo\" value=\"\" size=\"40\" class=\"wpcf7-form-control wpcf7-text\" aria-invalid=\"false\" \/><\/span> <\/div>\n<div class=\"grid-50 tablet-grid-50 mobile-grid-100 first-column\">Nom et pr\u00e9nom *<br \/>\n    <span class=\"wpcf7-form-control-wrap\" data-name=\"your-name\"><input type=\"text\" name=\"your-name\" value=\"\" size=\"40\" class=\"wpcf7-form-control wpcf7-text wpcf7-validates-as-required\" aria-required=\"true\" aria-invalid=\"false\" \/><\/span><\/div>\n<div class=\"grid-50 tablet-grid-50 mobile-grid-100 second-column\">T\u00e9l\u00e9phone*<br \/>\n    <span class=\"wpcf7-form-control-wrap\" data-name=\"phone-number\"><input type=\"tel\" name=\"phone-number\" value=\"\" size=\"40\" class=\"wpcf7-form-control wpcf7-text wpcf7-tel wpcf7-validates-as-required wpcf7-validates-as-tel\" aria-required=\"true\" aria-invalid=\"false\" \/><\/span><\/div>\n<div class=\"grid-33 tablet-grid-33 mobile-grid-100 first-column\">Email *<br \/>\n    <span class=\"wpcf7-form-control-wrap\" data-name=\"your-email\"><input type=\"email\" name=\"your-email\" value=\"\" size=\"40\" class=\"wpcf7-form-control wpcf7-text wpcf7-email wpcf7-validates-as-required wpcf7-validates-as-email\" aria-required=\"true\" aria-invalid=\"false\" \/><\/span><\/div>\n<div class=\"grid-33 tablet-grid-33 mobile-grid-100 second-column\">Adresse<br \/>\n    <span class=\"wpcf7-form-control-wrap\" data-name=\"direccion\"><input type=\"text\" name=\"direccion\" value=\"\" size=\"40\" class=\"wpcf7-form-control wpcf7-text\" aria-invalid=\"false\" \/><\/span><\/div>\n<div class=\"grid-33 tablet-grid-33 mobile-grid-100 third-column\">Pays<br \/>\n    <span class=\"wpcf7-form-control-wrap\" data-name=\"pais\"><input type=\"text\" name=\"pais\" value=\"\" size=\"40\" class=\"wpcf7-form-control wpcf7-text\" aria-invalid=\"false\" \/><\/span><\/div>\n<div class=\"grid-100 tablet-grid-100 mobile-grid-100 one-column\">Commentaires<br \/>\n    <span class=\"wpcf7-form-control-wrap\" data-name=\"your-message\"><textarea name=\"your-message\" cols=\"40\" rows=\"10\" class=\"wpcf7-form-control wpcf7-textarea\" aria-invalid=\"false\"><\/textarea><\/span> <\/div>\n<p style=\"font-size:12px\"><span class=\"wpcf7-form-control-wrap\" data-name=\"ckeck-edad\"><span class=\"wpcf7-form-control wpcf7-acceptance\"><span class=\"wpcf7-list-item\"><input type=\"checkbox\" name=\"ckeck-edad\" value=\"1\" aria-invalid=\"false\" \/><\/span><\/span><\/span>J'ai au moins 23 ans et je poss\u00e8de un permis de conduire valable depuis au moins un an.<\/p>\n<p style=\"font-size:12px\"><span class=\"wpcf7-form-control-wrap\" data-name=\"ckeck-legal\"><span class=\"wpcf7-form-control wpcf7-acceptance\"><span class=\"wpcf7-list-item\"><input type=\"checkbox\" name=\"ckeck-legal\" value=\"1\" aria-invalid=\"false\" \/><\/span><\/span><\/span>J'ai lu et j'accepte <a href=\"https:\/\/apartamentoslasacaciaslanzarote.com\/politica-de-privacidad\/\" TARGET='_blank'>politique de confidentialit\u00e9 et soumissions \u00e9lectroniques.<\/a><\/p>\n<div class=\"boton-fomrulario\"><input type=\"submit\" value=\"LIVRE\" class=\"wpcf7-form-control has-spinner wpcf7-submit\" \/><\/div>\n<p><\/br><\/p>\n<p style=\"font-size:12px;\">\n<strong>Informations de base sur la protection des donn\u00e9es :<\/strong><br \/>\n<strong>Responsable:<\/strong> LAS ACACIAS CLUB DE MAR, S.L.<br \/>\n<strong>Objet:<\/strong>Envoi des informations demand\u00e9es (si vous cochez la case correspondante)<br \/>\n<strong>L\u00e9gitimation:<\/strong> Consentement de la personne concern\u00e9e.<br \/>\n<strong>Destinataires:<\/strong>Nous ne divulguons pas vos donn\u00e9es sauf si nous sommes l\u00e9galement oblig\u00e9s de le faire.<br \/>\n<strong>Droits :<\/strong> Droits d'acc\u00e8s, de rectification et de suppression des donn\u00e9es, ainsi que les autres droits d\u00e9taill\u00e9s dans la politique de confidentialit\u00e9.<br \/>\n<strong>Ce site est prot\u00e9g\u00e9 par le reCAPTCHA de Google.<br \/>\n<a href=\"https:\/\/policies.google.com\/privacy\" rel=\"nofollow noopener\" target=\"_blank\">Politique de confidentialit\u00e9 \/a>et <a href=\"https:\/\/policies.google.com\/terms\" rel=\"nofollow noopener\" target=\"_blank\">Conditions d'utilisation appliqu\u00e9es.<\/a><\/p>\n<div class=\"wpcf7-response-output\" aria-hidden=\"true\"><\/div><\/form><\/div>\n\n\n\n<div style=\"height:30px\" aria-hidden=\"true\" class=\"wp-block-spacer\"><\/div>\n<\/div>\n\n\n\n<div class=\"wp-container-6 wp-block-column\" style=\"flex-basis:33.33%\">\n<h3><strong>Conditions locales :<\/strong><\/h3>\n\n\n\n<div style=\"height:30px\" aria-hidden=\"true\" class=\"wp-block-spacer\"><\/div>\n\n\n\n<ul><li>Les prix indiqu\u00e9s sur cette page comprennent d\u00e9j\u00e0 les taxes, l&rsquo;assurance tous risques sans franchise et le kilom\u00e9trage illimit\u00e9.<\/li><li>\u00c2ge minimum : 23 ans.<\/li><li>Documentation\/licence : plus d&rsquo;un an, documentation\/licence internationale sans importance.<\/li><li>Garantie\/d\u00e9p\u00f4t : pas de d\u00e9p\u00f4t \u00e0 payer.<\/li><li>Essence\/r\u00e9servoir : pas de paiement d&rsquo;essence. retour avec la m\u00eame quantit\u00e9, normalement (1\/4). Le d\u00e9p\u00f4t de garantie\/r\u00e9servoir ne doit pas \u00eatre mis en place. Il n&rsquo;est pas possible de faire le plein de l&rsquo;essence restante.<\/li><li>Exceptions \u00e0 l&rsquo;assurance : perte ou bris de cl\u00e9s, dessous de caisse du v\u00e9hicule, l&rsquo;assurance ne couvre pas les routes non goudronn\u00e9es.<\/li><li>Livraison gratuite \u00e0 l&rsquo;h\u00f4tel ou \u00e0 l&rsquo;a\u00e9roport.<\/li><li>Si\u00e8ges pour enfants ou rehausseurs gratuits, disponibles \u00e0 partir de 3-4 ans.<\/li><li>Porte-bagages gratuits (pas disponible pour tous les mod\u00e8les).<\/li><\/ul>\n\n\n\n<div style=\"height:30px\" aria-hidden=\"true\" class=\"wp-block-spacer\"><\/div>\n\n\n\n<figure class=\"wp-block-image size-full\"><img loading=\"lazy\" width=\"500\" height=\"373\" src=\"https:\/\/apartamentoslasacaciaslanzarote.com\/wp-content\/uploads\/2022\/03\/coche-alquiler.png\" alt=\"\" class=\"wp-image-4113\" srcset=\"https:\/\/apartamentoslasacaciaslanzarote.com\/wp-content\/uploads\/2022\/03\/coche-alquiler.png 500w, https:\/\/apartamentoslasacaciaslanzarote.com\/wp-content\/uploads\/2022\/03\/coche-alquiler-300x224.png 300w\" sizes=\"(max-width: 500px) 100vw, 500px\" \/><\/figure>\n<\/div>\n<\/div>\n<\/div><\/div>\n\n\n\n<div class=\"wp-container-11 wp-block-columns alignwide are-vertically-aligned-center\">\n<div class=\"wp-container-9 wp-block-column is-vertically-aligned-center enlaces-apartamentos\">\n<h3 class=\"has-text-align-left\"><strong>Excursions \u00e0 Lanzarote<\/strong><\/h3>\n\n\n\n<p>Lanzarote poss\u00e8de le seul parc national exclusivement g\u00e9ologique, le parc national de Timanfaya.<\/p>\n\n\n\n<p><a href=\"https:\/\/apartamentoslasacaciaslanzarote.tourtivity.travel\/search?bookingType=activity&amp;pick.code=AMTSES2232&amp;pick.type=hotel&amp;lang=en-GB&amp;utm_source=hotel&amp;utm_medium=website&amp;utm_campaign=homepage\" rel=\"nofollow noopener\" target=\"_blank\">R\u00c9SERVER DES EXCURSIONS<\/a><\/p>\n<\/div>\n\n\n\n<div class=\"wp-container-10 wp-block-column is-vertically-aligned-center enlaces-apartamentos\">\n<h3 class=\"has-text-align-left\"><strong>Las Acacias Apartments<\/strong><\/h3>\n\n\n\n<p>Appartements de vacances \u00e0 Puerto del Carmen. Il dispose d&rsquo;une terrasse, d&rsquo;un salon, d&rsquo;une chambre, d&rsquo;une salle de bains et d&rsquo;une cuisine.<\/p>\n\n\n\n<p><a href=\"https:\/\/apartamentoslasacaciaslanzarote.com\/fr\/appartements\/\">LIVRE PLAT<\/a><\/p>\n<\/div>\n<\/div>\n","protected":false},"excerpt":{"rendered":"<p>Groupe Mod\u00e8le Mod\u00e8le Prix\/semaine A Toyota Aygo.&nbsp;5 portes \u00e0 partir de&nbsp;120 \u20ac LIVRE B Nissan Micra.&nbsp;5 Places \u00e0 partir de&nbsp;130 \u20ac LIVRE B Fiat Panda.&nbsp;3 portes, climatisation, radio\/CD \u00e0 partir &#8230; <\/p>\n<p class=\"read-more-container\"><a title=\"LOCATION DE VOITURES\" class=\"read-more button\" href=\"https:\/\/apartamentoslasacaciaslanzarote.com\/fr\/location-de-voiture\/#more-4185\" aria-label=\"Plus sur LOCATION DE VOITURES\">Reservar<\/a><\/p>\n","protected":false},"author":1,"featured_media":0,"parent":0,"menu_order":0,"comment_status":"closed","ping_status":"closed","template":"","meta":[],"_links":{"self":[{"href":"https:\/\/apartamentoslasacaciaslanzarote.com\/fr\/wp-json\/wp\/v2\/pages\/4185"}],"collection":[{"href":"https:\/\/apartamentoslasacaciaslanzarote.com\/fr\/wp-json\/wp\/v2\/pages"}],"about":[{"href":"https:\/\/apartamentoslasacaciaslanzarote.com\/fr\/wp-json\/wp\/v2\/types\/page"}],"author":[{"embeddable":true,"href":"https:\/\/apartamentoslasacaciaslanzarote.com\/fr\/wp-json\/wp\/v2\/users\/1"}],"replies":[{"embeddable":true,"href":"https:\/\/apartamentoslasacaciaslanzarote.com\/fr\/wp-json\/wp\/v2\/comments?post=4185"}],"version-history":[{"count":3,"href":"https:\/\/apartamentoslasacaciaslanzarote.com\/fr\/wp-json\/wp\/v2\/pages\/4185\/revisions"}],"predecessor-version":[{"id":4361,"href":"https:\/\/apartamentoslasacaciaslanzarote.com\/fr\/wp-json\/wp\/v2\/pages\/4185\/revisions\/4361"}],"wp:attachment":[{"href":"https:\/\/apartamentoslasacaciaslanzarote.com\/fr\/wp-json\/wp\/v2\/media?parent=4185"}],"curies":[{"name":"wp","href":"https:\/\/api.w.org\/{rel}","templated":true}]}}