{"id":4192,"date":"2020-06-21T15:57:36","date_gmt":"2020-06-21T15:57:36","guid":{"rendered":"https:\/\/apartamentoslasacaciaslanzarote.com\/aviso-legal\/"},"modified":"2024-08-05T11:11:29","modified_gmt":"2024-08-05T11:11:29","slug":"aviso-legal","status":"publish","type":"page","link":"https:\/\/apartamentoslasacaciaslanzarote.com\/en\/aviso-legal\/","title":{"rendered":"Aviso Legal"},"content":{"rendered":"\n<div class=\"wp-container-1 wp-block-group\"><div class=\"wp-block-group__inner-container\">\n<p><strong>Aviso legal y pol\u00edtica de privacidad<\/strong><\/p>\n\n\n\n<p>Esta p\u00e1gina web es propiedad de LAS ACACIAS CLUB DE MAR, S.L., en adelante Apartamentos Las Acacias, Inscrita en el Registro Mercantil de Lanzarote, Provincia de las Palmas, Tomo 420, Libro 0, Folio 41, Secci\u00f3n 8, Hoja IL-9980, Inscripci\u00f3n 1\u00aa.<\/p>\n\n\n\n<p>Domicilio (C\/ Princesa Guayarmina, n\u00ba1, T\u00edas (35510), Las Palmas, Espa\u00f1a<br>Tel\u00e9fono: (+34) <strong>928 516 075 <\/strong> &#8211; E-mail: <strong>Info@lasacaciasaptslanzarote.com<\/strong><\/p>\n\n\n\n<p><strong>1. Condiciones generales<\/strong><\/p>\n\n\n\n<p>El acceso y el uso de la P\u00e1gina web de Apartamentos Las Acacias quedar\u00e1 sujeto a las presentes condiciones generales. La utilizaci\u00f3n en todas las p\u00e1ginas web de titularidad de Apartamentos Las Acacias supone la aceptaci\u00f3n plena por el Usuario de todas las Condiciones Generales de Uso vigentes en cada momento en que el usuario acceda al mismo.<\/p>\n\n\n\n<p>Apartamentos Las Acacias se reserva el derecho a modificar en cualquier momento las presentes Condiciones de Uso.<\/p>\n\n\n\n<p><strong>2. Uso de la p\u00e1gina web, servicios y contenidos<\/strong><\/p>\n\n\n\n<p>El usuario se obliga a hacer un uso correcto de esta p\u00e1gina, sus servicios y contenidos, sin contravenir los derechos fundamentales, la legislaci\u00f3n vigente, la buena fe, los usos generalmente aceptados, el orden p\u00fablico, y las condiciones particulares de ciertos servicios. Se proh\u00edbe cualquier uso con fines il\u00edcitos o que vulneren los derechos de Apartamentos Las Acacias y sus titulares o un tercero, o que de cualquier forma, perjudique al normal funcionamiento de la p\u00e1gina o de cualesquiera equipos inform\u00e1ticos o documentos de cualquier clase contenidos en los mismos. Respecto de los contenidos (informaciones, textos, gr\u00e1ficos, archivos de sonido y\/o imagen, fotograf\u00edas, dise\u00f1os, etc&#8230;) se proh\u00edbe especialmente:<\/p>\n\n\n\n<p>\u2022 Su reproducci\u00f3n, distribuci\u00f3n o modificaci\u00f3n o de cualquier otra forma su comunicaci\u00f3n p\u00fablica, salvo que se obtenga la autorizaci\u00f3n de sus leg\u00edtimos titulares o que resulte legalmente permitido;<br>\u2022 Eliminar o modificar el copyright y dem\u00e1s datos identificativos de la reserva de derechos de Apartamentos Las Acacias \u00f3 de sus titulares, de las huellas digitales o de cualquier otro medio t\u00e9cnico para su reconocimiento;<br>\u2022 Intentar obtener los contenidos de la p\u00e1gina web por un medio distinto a los disponibles para los usuarios o a los habituales en la red, siempre que estos \u00faltimos no causen perjuicio alguno a la p\u00e1gina web de Apartamentos Las Acacias<br>\u2022 Remitir mensajes o enviar cadenas de mensajes electr\u00f3nicos no solicitados o consentidos por sus destinatarios. Los usuarios o terceros perjudicados por la recepci\u00f3n de mensajes no solicitados podr\u00e1n comunic\u00e1rselo a Apartamentos Las Acacias remitiendo un mensaje a la siguiente direcci\u00f3n de correo electr\u00f3nico<strong> Info@lasacaciasaptslanzarote.com<\/strong><\/p>\n\n\n\n<p>\u2022 Igualmente, se proh\u00edbe utilizar las listas de distribuci\u00f3n as\u00ed como poner a disposici\u00f3n de terceros datos recabados a partir de las mismas, para realizar las actividades se\u00f1aladas anteriormente. Respecto del site, el usuario se compromete, en particular a no transmitir o difundir de terceros informaciones, datos, contenidos, mensajes, gr\u00e1ficos, dibujos, archivos de sonido y\/o imagen, fotograf\u00edas, grabaciones, software y en general cualquier material que:<\/p>\n\n\n\n<p>\u2022 Induzca o promueva actuaciones delictivas, denigratorias, difamatorias, violentas o en general, contrarias a la ley, a la moral y buenas costumbres generalmente aceptadas, o al orden p\u00fablico; o permita acceder a productos, elementos, mensajes y\/o servicios delictivos, violentos, ofensivos, nocivos, degradantes o, en general, contrarios a la ley, a la moral y a las buenas costumbres generalmente aceptadas, o al orden p\u00fablico;<br>\u2022 Sea falso, ambiguo, inexacto, exagerado o extempor\u00e1neo, pudiendo llevar a enga\u00f1o sobre su objeto o sobre las intenciones del comunicante;<br>\u2022 Siendo propiedad intelectual o industrial de terceros, se pretenda utilizar sin su previa autorizaci\u00f3n;<br>\u2022 Viole los secretos empresariales de terceros o infrinja la normativa sobre el secreto de las comunicaciones;<br>\u2022 De cualquier manera menoscabe la reputaci\u00f3n de Apartamentos Las Acacias o de terceros, o constituya, en su caso, publicidad il\u00edcita, enga\u00f1osa o desleal, y en general competencia desleal; Apartamentos Las Acacias o de terceros, o que puedan da\u00f1ar los documentos electr\u00f3nicos y archivos almacenados en dichos equipos;<br>\u2022 Contenga etiquetas HTML distintas de aqu\u00e9llas expresamente autorizadas por Apartamentos Las Acacias<\/p>\n\n\n\n<p><strong>3. Propiedad Intelectual e Industrial<\/strong><\/p>\n\n\n\n<p>Todos los contenidos de las p\u00e1ginas web de Apartamentos Las Acacias est\u00e1n sometidos a la normativa sobre Propiedad Intelectual y\/o Industrial. Los derechos sobre los contenidos corresponden a Apartamentos Las Acacias o a terceros en su caso. El usuario s\u00f3lo podr\u00e1 visualizar y obtener una copia privada de los contenidos siempre y cuando dicha copia sea exclusivamente para su uso personal y privado, quedando terminantemente prohibida su utilizaci\u00f3n para fines comerciales.<\/p>\n\n\n\n<p><strong>4. Renuncias y Limitaciones de responsabilidad<\/strong><\/p>\n\n\n\n<p>Apartamentos Las Acacias no ser\u00e1 responsable de la informaci\u00f3n, los servicios y\/o productos ofertados y\/o prestados por terceros a trav\u00e9s de la p\u00e1gina web de Apartamentos Las Acacias ni de los contenidos proporcionados por terceros. Apartamentos Las Acacias no garantiza la idoneidad, fiabilidad, disponibilidad, oportunidad o exactitud de informaci\u00f3n o servicios contenidos en su p\u00e1gina web, ni ser\u00e1 responsable de los da\u00f1os directos o indirectos en relaci\u00f3n con el uso de los contenidos de su p\u00e1gina web. Apartamentos Las Acacias no garantiza que los contenidos de su p\u00e1gina sean aptos o disponibles fuera de Espa\u00f1a. En el supuesto de que todo o parte de los contenidos de la p\u00e1gina web de Apartamentos Las Acacias sean considerados ilegales en pa\u00edses distintos de Espa\u00f1a, queda prohibido el acceso a los mismos y su utilizaci\u00f3n por los usuarios, y en el caso de que este se produzca, ser\u00e1 exclusivamente bajo la responsabilidad de los usuarios, estando estos obligados al cumplimiento de las leyes nacionales de aplicaci\u00f3n. El uso que pueda hacerse de la informaci\u00f3n y contenidos que aparecen en la p\u00e1gina web de Apartamentos Las Acacias y\/o del acceso a otras p\u00e1ginas web de terceros a trav\u00e9s de conexiones o &#8220;links&#8221; que aparecen en la p\u00e1gina de Apartamentos Las Acacias se realizar\u00e1 bajo la exclusiva responsabilidad de aquellos que efect\u00faen este tipo de actos, no siendo Apartamentos Las Acacias responsable en ning\u00fan caso de los da\u00f1os o perjuicios que puedan derivarse de dichos usos o actividades.<\/p>\n<\/div><\/div>\n","protected":false},"excerpt":{"rendered":"<p>Aviso legal y pol\u00edtica de privacidad Esta p\u00e1gina web es propiedad de LAS ACACIAS CLUB DE MAR, S.L., en adelante Apartamentos Las Acacias, Inscrita en el Registro Mercantil de Lanzarote, &#8230; <\/p>\n<p class=\"read-more-container\"><a title=\"Aviso Legal\" class=\"read-more button\" href=\"https:\/\/apartamentoslasacaciaslanzarote.com\/en\/aviso-legal\/#more-4192\" aria-label=\"More on Aviso Legal\">Reservar<\/a><\/p>\n","protected":false},"author":1,"featured_media":0,"parent":0,"menu_order":0,"comment_status":"closed","ping_status":"closed","template":"","meta":[],"_links":{"self":[{"href":"https:\/\/apartamentoslasacaciaslanzarote.com\/en\/wp-json\/wp\/v2\/pages\/4192"}],"collection":[{"href":"https:\/\/apartamentoslasacaciaslanzarote.com\/en\/wp-json\/wp\/v2\/pages"}],"about":[{"href":"https:\/\/apartamentoslasacaciaslanzarote.com\/en\/wp-json\/wp\/v2\/types\/page"}],"author":[{"embeddable":true,"href":"https:\/\/apartamentoslasacaciaslanzarote.com\/en\/wp-json\/wp\/v2\/users\/1"}],"replies":[{"embeddable":true,"href":"https:\/\/apartamentoslasacaciaslanzarote.com\/en\/wp-json\/wp\/v2\/comments?post=4192"}],"version-history":[{"count":3,"href":"https:\/\/apartamentoslasacaciaslanzarote.com\/en\/wp-json\/wp\/v2\/pages\/4192\/revisions"}],"predecessor-version":[{"id":9797,"href":"https:\/\/apartamentoslasacaciaslanzarote.com\/en\/wp-json\/wp\/v2\/pages\/4192\/revisions\/9797"}],"wp:attachment":[{"href":"https:\/\/apartamentoslasacaciaslanzarote.com\/en\/wp-json\/wp\/v2\/media?parent=4192"}],"curies":[{"name":"wp","href":"https:\/\/api.w.org\/{rel}","templated":true}]}}