{"id":4190,"date":"2020-03-19T12:01:15","date_gmt":"2020-03-19T12:01:15","guid":{"rendered":"https:\/\/apartamentoslasacaciaslanzarote.com\/apartamentos\/"},"modified":"2022-05-10T15:19:17","modified_gmt":"2022-05-10T15:19:17","slug":"apartments","status":"publish","type":"page","link":"https:\/\/apartamentoslasacaciaslanzarote.com\/de\/apartments\/","title":{"rendered":"APARTMENTS"},"content":{"rendered":"\n<div class=\"wp-container-20 wp-block-group alignwide home-icono\"><div class=\"wp-block-group__inner-container\">\n<div class=\"wp-container-4 wp-block-columns\">\n<div class=\"wp-container-1 wp-block-column\" style=\"flex-basis:15%\"><\/div>\n\n\n\n<div class=\"wp-container-2 wp-block-column\" style=\"flex-basis:70%\">\n<h2 class=\"has-text-align-center\">Unsere Wohnungen auf Lanzarote f\u00fcr 2 oder 3 Personen<\/h2>\n\n\n\n<hr class=\"wp-block-separator separador-titulo\"\/>\n\n\n\n<p class=\"has-text-align-center\">Unsere Wohnungen bestehen aus einem Wohnzimmer mit ausgestatteter K\u00fcche, separatem Schlafzimmer mit Ventilator, Bad mit Dusche und Terrasse. Ideal f\u00fcr 2 oder 3 Personen, da sie ein Schlafsofa im Wohnzimmer haben.<\/p>\n<\/div>\n\n\n\n<div class=\"wp-container-3 wp-block-column\" style=\"flex-basis:15%\"><\/div>\n<\/div>\n\n\n\n<div style=\"height:40px\" aria-hidden=\"true\" class=\"wp-block-spacer\"><\/div>\n\n\n\n<figure class=\"wp-container-6 wp-block-gallery-5 wp-block-gallery has-nested-images columns-5 is-cropped\">\n<figure class=\"wp-block-image size-large\"><a href=\"https:\/\/apartamentoslasacaciaslanzarote.com\/wp-content\/uploads\/2022\/03\/las-acacias-apartamentos-lanzarote-4.jpg\"><img loading=\"lazy\" width=\"1024\" height=\"683\" src=\"https:\/\/apartamentoslasacaciaslanzarote.com\/wp-content\/uploads\/2022\/03\/las-acacias-apartamentos-lanzarote-4-1024x683.jpg\" alt=\"\" class=\"wp-image-3163\" srcset=\"https:\/\/apartamentoslasacaciaslanzarote.com\/wp-content\/uploads\/2022\/03\/las-acacias-apartamentos-lanzarote-4-1024x683.jpg 1024w, https:\/\/apartamentoslasacaciaslanzarote.com\/wp-content\/uploads\/2022\/03\/las-acacias-apartamentos-lanzarote-4-300x200.jpg 300w, https:\/\/apartamentoslasacaciaslanzarote.com\/wp-content\/uploads\/2022\/03\/las-acacias-apartamentos-lanzarote-4-768x512.jpg 768w, https:\/\/apartamentoslasacaciaslanzarote.com\/wp-content\/uploads\/2022\/03\/las-acacias-apartamentos-lanzarote-4.jpg 1500w\" sizes=\"(max-width: 1024px) 100vw, 1024px\" \/><\/a><\/figure>\n\n\n\n<figure class=\"wp-block-image size-large\"><a href=\"https:\/\/apartamentoslasacaciaslanzarote.com\/wp-content\/uploads\/2022\/03\/las-acacias-apartamentos-lanzarote-2.jpg\"><img loading=\"lazy\" width=\"1024\" height=\"684\" src=\"https:\/\/apartamentoslasacaciaslanzarote.com\/wp-content\/uploads\/2022\/03\/las-acacias-apartamentos-lanzarote-2-1024x684.jpg\" alt=\"\" class=\"wp-image-3161\" srcset=\"https:\/\/apartamentoslasacaciaslanzarote.com\/wp-content\/uploads\/2022\/03\/las-acacias-apartamentos-lanzarote-2-1024x684.jpg 1024w, https:\/\/apartamentoslasacaciaslanzarote.com\/wp-content\/uploads\/2022\/03\/las-acacias-apartamentos-lanzarote-2-300x200.jpg 300w, https:\/\/apartamentoslasacaciaslanzarote.com\/wp-content\/uploads\/2022\/03\/las-acacias-apartamentos-lanzarote-2-768x513.jpg 768w, https:\/\/apartamentoslasacaciaslanzarote.com\/wp-content\/uploads\/2022\/03\/las-acacias-apartamentos-lanzarote-2-1536x1026.jpg 1536w, https:\/\/apartamentoslasacaciaslanzarote.com\/wp-content\/uploads\/2022\/03\/las-acacias-apartamentos-lanzarote-2.jpg 1900w\" sizes=\"(max-width: 1024px) 100vw, 1024px\" \/><\/a><\/figure>\n\n\n\n<figure class=\"wp-block-image size-large\"><a href=\"https:\/\/apartamentoslasacaciaslanzarote.com\/wp-content\/uploads\/2022\/03\/las-acacias-apartamentos-lanzarote-1.jpg\"><img loading=\"lazy\" width=\"1024\" height=\"684\" src=\"https:\/\/apartamentoslasacaciaslanzarote.com\/wp-content\/uploads\/2022\/03\/las-acacias-apartamentos-lanzarote-1-1024x684.jpg\" alt=\"\" class=\"wp-image-3160\" srcset=\"https:\/\/apartamentoslasacaciaslanzarote.com\/wp-content\/uploads\/2022\/03\/las-acacias-apartamentos-lanzarote-1-1024x684.jpg 1024w, https:\/\/apartamentoslasacaciaslanzarote.com\/wp-content\/uploads\/2022\/03\/las-acacias-apartamentos-lanzarote-1-300x200.jpg 300w, https:\/\/apartamentoslasacaciaslanzarote.com\/wp-content\/uploads\/2022\/03\/las-acacias-apartamentos-lanzarote-1-768x513.jpg 768w, https:\/\/apartamentoslasacaciaslanzarote.com\/wp-content\/uploads\/2022\/03\/las-acacias-apartamentos-lanzarote-1-1536x1026.jpg 1536w, https:\/\/apartamentoslasacaciaslanzarote.com\/wp-content\/uploads\/2022\/03\/las-acacias-apartamentos-lanzarote-1.jpg 1900w\" sizes=\"(max-width: 1024px) 100vw, 1024px\" \/><\/a><\/figure>\n\n\n\n<figure class=\"wp-block-image size-large\"><a href=\"https:\/\/apartamentoslasacaciaslanzarote.com\/wp-content\/uploads\/2022\/03\/las-acacias-apartamentos-lanzarote-3.jpg\"><img loading=\"lazy\" width=\"1024\" height=\"683\" src=\"https:\/\/apartamentoslasacaciaslanzarote.com\/wp-content\/uploads\/2022\/03\/las-acacias-apartamentos-lanzarote-3-1024x683.jpg\" alt=\"\" class=\"wp-image-3162\" srcset=\"https:\/\/apartamentoslasacaciaslanzarote.com\/wp-content\/uploads\/2022\/03\/las-acacias-apartamentos-lanzarote-3-1024x683.jpg 1024w, https:\/\/apartamentoslasacaciaslanzarote.com\/wp-content\/uploads\/2022\/03\/las-acacias-apartamentos-lanzarote-3-300x200.jpg 300w, https:\/\/apartamentoslasacaciaslanzarote.com\/wp-content\/uploads\/2022\/03\/las-acacias-apartamentos-lanzarote-3-768x512.jpg 768w, https:\/\/apartamentoslasacaciaslanzarote.com\/wp-content\/uploads\/2022\/03\/las-acacias-apartamentos-lanzarote-3.jpg 1500w\" sizes=\"(max-width: 1024px) 100vw, 1024px\" \/><\/a><\/figure>\n\n\n\n<figure class=\"wp-block-image size-large\"><a href=\"https:\/\/apartamentoslasacaciaslanzarote.com\/wp-content\/uploads\/2022\/03\/las-acacias-apartamentos-lanzarote-5.jpg\"><img loading=\"lazy\" width=\"1024\" height=\"683\" src=\"https:\/\/apartamentoslasacaciaslanzarote.com\/wp-content\/uploads\/2022\/03\/las-acacias-apartamentos-lanzarote-5-1024x683.jpg\" alt=\"\" class=\"wp-image-3164\" srcset=\"https:\/\/apartamentoslasacaciaslanzarote.com\/wp-content\/uploads\/2022\/03\/las-acacias-apartamentos-lanzarote-5-1024x683.jpg 1024w, https:\/\/apartamentoslasacaciaslanzarote.com\/wp-content\/uploads\/2022\/03\/las-acacias-apartamentos-lanzarote-5-300x200.jpg 300w, https:\/\/apartamentoslasacaciaslanzarote.com\/wp-content\/uploads\/2022\/03\/las-acacias-apartamentos-lanzarote-5-768x512.jpg 768w, https:\/\/apartamentoslasacaciaslanzarote.com\/wp-content\/uploads\/2022\/03\/las-acacias-apartamentos-lanzarote-5-1536x1024.jpg 1536w, https:\/\/apartamentoslasacaciaslanzarote.com\/wp-content\/uploads\/2022\/03\/las-acacias-apartamentos-lanzarote-5.jpg 1680w\" sizes=\"(max-width: 1024px) 100vw, 1024px\" \/><\/a><\/figure>\n<\/figure>\n\n\n\n<div style=\"height:60px\" aria-hidden=\"true\" class=\"wp-block-spacer\"><\/div>\n\n\n\n<div class=\"wp-container-11 wp-block-columns\">\n<div class=\"wp-container-7 wp-block-column\">\n<h3>Unsere Wohnungen sind ausgestattet mit:<\/h3>\n\n\n\n<div style=\"height:20px\" aria-hidden=\"true\" class=\"wp-block-spacer\"><\/div>\n\n\n\n<ul><li>Kapazit\u00e4t: zwei oder drei Personen.<\/li><li>Vollst\u00e4ndig eingerichtet: gut ausgestattete K\u00fcche mit K\u00fchlschrank, Toaster, Mikrowelle und Wasserkocher.<\/li><li>M\u00f6blierte Terrasse.<\/li><li>Fernsehen: mit ausl\u00e4ndischen TV-Kan\u00e4len.<\/li><li>Extra: Safe (zu mieten).<\/li><li>Wi-Fi Internet: kostenlos und in der gesamten Anlage verf\u00fcgbar.<\/li><li>Die N\u00e4he zum Strand.<\/li><li>Entspannungsbereich.<\/li><li>Schwimmbad.<\/li><li>Ruhige Umgebung.<\/li><li>Reinigung inklusive.<\/li><\/ul>\n\n\n\n<div class=\"wp-block-image\"><figure class=\"aligncenter size-full\"><img loading=\"lazy\" width=\"768\" height=\"69\" src=\"https:\/\/apartamentoslasacaciaslanzarote.com\/wp-content\/uploads\/2022\/04\/iconos-home.png\" alt=\"\" class=\"wp-image-3196\" srcset=\"https:\/\/apartamentoslasacaciaslanzarote.com\/wp-content\/uploads\/2022\/04\/iconos-home.png 768w, https:\/\/apartamentoslasacaciaslanzarote.com\/wp-content\/uploads\/2022\/04\/iconos-home-300x27.png 300w\" sizes=\"(max-width: 768px) 100vw, 768px\" \/><\/figure><\/div>\n\n\n\n<p>Alle Wohnungen haben einen sch\u00f6nen Blick auf das Schwimmbad und eine Terrasse oder einen Balkon. Einige der Wohnungen sind mit einem Doppelbett ausgestattet.<\/p>\n\n\n\n<p><strong>Wo kann man einkaufen?<\/strong> Supermarkt 50 m entfernt, 7 Tage die Woche bis 22:00 Uhr ge\u00f6ffnet.<\/p>\n\n\n\n<p><strong>Sp\u00e4tes Auschecken.<\/strong> Fragen Sie nach diesem Service und nehmen Sie sich ein paar Stunden mehr Zeit f\u00fcr die Abreise.<\/p>\n\n\n\n<div style=\"height:20px\" aria-hidden=\"true\" class=\"wp-block-spacer\"><\/div>\n\n\n\n<div class=\"wp-block-button alignleft is-style-fill\"><a class=\"wp-block-button__link\" href=\"https:\/\/apartamentoslasacaciaslanzarote.com\/de\/buch\/\">Ich m\u00f6chte buchen<\/a><\/div>\n<\/div>\n\n\n\n<div class=\"wp-container-10 wp-block-column\">\n<figure class=\"wp-container-9 wp-block-gallery-8 wp-block-gallery has-nested-images columns-default is-cropped\">\n<figure class=\"wp-block-image size-large\"><img loading=\"lazy\" width=\"1000\" height=\"668\" src=\"https:\/\/apartamentoslasacaciaslanzarote.com\/wp-content\/uploads\/2022\/03\/las-acacias-apartamentos-lanzarote-8.jpg\" alt=\"\" class=\"wp-image-3165\" srcset=\"https:\/\/apartamentoslasacaciaslanzarote.com\/wp-content\/uploads\/2022\/03\/las-acacias-apartamentos-lanzarote-8.jpg 1000w, https:\/\/apartamentoslasacaciaslanzarote.com\/wp-content\/uploads\/2022\/03\/las-acacias-apartamentos-lanzarote-8-300x200.jpg 300w, https:\/\/apartamentoslasacaciaslanzarote.com\/wp-content\/uploads\/2022\/03\/las-acacias-apartamentos-lanzarote-8-768x513.jpg 768w\" sizes=\"(max-width: 1000px) 100vw, 1000px\" \/><\/figure>\n<\/figure>\n\n\n\n<div style=\"height:20px\" aria-hidden=\"true\" class=\"wp-block-spacer\"><\/div>\n\n\n\n<p><\/p>\n<\/div>\n<\/div>\n\n\n\n<div style=\"height:50px\" aria-hidden=\"true\" class=\"wp-block-spacer\"><\/div>\n\n\n\n<div class=\"wp-container-15 wp-block-columns\">\n<div class=\"wp-container-12 wp-block-column\" style=\"flex-basis:15%\"><\/div>\n\n\n\n<div class=\"wp-container-13 wp-block-column\" style=\"flex-basis:70%\">\n<h2 class=\"has-text-align-center has-very-dark-gray-color has-text-color\">Touristische Wohnungen und Studios auf Lanzarote<\/h2>\n\n\n\n<hr class=\"wp-block-separator separador-titulo\"\/>\n\n\n\n<p class=\"has-text-align-center has-very-dark-gray-color has-text-color\"><strong>Las Acacias <\/strong>vereint an einem Ort, einen erschwinglichen Preis, Ruhe, Entspannung und eine privilegierte Lage in Puerto del Carmen in der N\u00e4he der Hauptstra\u00dfe, umgeben von allen Arten von Vergn\u00fcgungen.<\/p>\n<\/div>\n\n\n\n<div class=\"wp-container-14 wp-block-column\" style=\"flex-basis:15%\"><\/div>\n<\/div>\n\n\n\n<div class=\"wp-container-19 wp-block-columns\">\n<div class=\"wp-container-16 wp-block-column\">\n<div class=\"wp-block-image\"><figure class=\"aligncenter size-full is-resized\"><img loading=\"lazy\" src=\"https:\/\/apartamentoslasacaciaslanzarote.com\/wp-content\/uploads\/2022\/03\/playa-2.png\" alt=\"\" class=\"wp-image-3169\" width=\"80\" height=\"80\" srcset=\"https:\/\/apartamentoslasacaciaslanzarote.com\/wp-content\/uploads\/2022\/03\/playa-2.png 512w, https:\/\/apartamentoslasacaciaslanzarote.com\/wp-content\/uploads\/2022\/03\/playa-2-300x300.png 300w, https:\/\/apartamentoslasacaciaslanzarote.com\/wp-content\/uploads\/2022\/03\/playa-2-150x150.png 150w\" sizes=\"(max-width: 80px) 100vw, 80px\" \/><\/figure><\/div>\n\n\n\n<h3 class=\"has-text-align-center has-text-color\" style=\"color:#149629\">200 m vom Strand entfernt<\/h3>\n\n\n\n<hr class=\"wp-block-separator has-text-color has-background is-style-default separador-titulo\" style=\"background-color:#149629;color:#149629\"\/>\n\n\n\n<p class=\"has-text-align-center has-very-dark-gray-color has-text-color\">Nur 200 m von der Strandpromenade mit Bars, Restaurants und ganzj\u00e4hrig ge\u00f6ffneten Freizeiteinrichtungen entfernt, mit Zugang zu den besten Str\u00e4nden von Puerto del Carmen.<\/p>\n<\/div>\n\n\n\n<div class=\"wp-container-17 wp-block-column\">\n<div class=\"wp-block-image\"><figure class=\"aligncenter size-full is-resized\"><img loading=\"lazy\" src=\"https:\/\/apartamentoslasacaciaslanzarote.com\/wp-content\/uploads\/2022\/03\/dormir.png\" alt=\"\" class=\"wp-image-3158\" width=\"80\" height=\"80\" srcset=\"https:\/\/apartamentoslasacaciaslanzarote.com\/wp-content\/uploads\/2022\/03\/dormir.png 512w, https:\/\/apartamentoslasacaciaslanzarote.com\/wp-content\/uploads\/2022\/03\/dormir-300x300.png 300w, https:\/\/apartamentoslasacaciaslanzarote.com\/wp-content\/uploads\/2022\/03\/dormir-150x150.png 150w\" sizes=\"(max-width: 80px) 100vw, 80px\" \/><\/figure><\/div>\n\n\n\n<h3 class=\"has-text-align-center has-text-color\" style=\"color:#149629\">Ruhige Umgebung<\/h3>\n\n\n\n<hr class=\"wp-block-separator has-text-color has-background is-style-default separador-titulo\" style=\"background-color:#149629;color:#149629\"\/>\n\n\n\n<p class=\"has-text-align-center has-very-dark-gray-color has-text-color\">Las Acacias ist eine sehr ruhige und familienfreundliche Apartmentanlage auf Lanzarote, die Ruhe und Entspannung in sch\u00f6ner Umgebung garantiert.<\/p>\n<\/div>\n\n\n\n<div class=\"wp-container-18 wp-block-column\">\n<div class=\"wp-block-image\"><figure class=\"aligncenter size-full is-resized\"><img loading=\"lazy\" src=\"https:\/\/apartamentoslasacaciaslanzarote.com\/wp-content\/uploads\/2022\/03\/piscina.png\" alt=\"\" class=\"wp-image-3167\" width=\"80\" height=\"80\" srcset=\"https:\/\/apartamentoslasacaciaslanzarote.com\/wp-content\/uploads\/2022\/03\/piscina.png 512w, https:\/\/apartamentoslasacaciaslanzarote.com\/wp-content\/uploads\/2022\/03\/piscina-300x300.png 300w, https:\/\/apartamentoslasacaciaslanzarote.com\/wp-content\/uploads\/2022\/03\/piscina-150x150.png 150w\" sizes=\"(max-width: 80px) 100vw, 80px\" \/><\/figure><\/div>\n\n\n\n<h3 class=\"has-text-align-center has-text-color\" style=\"color:#149629\">Bereich Schwimmbad<\/h3>\n\n\n\n<hr class=\"wp-block-separator has-text-color has-background is-style-default separador-titulo\" style=\"background-color:#149629;color:#149629\"\/>\n\n\n\n<p class=\"has-text-align-center has-very-dark-gray-color has-text-color\">Alle Wohnungen haben einen Blick auf das Schwimmbad, das in einem sch\u00f6nen privaten Garten liegt, in dem die G\u00e4ste maximale Ruhe und Frieden genie\u00dfen k\u00f6nnen.<\/p>\n<\/div>\n<\/div>\n\n\n\n<div class=\"wp-block-button aligncenter is-style-fill\"><a class=\"wp-block-button__link\" href=\"https:\/\/apartamentoslasacaciaslanzarote.com\/de\/buch\/\">Ich m\u00f6chte buchen<\/a><\/div>\n\n\n\n<div style=\"height:20px\" aria-hidden=\"true\" class=\"wp-block-spacer\"><\/div>\n\n\n\n<div style=\"height:40px\" aria-hidden=\"true\" class=\"wp-block-spacer\"><\/div>\n\n\n\n<iframe src=\"https:\/\/www.google.com\/maps\/embed?pb=!1m14!1m8!1m3!1d13968.69581624012!2d-13.6603237!3d28.9228854!3m2!1i1024!2i768!4f13.1!3m3!1m2!1s0x0%3A0x943dec4ef181a83!2sApartamentos%20Las%20Acacias!5e0!3m2!1ses!2ses!4v1649094799239!5m2!1ses!2ses\" width=\"100%\" height=\"450\" style=\"border:0;\" allowfullscreen=\"\" loading=\"lazy\" referrerpolicy=\"no-referrer-when-downgrade\"><\/iframe>\n<\/div><\/div>\n\n\n\n<div class=\"wp-container-23 wp-block-columns alignwide are-vertically-aligned-center\">\n<div class=\"wp-container-21 wp-block-column is-vertically-aligned-center enlaces-apartamentos\">\n<h3 class=\"has-text-align-left\"><strong>Reservieren Sie Ihr Auto JETZT!!!<\/strong><\/h3>\n\n\n\n<p>Buchen Sie Ihre Reise von zu Hause aus, reservieren Sie Ihr Auto jetzt und vergessen Sie alle Komplikationen, wenn Sie auf Lanzarote ankommen.<\/p>\n\n\n\n<p><a href=\"https:\/\/apartamentoslasacaciaslanzarote.com\/de\/autovermietung\/\">AUTO BUCHEN<\/a><\/p>\n<\/div>\n\n\n\n<div class=\"wp-container-22 wp-block-column is-vertically-aligned-center enlaces-apartamentos\">\n<h3 class=\"has-text-align-left has-very-dark-gray-color has-text-color\"><strong>Exkursionen auf Lanzarote<\/strong><\/h3>\n\n\n\n<p>Lanzarote hat den einzigen ausschlie\u00dflich geologischen Nationalpark, den Timanfaya-Nationalpark.<\/p>\n\n\n\n<p><a href=\"https:\/\/apartamentoslasacaciaslanzarote.tourtivity.travel\/search?bookingType=activity&amp;pick.code=AMTSES2232&amp;pick.type=hotel&amp;lang=en-GB&amp;utm_source=hotel&amp;utm_medium=website&amp;utm_campaign=homepage\" rel=\"nofollow noopener\" target=\"_blank\">AUSFL\u00dcGE BUCHEN<\/a><\/p>\n<\/div>\n<\/div>\n\n\n\n<div style=\"height:50px\" aria-hidden=\"true\" class=\"wp-block-spacer\"><\/div>\n\n\n\n<div class=\"wp-container-28 wp-block-group\"><div class=\"wp-block-group__inner-container\">\n<div class=\"wp-container-27 wp-block-columns\">\n<div class=\"wp-container-24 wp-block-column\" style=\"flex-basis:25%\"><\/div>\n\n\n\n<div class=\"wp-container-25 wp-block-column\" style=\"flex-basis:50%\">\n<h3 class=\"has-text-align-center has-very-dark-gray-color has-text-color\">Was unsere Kunden \u00fcber Las Acacias Apartments sagen<\/h3>\n\n\n\n<p><\/p>\n<\/div>\n\n\n\n<div class=\"wp-container-26 wp-block-column\" style=\"flex-basis:25%\"><\/div>\n<\/div>\n\n\n\n<script src=\"https:\/\/apps.elfsight.com\/p\/platform.js\" defer=\"\"><\/script>\n<div class=\"elfsight-app-42300cf6-cacb-4be2-b73f-cf55fe98504d\"><\/div>\n<\/div><\/div>\n","protected":false},"excerpt":{"rendered":"<p>Unsere Wohnungen auf Lanzarote f\u00fcr 2 oder 3 Personen Unsere Wohnungen bestehen aus einem Wohnzimmer mit ausgestatteter K\u00fcche, separatem Schlafzimmer mit Ventilator, Bad mit Dusche und Terrasse. Ideal f\u00fcr 2 &#8230; <\/p>\n<p class=\"read-more-container\"><a title=\"APARTMENTS\" class=\"read-more button\" href=\"https:\/\/apartamentoslasacaciaslanzarote.com\/de\/apartments\/#more-4190\" aria-label=\"Mehr zu APARTMENTS\">Reservar<\/a><\/p>\n","protected":false},"author":1,"featured_media":0,"parent":0,"menu_order":0,"comment_status":"closed","ping_status":"closed","template":"","meta":[],"_links":{"self":[{"href":"https:\/\/apartamentoslasacaciaslanzarote.com\/de\/wp-json\/wp\/v2\/pages\/4190"}],"collection":[{"href":"https:\/\/apartamentoslasacaciaslanzarote.com\/de\/wp-json\/wp\/v2\/pages"}],"about":[{"href":"https:\/\/apartamentoslasacaciaslanzarote.com\/de\/wp-json\/wp\/v2\/types\/page"}],"author":[{"embeddable":true,"href":"https:\/\/apartamentoslasacaciaslanzarote.com\/de\/wp-json\/wp\/v2\/users\/1"}],"replies":[{"embeddable":true,"href":"https:\/\/apartamentoslasacaciaslanzarote.com\/de\/wp-json\/wp\/v2\/comments?post=4190"}],"version-history":[{"count":3,"href":"https:\/\/apartamentoslasacaciaslanzarote.com\/de\/wp-json\/wp\/v2\/pages\/4190\/revisions"}],"predecessor-version":[{"id":4422,"href":"https:\/\/apartamentoslasacaciaslanzarote.com\/de\/wp-json\/wp\/v2\/pages\/4190\/revisions\/4422"}],"wp:attachment":[{"href":"https:\/\/apartamentoslasacaciaslanzarote.com\/de\/wp-json\/wp\/v2\/media?parent=4190"}],"curies":[{"name":"wp","href":"https:\/\/api.w.org\/{rel}","templated":true}]}}