{"id":4186,"date":"2020-03-19T12:01:43","date_gmt":"2020-03-19T12:01:43","guid":{"rendered":"https:\/\/apartamentoslasacaciaslanzarote.com\/alquiler-de-coche\/"},"modified":"2022-05-10T15:30:55","modified_gmt":"2022-05-10T15:30:55","slug":"autovermietung","status":"publish","type":"page","link":"https:\/\/apartamentoslasacaciaslanzarote.com\/de\/autovermietung\/","title":{"rendered":"AUTOVERMIETUNG"},"content":{"rendered":"\n<figure class=\"wp-block-table is-style-stripes\"><table><tbody><tr><td>Gruppe<\/td><td>Modell<\/td><td>Modell<\/td><td>Preis\/Woche<\/td><td><\/td><\/tr><tr><td>A<\/td><td><img loading=\"lazy\" width=\"120\" height=\"64\" class=\"wp-image-1683\" style=\"width: 120px;\" src=\"https:\/\/apartamentoslaslilaslanzarote.com\/wp-content\/uploads\/2020\/04\/toyota_aigo_small.jpg\" alt=\"\"><\/td><td><strong>Toyota Aygo.&nbsp;<\/strong>5 T\u00fcren<\/td><td>von&nbsp;<strong>120 \u20ac<\/strong> <\/td><td> <a href=\"#formulario\">BUCH<\/a><\/td><\/tr><tr><td>B<\/td><td><img loading=\"lazy\" width=\"120\" height=\"64\" class=\"wp-image-1679\" style=\"width: 120px;\" src=\"https:\/\/apartamentoslaslilaslanzarote.com\/wp-content\/uploads\/2020\/04\/nissan_micra_neu_small.jpg\" alt=\"\"><\/td><td><strong>Nissan Micra.&nbsp;<\/strong>5 Sitze<\/td><td>von&nbsp;<strong>130 \u20ac<\/strong> <\/td><td><a href=\"#formulario\">BUCH<\/a><\/td><\/tr><tr><td>B<\/td><td><img loading=\"lazy\" width=\"120\" height=\"64\" class=\"wp-image-1674\" style=\"width: 120px;\" src=\"https:\/\/apartamentoslaslilaslanzarote.com\/wp-content\/uploads\/2020\/04\/fiat_panda_new_model_small.jpg\" alt=\"\"><\/td><td><strong>Fiat Panda.&nbsp;<\/strong>3 T\u00fcren, Klimaanlage, Radio\/CD<\/td><td>von&nbsp;<strong>130 \u20ac<\/strong>  <\/td><td> <a href=\"#formulario\">BUCH<\/a> <\/td><\/tr><tr><td>C<\/td><td><img loading=\"lazy\" width=\"120\" height=\"64\" class=\"wp-image-1675\" style=\"width: 120px;\" src=\"https:\/\/apartamentoslaslilaslanzarote.com\/wp-content\/uploads\/2020\/04\/fiat500_small.jpg\" alt=\"\"><\/td><td><strong>Fiat 500.&nbsp;<\/strong>5 T\u00fcren, Klimaanlage, Radio\/CD<\/td><td>von&nbsp;<strong>140 \u20ac<\/strong>  <\/td><td> <a href=\"#formulario\">BUCH<\/a><\/td><\/tr><tr><td>C<\/td><td><img loading=\"lazy\" width=\"120\" height=\"64\" class=\"wp-image-1684\" style=\"width: 120px;\" src=\"https:\/\/apartamentoslaslilaslanzarote.com\/wp-content\/uploads\/2020\/04\/twingo-open-air_small.jpg\" alt=\"\"><\/td><td><strong>Twingo Open roof.&nbsp;<\/strong>5 T\u00fcren, Klimaanlage, Radio\/CD<\/td><td>von&nbsp;<strong>140 \u20ac<\/strong>   <\/td><td> <a href=\"#formulario\">BUCH<\/a><\/td><\/tr><tr><td>D<\/td><td><img loading=\"lazy\" width=\"120\" height=\"64\" class=\"wp-image-1680\" style=\"width: 120px;\" src=\"https:\/\/apartamentoslaslilaslanzarote.com\/wp-content\/uploads\/2020\/04\/nissan_note_small.jpg\" alt=\"\"><\/td><td><strong>Nissan Note.&nbsp;<\/strong>5 T\u00fcren, Klimaanlage, Radio\/CD<\/td><td>von&nbsp;<strong>140 \u20ac<\/strong>   <\/td><td> <a href=\"#formulario\">BUCH<\/a><\/td><\/tr><tr><td>D<\/td><td><img loading=\"lazy\" width=\"120\" height=\"64\" class=\"wp-image-1672\" style=\"width: 120px;\" src=\"https:\/\/apartamentoslaslilaslanzarote.com\/wp-content\/uploads\/2020\/04\/crosspolo_small.jpg\" alt=\"\"><\/td><td><strong>Sandero Stepway.&nbsp;<\/strong>5 Sitze<\/td><td>von&nbsp;<strong>140 \u20ac<\/strong>   <\/td><td> <a href=\"#formulario\">BUCH<\/a><\/td><\/tr><tr><td>G<\/td><td><img loading=\"lazy\" width=\"120\" height=\"64\" class=\"wp-image-1670\" style=\"width: 120px;\" src=\"https:\/\/apartamentoslaslilaslanzarote.com\/wp-content\/uploads\/2020\/04\/clio_4_small.jpg\" alt=\"\"><\/td><td><strong>Renault Clio.&nbsp;<\/strong>5 T\u00fcren, Klimaanlage, Radio\/CD<\/td><td>von&nbsp;<strong>150 \u20ac<\/strong>   <\/td><td> <a href=\"#formulario\">BUCH<\/a><\/td><\/tr><tr><td>H<\/td><td><img loading=\"lazy\" width=\"120\" height=\"64\" class=\"wp-image-1677\" style=\"width: 120px;\" src=\"https:\/\/apartamentoslaslilaslanzarote.com\/wp-content\/uploads\/2020\/04\/kangoo_small.jpg\" alt=\"\"><\/td><td><strong>Renault Kangoo Extreme.&nbsp;<\/strong>5 T\u00fcren, Klimaanlage<\/td><td>von&nbsp;<strong>180 \u20ac<\/strong>   <\/td><td> <a href=\"#formulario\">BUCH<\/a><\/td><\/tr><tr><td>H<\/td><td><img loading=\"lazy\" width=\"120\" height=\"64\" class=\"wp-image-1671\" style=\"width: 120px;\" src=\"https:\/\/apartamentoslaslilaslanzarote.com\/wp-content\/uploads\/2020\/04\/clio_4_sport_touareg_small.jpg\" alt=\"\"><\/td><td><strong>Renault Clio Sport-Tuareg.&nbsp;<\/strong>5 T\u00fcren, Klimaanlage, Radio\/CD<\/td><td>von&nbsp;<strong>180 \u20ac<\/strong>   <\/td><td> <a href=\"#formulario\">BUCH<\/a><\/td><\/tr><tr><td>J<\/td><td><img loading=\"lazy\" width=\"120\" height=\"64\" class=\"wp-image-1676\" style=\"width: 120px;\" src=\"https:\/\/apartamentoslaslilaslanzarote.com\/wp-content\/uploads\/2020\/04\/ford_ecosport_small.jpg\" alt=\"\"><\/td><td><strong>Nissan Juke (AUTOMATICO)( GPS ).&nbsp;<\/strong>5 T\u00fcren, Klimaanlage, Radio\/CD <\/td><td>von&nbsp;<strong>250 \u20ac<\/strong>   <\/td><td> <a href=\"#formulario\">BUCH<\/a><\/td><\/tr><tr><td>J<\/td><td><img loading=\"lazy\" width=\"120\" height=\"64\" class=\"wp-image-1673\" style=\"width: 120px;\" src=\"https:\/\/apartamentoslaslilaslanzarote.com\/wp-content\/uploads\/2020\/04\/fiat_doblo7_small.jpg\" alt=\"\"><\/td><td><strong>Fiat Doblo.&nbsp;<\/strong>7 Sitze, Klimaanlage, Radio\/CD<\/td><td>von&nbsp;<strong>250 \u20ac<\/strong>    <\/td><td> <a href=\"#formulario\">BUCH<\/a><\/td><\/tr><tr><td>J<\/td><td><img loading=\"lazy\" width=\"120\" height=\"60\" class=\"wp-image-1678\" style=\"width: 120px;\" src=\"https:\/\/apartamentoslaslilaslanzarote.com\/wp-content\/uploads\/2020\/04\/minicabrio_small.jpg\" alt=\"\"><\/td><td><strong>Mini Cabrio.&nbsp;<\/strong>2 T\u00fcren, Cabrio, Klimaanlage, Radio<\/td><td>von&nbsp;<strong>250 \u20ac<\/strong>    <\/td><td> <a href=\"#formulario\">BUCH<\/a> <\/td><\/tr><tr><td>F<\/td><td><img loading=\"lazy\" width=\"120\" height=\"64\" class=\"wp-image-1669\" style=\"width: 120px;\" src=\"https:\/\/apartamentoslaslilaslanzarote.com\/wp-content\/uploads\/2020\/04\/beatle_small-1.jpg\" alt=\"\"><\/td><td><strong>New Beetle Cabrio.&nbsp;<\/strong>3 T\u00fcren<\/td><td> von <strong>350 \u20ac<\/strong>    <\/td><td> <a href=\"#formulario\">BUCH<\/a><\/td><\/tr><tr><td>F<\/td><td><img loading=\"lazy\" width=\"120\" height=\"64\" class=\"wp-image-1681\" style=\"width: 120px;\" src=\"https:\/\/apartamentoslaslilaslanzarote.com\/wp-content\/uploads\/2020\/04\/nissanprimastar_small-1.jpg\" alt=\"\"><\/td><td><strong>Renault Trafic.&nbsp;<\/strong>9 Sitze, Klimatisierung<\/td><td> von&nbsp;<strong>350 \u20ac<\/strong> <\/td><td> <a href=\"#formulario\">BUCH<\/a> <\/td><\/tr><tr><td>K<\/td><td><img loading=\"lazy\" width=\"120\" height=\"64\" class=\"wp-image-1668\" style=\"width: 120px;\" src=\"https:\/\/apartamentoslaslilaslanzarote.com\/wp-content\/uploads\/2020\/04\/abart_spider_small.jpg\" alt=\"\"><\/td><td> <strong><br>Abarth 124 Spider.&nbsp;<\/strong>2 Sitze<\/td><td> von&nbsp;<strong>400 \u20ac<\/strong> <\/td><td> <a href=\"#formulario\">BUCH<\/a><\/td><\/tr><\/tbody><\/table><\/figure>\n\n\n\n<div style=\"height:40px\" aria-hidden=\"true\" class=\"wp-block-spacer\"><\/div>\n\n\n\n<div class=\"wp-container-8 wp-block-group alignwide margenes-de-bloques has-background\" id=\"formulario\" style=\"background-color:#ffffff\"><div class=\"wp-block-group__inner-container\">\n<div class=\"wp-container-4 wp-block-columns\">\n<div class=\"wp-container-1 wp-block-column\" style=\"flex-basis:15%\"><\/div>\n\n\n\n<div class=\"wp-container-2 wp-block-column\" style=\"flex-basis:70%\">\n<h2 class=\"has-text-align-center has-very-dark-gray-color has-text-color\">Buchen Sie jetzt, warten Sie nicht l\u00e4nger<\/h2>\n\n\n\n<hr class=\"wp-block-separator is-style-default separador-titulo\"\/>\n\n\n\n<p><\/p>\n\n\n\n<p class=\"has-text-align-center\">Gro\u00dfe Auswahl an Mietwagen, buchen Sie sie vor Ihrer Ankunft auf Lanzarote. Buchen Sie jetzt Ihre Reise und genie\u00dfen Sie bei Ihrer Ankunft auf Lanzarote Ihren Urlaub ohne Stress.<\/p>\n<\/div>\n\n\n\n<div class=\"wp-container-3 wp-block-column\" style=\"flex-basis:15%\"><\/div>\n<\/div>\n\n\n\n<div style=\"height:20px\" aria-hidden=\"true\" class=\"wp-block-spacer\"><\/div>\n\n\n\n<div class=\"wp-container-7 wp-block-columns\">\n<div class=\"wp-container-5 wp-block-column\" style=\"flex-basis:66.66%\">\n<h3><strong>Welches Auto m\u00f6chten Sie buchen?<\/strong><\/h3>\n\n\n<div role=\"form\" class=\"wpcf7\" id=\"wpcf7-f3358-o1\" lang=\"de-DE\" dir=\"ltr\">\n<div class=\"screen-reader-response\"><p role=\"status\" aria-live=\"polite\" aria-atomic=\"true\"><\/p> <ul><\/ul><\/div>\n<form action=\"\/de\/wp-json\/wp\/v2\/pages\/4186#wpcf7-f3358-o1\" method=\"post\" class=\"wpcf7-form init\" novalidate=\"novalidate\" data-status=\"init\">\n<div style=\"display: none;\">\n<input type=\"hidden\" name=\"_wpcf7\" value=\"3358\" \/>\n<input type=\"hidden\" name=\"_wpcf7_version\" value=\"5.6.3\" \/>\n<input type=\"hidden\" name=\"_wpcf7_locale\" value=\"de_DE\" \/>\n<input type=\"hidden\" name=\"_wpcf7_unit_tag\" value=\"wpcf7-f3358-o1\" \/>\n<input type=\"hidden\" name=\"_wpcf7_container_post\" value=\"0\" \/>\n<input type=\"hidden\" name=\"_wpcf7_posted_data_hash\" value=\"\" \/>\n<input type=\"hidden\" name=\"_wpcf7_recaptcha_response\" value=\"\" \/>\n<\/div>\n<div class=\"grid-50 tablet-grid-50 mobile-grid-100 first-column\">Datum der Abholung*<br \/>\n    <span class=\"wpcf7-form-control-wrap\" data-name=\"FRecogida\"><input type=\"date\" name=\"FRecogida\" value=\"\" class=\"wpcf7-form-control wpcf7-date wpcf7-validates-as-required wpcf7-validates-as-date\" aria-required=\"true\" aria-invalid=\"false\" \/><\/span><\/div>\n<div class=\"grid-50 tablet-grid-50 mobile-grid-100 second-column\">Liefertermin*<br \/>\n    <span class=\"wpcf7-form-control-wrap\" data-name=\"Entrega\"><input type=\"date\" name=\"Entrega\" value=\"\" class=\"wpcf7-form-control wpcf7-date wpcf7-validates-as-required wpcf7-validates-as-date\" aria-required=\"true\" aria-invalid=\"false\" \/><\/span><\/div>\n<div class=\"grid-50 tablet-grid-50 mobile-grid-100 first-column\">Fahrzeug ausw\u00e4hlen*<br \/><span class=\"wpcf7-form-control-wrap\" data-name=\"Vehiculo\"><select name=\"Vehiculo\" class=\"wpcf7-form-control wpcf7-select wpcf7-validates-as-required\" aria-required=\"true\" aria-invalid=\"false\"><option value=\"- Toyota Aygo. 5 T\u00fcren - von 120 \u20ac\">- Toyota Aygo. 5 T\u00fcren - von 120 \u20ac<\/option><option value=\"- Nissan Micra. 5 Sitze - von 130 \u20ac\">- Nissan Micra. 5 Sitze - von 130 \u20ac<\/option><option value=\"- Fiat Panda. 3 T\u00fcren, Klimaanlage, Radio\/CD-Spieler - von 130 \u20ac\">- Fiat Panda. 3 T\u00fcren, Klimaanlage, Radio\/CD-Spieler - von 130 \u20ac<\/option><option value=\"- Fiat 500. 5 T\u00fcren, Klimaanlage, Radio\/CD-Spieler - von 140 \u20ac\">- Fiat 500. 5 T\u00fcren, Klimaanlage, Radio\/CD-Spieler - von 140 \u20ac<\/option><option value=\"- Twingo Open roof. 5 T\u00fcren, Klimaanlage, Radio\/CD-Spieler - von 140 \u20ac\">- Twingo Open roof. 5 T\u00fcren, Klimaanlage, Radio\/CD-Spieler - von 140 \u20ac<\/option><option value=\"- Nissan Note. 5 T\u00fcren, Klimaanlage, Radio\/CD-Spieler - von 140 \u20ac\">- Nissan Note. 5 T\u00fcren, Klimaanlage, Radio\/CD-Spieler - von 140 \u20ac<\/option><option value=\"- Sandero Stepway. 5 Sitze - von 140 \u20ac\">- Sandero Stepway. 5 Sitze - von 140 \u20ac<\/option><option value=\"- Renault Clio. 5 T\u00fcren, Klimaanlage, Radio\/CD-Spieler - von 150 \u20ac\">- Renault Clio. 5 T\u00fcren, Klimaanlage, Radio\/CD-Spieler - von 150 \u20ac<\/option><option value=\"- Renault Kangoo Extreme. 5 T\u00fcren, Klimaanlage - von 180 \u20ac\">- Renault Kangoo Extreme. 5 T\u00fcren, Klimaanlage - von 180 \u20ac<\/option><option value=\"- Renault Clio Sport-Tuareg. 5 T\u00fcren, Klimaanlage, Radio\/CD-Spieler - von 180 \u20ac\">- Renault Clio Sport-Tuareg. 5 T\u00fcren, Klimaanlage, Radio\/CD-Spieler - von 180 \u20ac<\/option><option value=\"- Nissan Juke (AUTOMATICO)( GPS ). 5 T\u00fcren, Klimaanlage, Radio\/CD-Spieler - von 250 \u20ac\">- Nissan Juke (AUTOMATICO)( GPS ). 5 T\u00fcren, Klimaanlage, Radio\/CD-Spieler - von 250 \u20ac<\/option><option value=\"- Fiat Doblo. 7 Sitze, Klimaanlage, Radio\/CD-Spieler - von 250 \u20ac\">- Fiat Doblo. 7 Sitze, Klimaanlage, Radio\/CD-Spieler - von 250 \u20ac<\/option><option value=\"- Mini Cabrio. 2 T\u00fcren, Cabrio, Klimaanlage, Radio, von 250 \u20ac\">- Mini Cabrio. 2 T\u00fcren, Cabrio, Klimaanlage, Radio, von 250 \u20ac<\/option><option value=\"- New Beetle Cabrio. 3 T\u00fcren - von 350 \u20ac\">- New Beetle Cabrio. 3 T\u00fcren - von 350 \u20ac<\/option><option value=\"- Renault Trafic. 9 Sitze, Klimatisierung - von 350 \u20ac\">- Renault Trafic. 9 Sitze, Klimatisierung - von 350 \u20ac<\/option><option value=\"- Abarth 124 Spider. 2 Sitze - von 400 \u20ac\">- Abarth 124 Spider. 2 Sitze - von 400 \u20ac<\/option><\/select><\/span><\/div>\n<div class=\"grid-50 tablet-grid-50 mobile-grid-100 second-column\">Dachtr\u00e4ger (je nach Verf\u00fcgbarkeit)<br \/>\n   <span class=\"wpcf7-form-control-wrap\" data-name=\"baca\"><span class=\"wpcf7-form-control wpcf7-radio\"><span class=\"wpcf7-list-item first\"><input type=\"radio\" name=\"baca\" value=\"keine\" checked=\"checked\" \/><span class=\"wpcf7-list-item-label\">keine<\/span><\/span><span class=\"wpcf7-list-item last\"><input type=\"radio\" name=\"baca\" value=\"wenn\" \/><span class=\"wpcf7-list-item-label\">wenn<\/span><\/span><\/span><\/span><\/div>\n<div class=\"grid-50 tablet-grid-50 mobile-grid-100 first-column\">1. Kinderstuhl<br \/>\n    <span class=\"wpcf7-form-control-wrap\" data-name=\"silla1\"><select name=\"silla1\" class=\"wpcf7-form-control wpcf7-select\" aria-invalid=\"false\"><option value=\"ohne Stuhl\">ohne Stuhl<\/option><option value=\"3 Monate\">3 Monate<\/option><option value=\"6 Monate\">6 Monate<\/option><option value=\"9 Monate\">9 Monate<\/option><option value=\"12 Monate\">12 Monate<\/option><option value=\"2 Jahre\">2 Jahre<\/option><option value=\"3 Jahre\">3 Jahre<\/option><option value=\"4 Jahre\">4 Jahre<\/option><option value=\"5 Jahre\">5 Jahre<\/option><option value=\"6 Jahre\">6 Jahre<\/option><option value=\"7 Jahre\">7 Jahre<\/option><option value=\"8 Jahre\">8 Jahre<\/option><option value=\"9 Jahre\">9 Jahre<\/option><option value=\"10 Jahre\">10 Jahre<\/option><\/select><\/span><\/div>\n<div class=\"grid-50 tablet-grid-50 mobile-grid-100 second-column\">2 Kinderstuhl<br \/>\n    <span class=\"wpcf7-form-control-wrap\" data-name=\"silla2\"><select name=\"silla2\" class=\"wpcf7-form-control wpcf7-select\" aria-invalid=\"false\"><option value=\"ohne Stuhl\">ohne Stuhl<\/option><option value=\"3 Monate\">3 Monate<\/option><option value=\"6 Monate\">6 Monate<\/option><option value=\"9 Monate\">9 Monate<\/option><option value=\"12 Monate\">12 Monate<\/option><option value=\"2 Jahre\">2 Jahre<\/option><option value=\"3 Jahre\">3 Jahre<\/option><option value=\"4 Jahre\">4 Jahre<\/option><option value=\"5 Jahre\">5 Jahre<\/option><option value=\"6 Jahre\">6 Jahre<\/option><option value=\"7 Jahre\">7 Jahre<\/option><option value=\"8 Jahre\">8 Jahre<\/option><option value=\"9 Jahre\">9 Jahre<\/option><option value=\"10 Jahre\">10 Jahre<\/option><\/select><\/span><\/div>\n<div class=\"grid-50 tablet-grid-50 mobile-grid-100 first-column\">Sammlung*<br \/>\n    <span class=\"wpcf7-form-control-wrap\" data-name=\"recogida\"><select name=\"recogida\" class=\"wpcf7-form-control wpcf7-select wpcf7-validates-as-required\" aria-required=\"true\" aria-invalid=\"false\"><option value=\"Flughafen\">Flughafen<\/option><option value=\"Hotel\">Hotel<\/option><\/select><\/span><\/div>\n<div class=\"grid-50 tablet-grid-50 mobile-grid-100 second-column\">Flugnummer<br \/>\n    <span class=\"wpcf7-form-control-wrap\" data-name=\"vuelo\"><input type=\"text\" name=\"vuelo\" value=\"\" size=\"40\" class=\"wpcf7-form-control wpcf7-text\" aria-invalid=\"false\" \/><\/span> <\/div>\n<div class=\"grid-50 tablet-grid-50 mobile-grid-100 first-column\">Vorname und Nachname *<br \/>\n    <span class=\"wpcf7-form-control-wrap\" data-name=\"your-name\"><input type=\"text\" name=\"your-name\" value=\"\" size=\"40\" class=\"wpcf7-form-control wpcf7-text wpcf7-validates-as-required\" aria-required=\"true\" aria-invalid=\"false\" \/><\/span><\/div>\n<div class=\"grid-50 tablet-grid-50 mobile-grid-100 second-column\">Telefon*<br \/>\n    <span class=\"wpcf7-form-control-wrap\" data-name=\"phone-number\"><input type=\"tel\" name=\"phone-number\" value=\"\" size=\"40\" class=\"wpcf7-form-control wpcf7-text wpcf7-tel wpcf7-validates-as-required wpcf7-validates-as-tel\" aria-required=\"true\" aria-invalid=\"false\" \/><\/span><\/div>\n<div class=\"grid-33 tablet-grid-33 mobile-grid-100 first-column\">Email *<br \/>\n    <span class=\"wpcf7-form-control-wrap\" data-name=\"your-email\"><input type=\"email\" name=\"your-email\" value=\"\" size=\"40\" class=\"wpcf7-form-control wpcf7-text wpcf7-email wpcf7-validates-as-required wpcf7-validates-as-email\" aria-required=\"true\" aria-invalid=\"false\" \/><\/span><\/div>\n<div class=\"grid-33 tablet-grid-33 mobile-grid-100 second-column\">Adresse<br \/>\n    <span class=\"wpcf7-form-control-wrap\" data-name=\"direccion\"><input type=\"text\" name=\"direccion\" value=\"\" size=\"40\" class=\"wpcf7-form-control wpcf7-text\" aria-invalid=\"false\" \/><\/span><\/div>\n<div class=\"grid-33 tablet-grid-33 mobile-grid-100 third-column\">Land<br \/>\n    <span class=\"wpcf7-form-control-wrap\" data-name=\"pais\"><input type=\"text\" name=\"pais\" value=\"\" size=\"40\" class=\"wpcf7-form-control wpcf7-text\" aria-invalid=\"false\" \/><\/span><\/div>\n<div class=\"grid-100 tablet-grid-100 mobile-grid-100 one-column\">Kommentare<br \/>\n    <span class=\"wpcf7-form-control-wrap\" data-name=\"your-message\"><textarea name=\"your-message\" cols=\"40\" rows=\"10\" class=\"wpcf7-form-control wpcf7-textarea\" aria-invalid=\"false\"><\/textarea><\/span> <\/div>\n<p style=\"font-size:12px\"><span class=\"wpcf7-form-control-wrap\" data-name=\"ckeck-edad\"><span class=\"wpcf7-form-control wpcf7-acceptance\"><span class=\"wpcf7-list-item\"><input type=\"checkbox\" name=\"ckeck-edad\" value=\"1\" aria-invalid=\"false\" \/><\/span><\/span><\/span>Ich bin mindestens 23 Jahre alt und besitze einen seit mindestens einem Jahr g\u00fcltigen F\u00fchrerschein.<\/p>\n<p style=\"font-size:12px\"><span class=\"wpcf7-form-control-wrap\" data-name=\"ckeck-legal\"><span class=\"wpcf7-form-control wpcf7-acceptance\"><span class=\"wpcf7-list-item\"><input type=\"checkbox\" name=\"ckeck-legal\" value=\"1\" aria-invalid=\"false\" \/><\/span><\/span><\/span>Ich habe gelesen und akzeptiere <a href=\"https:\/\/apartamentoslasacaciaslanzarote.com\/politica-de-privacidad\/\" TARGET='_blank'>datenschutzpolitik und elektronische \u00dcbermittlung.<\/a><\/p>\n<div class=\"boton-fomrulario\"><input type=\"submit\" value=\"BUCH\" class=\"wpcf7-form-control has-spinner wpcf7-submit\" \/><\/div>\n<p><\/br><\/p>\n<p style=\"font-size:12px;\">\n<strong>Grundlegende Informationen zum Datenschutz:<\/strong><br \/>\n<strong>Verantwortlich: <\/strong>EXPRESS VACACIONES S.L.<br \/>\n<strong>Zweck:<\/strong> \u00dcbermittlung der angeforderten Informationen (wenn Sie das entsprechende Feld ankreuzen).<br \/>\n<strong>Legitimation:<\/strong> Zustimmung der betroffenen Person.<br \/>\n<strong>Empf\u00e4nger:<\/strong> Wir geben Ihre Daten nicht weiter, es sei denn, wir sind dazu gesetzlich verpflichtet.<br \/>\n<strong>Rechte:<\/strong> Auf Zugang, Berichtigung und L\u00f6schung der Daten sowie auf die anderen in der Datenschutzrichtlinie genannten Rechte.<br \/>\nDiese Seite ist durch reCAPTCHA von Google gesch\u00fctzt<br \/>\n<a href=\"https:\/\/policies.google.com\/privacy\" rel=\"nofollow noopener\" target=\"_blank\">Datenschutzbestimmungen<\/a> und <a href=\"https:\/\/policies.google.com\/terms\" rel=\"nofollow noopener\" target=\"_blank\">Es gelten die Nutzungsbedingungen.<\/a><\/p>\n<div class=\"wpcf7-response-output\" aria-hidden=\"true\"><\/div><\/form><\/div>\n\n\n\n<div style=\"height:30px\" aria-hidden=\"true\" class=\"wp-block-spacer\"><\/div>\n<\/div>\n\n\n\n<div class=\"wp-container-6 wp-block-column\" style=\"flex-basis:33.33%\">\n<h3><strong>\u00d6rtliche Gegebenheiten:<\/strong><\/h3>\n\n\n\n<div style=\"height:30px\" aria-hidden=\"true\" class=\"wp-block-spacer\"><\/div>\n\n\n\n<ul><li>Die auf dieser Seite angegebenen Preise beinhalten bereits Steuern, Vollkaskoversicherung ohne Selbstbeteiligung und unbegrenzte Kilometerzahl.<\/li><li>Mindestalter: 23 Jahre.<\/li><li>Unterlagen\/Lizenz: mehr als 1 Jahr alt, internationale Unterlagen\/Lizenz nicht wichtig.<\/li><li>Garantie\/Kaution: keine Kaution zu zahlen.<\/li><li>Benzin\/Tank: keine Bezahlung von Benzin. R\u00fcckgabe mit der gleichen Menge, normalerweise (1\/4). Garantie-\/Tankpfand muss nicht gestellt werden. Ein Nachf\u00fcllen von Restbenzin ist nicht m\u00f6glich.<\/li><li>Ausnahmen von der Versicherung: Verlust oder Bruch von Schl\u00fcsseln, Unterboden des Fahrzeugs, Versicherung deckt nicht auf unbefestigten Stra\u00dfen.<\/li><li>Die Lieferung zum Hotel oder Flughafen ist kostenlos.<\/li><li>Kindersitze oder Sitzerh\u00f6hungen sind kostenlos, Sitzerh\u00f6hungen sind ab einem Alter von 3-4 Jahren erh\u00e4ltlich.<\/li><li>Kostenlose Gep\u00e4ckablage (nicht f\u00fcr alle Modelle verf\u00fcgbar).<\/li><\/ul>\n\n\n\n<p><\/p>\n\n\n\n<div style=\"height:30px\" aria-hidden=\"true\" class=\"wp-block-spacer\"><\/div>\n\n\n\n<figure class=\"wp-block-image size-full\"><img loading=\"lazy\" width=\"500\" height=\"373\" src=\"https:\/\/apartamentoslasacaciaslanzarote.com\/wp-content\/uploads\/2022\/04\/coche-alquiler-1.png\" alt=\"\" class=\"wp-image-4174\" srcset=\"https:\/\/apartamentoslasacaciaslanzarote.com\/wp-content\/uploads\/2022\/04\/coche-alquiler-1.png 500w, https:\/\/apartamentoslasacaciaslanzarote.com\/wp-content\/uploads\/2022\/04\/coche-alquiler-1-300x224.png 300w\" sizes=\"(max-width: 500px) 100vw, 500px\" \/><\/figure>\n<\/div>\n<\/div>\n<\/div><\/div>\n\n\n\n<div style=\"height:40px\" aria-hidden=\"true\" class=\"wp-block-spacer\"><\/div>\n\n\n\n<div class=\"wp-container-11 wp-block-columns alignwide are-vertically-aligned-center\">\n<div class=\"wp-container-9 wp-block-column is-vertically-aligned-center enlaces-apartamentos\">\n<h3 class=\"has-text-align-left\"><strong>Exkursionen auf Lanzarote<\/strong><\/h3>\n\n\n\n<p>Lanzarote hat den einzigen ausschlie\u00dflich geologischen Nationalpark, den Timanfaya-Nationalpark.<\/p>\n\n\n\n<p><a href=\"https:\/\/apartamentoslasacaciaslanzarote.tourtivity.travel\/search?bookingType=activity&amp;pick.code=AMTSES2232&amp;pick.type=hotel&amp;lang=en-GB&amp;utm_source=hotel&amp;utm_medium=website&amp;utm_campaign=homepage\" rel=\"nofollow noopener\" target=\"_blank\">AUSFL\u00dcGE BUCHEN<\/a><\/p>\n<\/div>\n\n\n\n<div class=\"wp-container-10 wp-block-column is-vertically-aligned-center enlaces-apartamentos\">\n<h3 class=\"has-text-align-left\"><strong>Las Acacias Wohnungen<\/strong><\/h3>\n\n\n\n<p>Ferienwohnungen in Puerto del Carmen. Es hat eine Terrasse, ein Wohnzimmer, ein Schlafzimmer, ein Badezimmer und eine K\u00fcche.<\/p>\n\n\n\n<p><a href=\"https:\/\/apartamentoslasacaciaslanzarote.com\/de\/buch\/\">BOOK FLAT<\/a><\/p>\n<\/div>\n<\/div>\n","protected":false},"excerpt":{"rendered":"<p>Gruppe Modell Modell Preis\/Woche A Toyota Aygo.&nbsp;5 T\u00fcren von&nbsp;120 \u20ac BUCH B Nissan Micra.&nbsp;5 Sitze von&nbsp;130 \u20ac BUCH B Fiat Panda.&nbsp;3 T\u00fcren, Klimaanlage, Radio\/CD von&nbsp;130 \u20ac BUCH C Fiat 500.&nbsp;5 &#8230; <\/p>\n<p class=\"read-more-container\"><a title=\"AUTOVERMIETUNG\" class=\"read-more button\" href=\"https:\/\/apartamentoslasacaciaslanzarote.com\/de\/autovermietung\/#more-4186\" aria-label=\"Mehr zu AUTOVERMIETUNG\">Reservar<\/a><\/p>\n","protected":false},"author":1,"featured_media":0,"parent":0,"menu_order":0,"comment_status":"closed","ping_status":"closed","template":"","meta":[],"_links":{"self":[{"href":"https:\/\/apartamentoslasacaciaslanzarote.com\/de\/wp-json\/wp\/v2\/pages\/4186"}],"collection":[{"href":"https:\/\/apartamentoslasacaciaslanzarote.com\/de\/wp-json\/wp\/v2\/pages"}],"about":[{"href":"https:\/\/apartamentoslasacaciaslanzarote.com\/de\/wp-json\/wp\/v2\/types\/page"}],"author":[{"embeddable":true,"href":"https:\/\/apartamentoslasacaciaslanzarote.com\/de\/wp-json\/wp\/v2\/users\/1"}],"replies":[{"embeddable":true,"href":"https:\/\/apartamentoslasacaciaslanzarote.com\/de\/wp-json\/wp\/v2\/comments?post=4186"}],"version-history":[{"count":3,"href":"https:\/\/apartamentoslasacaciaslanzarote.com\/de\/wp-json\/wp\/v2\/pages\/4186\/revisions"}],"predecessor-version":[{"id":4424,"href":"https:\/\/apartamentoslasacaciaslanzarote.com\/de\/wp-json\/wp\/v2\/pages\/4186\/revisions\/4424"}],"wp:attachment":[{"href":"https:\/\/apartamentoslasacaciaslanzarote.com\/de\/wp-json\/wp\/v2\/media?parent=4186"}],"curies":[{"name":"wp","href":"https:\/\/api.w.org\/{rel}","templated":true}]}}